{"id":871,"date":"2022-09-01T17:47:55","date_gmt":"2022-09-01T17:47:55","guid":{"rendered":"https:\/\/valitec.co\/sitioweb\/?post_type=product&#038;p=871"},"modified":"2022-11-25T13:57:10","modified_gmt":"2022-11-25T13:57:10","slug":"desgasificadores","status":"publish","type":"product","link":"https:\/\/valitec.co\/sitioweb\/product\/desgasificadores\/","title":{"rendered":"Desgasificadores"},"content":{"rendered":"","protected":false},"excerpt":{"rendered":"<p>Una de las principales causas de mal funcionamiento de las bombas de alta presi\u00f3n de los equipos de HPLC es el de la formaci\u00f3n de burbujas de aire en el interior de los pistones, con la consiguiente p\u00e9rdida de precisi\u00f3n en el caudal y consiguiente falta de reproducibilidad en las mezclas y gradientes.<\/p>\n<p>Para minimizar este problema es vital asegurar que el eluyente entra en la bomba perfectamente desgasificado.<\/p>\n<p>El empleo de equipos Uniflow de desgasificaci\u00f3n es\u00a0el medio m\u00e1s eficaz, c\u00f3modo y econ\u00f3mico de garantizar una total ausencia de aire disuelto en la fase m\u00f3vil.<br \/>\nEl dise\u00f1o de los desgasificadores Uniflow garantiza una r\u00e1pida estabilizaci\u00f3n gracias a su m\u00ednimo vol\u00famen muerto adem\u00e1s de reducir extraordinariamente la resistencia a la succi\u00f3n que presentan otros equipos del mercado.<\/p>\n<p>El desgasificador Uniflow sustituye con ventaja al cl\u00e1sico desgasificado por helio t\u00edpico en los sistemas de mezcla de baja presi\u00f3n.<\/p>\n<p><strong>Degasys Ultimate<\/strong>\u00a0para aplicaciones de desgasificaci\u00f3n exigentes para caudales\u00a0<strong>semimicro<\/strong>\u00a0y\u00a0<strong>anal\u00edticos Degasys Populaire<\/strong>\u00a0para la desgasificaci\u00f3n\u00a0<strong>anal\u00edtica<\/strong>\u00a0de rutina <strong>Degasys &#8216;el original&#8217;<\/strong>\u00a0para\u00a0<strong>HPLC preparativo<\/strong>\u00a0y para sistemas anal\u00edticos de bajo coste.<\/p>\n","protected":false},"featured_media":872,"template":"","meta":{"_eb_attr":""},"product_brand":[],"product_cat":[63],"product_tag":[],"class_list":{"0":"post-871","1":"product","2":"type-product","3":"status-publish","4":"has-post-thumbnail","6":"product_cat-instrumentacion-de-laboratorio","8":"first","9":"instock","10":"shipping-taxable","11":"product-type-simple"},"_links":{"self":[{"href":"https:\/\/valitec.co\/sitioweb\/wp-json\/wp\/v2\/product\/871","targetHints":{"allow":["GET"]}}],"collection":[{"href":"https:\/\/valitec.co\/sitioweb\/wp-json\/wp\/v2\/product"}],"about":[{"href":"https:\/\/valitec.co\/sitioweb\/wp-json\/wp\/v2\/types\/product"}],"wp:featuredmedia":[{"embeddable":true,"href":"https:\/\/valitec.co\/sitioweb\/wp-json\/wp\/v2\/media\/872"}],"wp:attachment":[{"href":"https:\/\/valitec.co\/sitioweb\/wp-json\/wp\/v2\/media?parent=871"}],"wp:term":[{"taxonomy":"product_brand","embeddable":true,"href":"https:\/\/valitec.co\/sitioweb\/wp-json\/wp\/v2\/product_brand?post=871"},{"taxonomy":"product_cat","embeddable":true,"href":"https:\/\/valitec.co\/sitioweb\/wp-json\/wp\/v2\/product_cat?post=871"},{"taxonomy":"product_tag","embeddable":true,"href":"https:\/\/valitec.co\/sitioweb\/wp-json\/wp\/v2\/product_tag?post=871"}],"curies":[{"name":"wp","href":"https:\/\/api.w.org\/{rel}","templated":true}]}}