{"id":861,"date":"2022-09-01T17:15:48","date_gmt":"2022-09-01T17:15:48","guid":{"rendered":"https:\/\/valitec.co\/sitioweb\/?post_type=product&#038;p=861"},"modified":"2023-03-11T02:24:18","modified_gmt":"2023-03-11T02:24:18","slug":"embudos-para-tapones-de-seguridad","status":"publish","type":"product","link":"https:\/\/valitec.co\/sitioweb\/product\/embudos-para-tapones-de-seguridad\/","title":{"rendered":"Embudos para Tapones de Seguridad"},"content":{"rendered":"","protected":false},"excerpt":{"rendered":"<p>Junto con nuestros usuarios, hemos optimizado a\u00fan m\u00e1s los embudos de seguridad S.C.A.T. El nuevo dise\u00f1o est\u00e1 optimizado para \u00e1reas con techos bajos. Los embudos de PE-HD son adecuados para todo tipo de productos qu\u00edmicos. Los modelos en negro tambi\u00e9n son conductores de electricidad y se entregan con una pinza de conexi\u00f3n a tierra. Los embudos con v\u00e1lvula de bola integrada aseguran que los envases permanezcan cerrados de forma segura despu\u00e9s del llenado.<\/p>\n<p>El tap\u00f3n de rosca gira libremente, lo que facilita el desenroscado del embudo.<\/p>\n","protected":false},"featured_media":862,"template":"","meta":{"_eb_attr":""},"product_brand":[],"product_cat":[66],"product_tag":[],"class_list":{"0":"post-861","1":"product","2":"type-product","3":"status-publish","4":"has-post-thumbnail","6":"product_cat-accesorios-para-cromatografia-liquida","8":"first","9":"instock","10":"shipping-taxable","11":"product-type-simple"},"_links":{"self":[{"href":"https:\/\/valitec.co\/sitioweb\/wp-json\/wp\/v2\/product\/861","targetHints":{"allow":["GET"]}}],"collection":[{"href":"https:\/\/valitec.co\/sitioweb\/wp-json\/wp\/v2\/product"}],"about":[{"href":"https:\/\/valitec.co\/sitioweb\/wp-json\/wp\/v2\/types\/product"}],"wp:featuredmedia":[{"embeddable":true,"href":"https:\/\/valitec.co\/sitioweb\/wp-json\/wp\/v2\/media\/862"}],"wp:attachment":[{"href":"https:\/\/valitec.co\/sitioweb\/wp-json\/wp\/v2\/media?parent=861"}],"wp:term":[{"taxonomy":"product_brand","embeddable":true,"href":"https:\/\/valitec.co\/sitioweb\/wp-json\/wp\/v2\/product_brand?post=861"},{"taxonomy":"product_cat","embeddable":true,"href":"https:\/\/valitec.co\/sitioweb\/wp-json\/wp\/v2\/product_cat?post=861"},{"taxonomy":"product_tag","embeddable":true,"href":"https:\/\/valitec.co\/sitioweb\/wp-json\/wp\/v2\/product_tag?post=861"}],"curies":[{"name":"wp","href":"https:\/\/api.w.org\/{rel}","templated":true}]}}