{"id":857,"date":"2022-09-01T16:56:40","date_gmt":"2022-09-01T16:56:40","guid":{"rendered":"https:\/\/valitec.co\/sitioweb\/?post_type=product&#038;p=857"},"modified":"2023-03-11T02:24:18","modified_gmt":"2023-03-11T02:24:18","slug":"tapones-de-seguridad-sistemas-de-extraccion","status":"publish","type":"product","link":"https:\/\/valitec.co\/sitioweb\/product\/tapones-de-seguridad-sistemas-de-extraccion\/","title":{"rendered":"Tapones de Seguridad Sistemas de Extracci\u00f3n"},"content":{"rendered":"","protected":false},"excerpt":{"rendered":"<p>El sistema de seguridad cerrado de S.C.A.T. Europe ofrece protecci\u00f3n, y asegura un trabajo econ\u00f3mico en el laboratorio.<\/p>\n<p>La nueva y mejorada v\u00e1lvula de aire combina funciones de v\u00e1lvula y filtro. La ventilaci\u00f3n se produce durante la eliminaci\u00f3n\u00a0de\u00a0los vapores nocivos de disolventes que\u00a0son\u00a0bloqueados. Al mismo tiempo, la v\u00e1lvula la membrana absorbe el polvo y las part\u00edculas contaminantes del aire entrante. La v\u00e1lvula tambi\u00e9n se adapta a sus Tapones de Seguridad S.C.A.T. sin modificaci\u00f3n t\u00e9cnica.<\/p>\n<p>El sistema de seguridad cerrado de S.C.A.T. Europe ofrece protecci\u00f3n, y asegura un trabajo econ\u00f3mico en el laboratorio.<\/p>\n<p>La nueva y mejorada v\u00e1lvula de aire combina funciones de v\u00e1lvula y filtro. La ventilaci\u00f3n se produce durante la eliminaci\u00f3n\u00a0de\u00a0los vapores nocivos de disolventes que\u00a0son\u00a0bloqueados. Al mismo tiempo, la v\u00e1lvula la membrana absorbe el polvo y las part\u00edculas contaminantes del aire entrante. La v\u00e1lvula tambi\u00e9n se adapta a sus Tapones de Seguridad S.C.A.T. sin modificaci\u00f3n t\u00e9cnica.<\/p>\n","protected":false},"featured_media":858,"template":"","meta":{"_eb_attr":""},"product_brand":[],"product_cat":[66],"product_tag":[],"class_list":{"0":"post-857","1":"product","2":"type-product","3":"status-publish","4":"has-post-thumbnail","6":"product_cat-accesorios-para-cromatografia-liquida","8":"first","9":"instock","10":"shipping-taxable","11":"product-type-simple"},"_links":{"self":[{"href":"https:\/\/valitec.co\/sitioweb\/wp-json\/wp\/v2\/product\/857","targetHints":{"allow":["GET"]}}],"collection":[{"href":"https:\/\/valitec.co\/sitioweb\/wp-json\/wp\/v2\/product"}],"about":[{"href":"https:\/\/valitec.co\/sitioweb\/wp-json\/wp\/v2\/types\/product"}],"wp:featuredmedia":[{"embeddable":true,"href":"https:\/\/valitec.co\/sitioweb\/wp-json\/wp\/v2\/media\/858"}],"wp:attachment":[{"href":"https:\/\/valitec.co\/sitioweb\/wp-json\/wp\/v2\/media?parent=857"}],"wp:term":[{"taxonomy":"product_brand","embeddable":true,"href":"https:\/\/valitec.co\/sitioweb\/wp-json\/wp\/v2\/product_brand?post=857"},{"taxonomy":"product_cat","embeddable":true,"href":"https:\/\/valitec.co\/sitioweb\/wp-json\/wp\/v2\/product_cat?post=857"},{"taxonomy":"product_tag","embeddable":true,"href":"https:\/\/valitec.co\/sitioweb\/wp-json\/wp\/v2\/product_tag?post=857"}],"curies":[{"name":"wp","href":"https:\/\/api.w.org\/{rel}","templated":true}]}}