{"id":853,"date":"2022-09-01T16:51:11","date_gmt":"2022-09-01T16:51:11","guid":{"rendered":"https:\/\/valitec.co\/sitioweb\/?post_type=product&#038;p=853"},"modified":"2023-03-11T02:24:18","modified_gmt":"2023-03-11T02:24:18","slug":"tuberia-para-baja-presion","status":"publish","type":"product","link":"https:\/\/valitec.co\/sitioweb\/product\/tuberia-para-baja-presion\/","title":{"rendered":"Tuber\u00eda para Baja Presi\u00f3n"},"content":{"rendered":"","protected":false},"excerpt":{"rendered":"<p>El tubo de fluoropol\u00edmero est\u00e1 espec\u00edficamente dise\u00f1ado para aplicaciones m\u00e1s cr\u00edticas, de baja y media presi\u00f3n. La mayor parte de este tubo est\u00e1 dise\u00f1ado con materiales transl\u00facidos o transparentes que facilitan la visualizaci\u00f3n del flujo de fluidos. Ofrecemos una amplia variedad de materiales y tama\u00f1os para satisfacer las necesidades de su sistema. La mayor\u00eda de nuestros tubos est\u00e1n construidos con resinas genuinas Teflon\u2122 FEP y PFA, y resina ETFE Tefzel\u2122 para una excelente compatibilidad qu\u00edmica. Nuestros tubos de flouropolymer son una clara elecci\u00f3n para la mayor\u00eda de los an\u00e1lisis actuales.<\/p>\n","protected":false},"featured_media":854,"template":"","meta":{"_eb_attr":""},"product_brand":[],"product_cat":[66],"product_tag":[],"class_list":{"0":"post-853","1":"product","2":"type-product","3":"status-publish","4":"has-post-thumbnail","6":"product_cat-accesorios-para-cromatografia-liquida","8":"first","9":"instock","10":"shipping-taxable","11":"product-type-simple"},"_links":{"self":[{"href":"https:\/\/valitec.co\/sitioweb\/wp-json\/wp\/v2\/product\/853","targetHints":{"allow":["GET"]}}],"collection":[{"href":"https:\/\/valitec.co\/sitioweb\/wp-json\/wp\/v2\/product"}],"about":[{"href":"https:\/\/valitec.co\/sitioweb\/wp-json\/wp\/v2\/types\/product"}],"wp:featuredmedia":[{"embeddable":true,"href":"https:\/\/valitec.co\/sitioweb\/wp-json\/wp\/v2\/media\/854"}],"wp:attachment":[{"href":"https:\/\/valitec.co\/sitioweb\/wp-json\/wp\/v2\/media?parent=853"}],"wp:term":[{"taxonomy":"product_brand","embeddable":true,"href":"https:\/\/valitec.co\/sitioweb\/wp-json\/wp\/v2\/product_brand?post=853"},{"taxonomy":"product_cat","embeddable":true,"href":"https:\/\/valitec.co\/sitioweb\/wp-json\/wp\/v2\/product_cat?post=853"},{"taxonomy":"product_tag","embeddable":true,"href":"https:\/\/valitec.co\/sitioweb\/wp-json\/wp\/v2\/product_tag?post=853"}],"curies":[{"name":"wp","href":"https:\/\/api.w.org\/{rel}","templated":true}]}}