{"id":851,"date":"2022-09-01T16:48:17","date_gmt":"2022-09-01T16:48:17","guid":{"rendered":"https:\/\/valitec.co\/sitioweb\/?post_type=product&#038;p=851"},"modified":"2023-03-11T02:24:18","modified_gmt":"2023-03-11T02:24:18","slug":"tuberia-para-alta-presion","status":"publish","type":"product","link":"https:\/\/valitec.co\/sitioweb\/product\/tuberia-para-alta-presion\/","title":{"rendered":"Tuber\u00eda para Alta Presi\u00f3n"},"content":{"rendered":"","protected":false},"excerpt":{"rendered":"<p>Nuestros tubos de alta presi\u00f3n son robustos, y est\u00e1n dise\u00f1ados espec\u00edficamente para su uso en aplicaciones de alta y muy alta presi\u00f3n, como UHPLC. Disponemos de tubos en una variedad de materiales, dimensiones y estilos para satisfacer sus aplicaciones espec\u00edficas. Nuestros tubos est\u00e1n disponibles en material biocompatible de PEEK, acero inoxidable duradero y Radel.<\/p>\n","protected":false},"featured_media":852,"template":"","meta":{"_eb_attr":""},"product_brand":[],"product_cat":[66],"product_tag":[],"class_list":{"0":"post-851","1":"product","2":"type-product","3":"status-publish","4":"has-post-thumbnail","6":"product_cat-accesorios-para-cromatografia-liquida","8":"first","9":"instock","10":"shipping-taxable","11":"product-type-simple"},"_links":{"self":[{"href":"https:\/\/valitec.co\/sitioweb\/wp-json\/wp\/v2\/product\/851","targetHints":{"allow":["GET"]}}],"collection":[{"href":"https:\/\/valitec.co\/sitioweb\/wp-json\/wp\/v2\/product"}],"about":[{"href":"https:\/\/valitec.co\/sitioweb\/wp-json\/wp\/v2\/types\/product"}],"wp:featuredmedia":[{"embeddable":true,"href":"https:\/\/valitec.co\/sitioweb\/wp-json\/wp\/v2\/media\/852"}],"wp:attachment":[{"href":"https:\/\/valitec.co\/sitioweb\/wp-json\/wp\/v2\/media?parent=851"}],"wp:term":[{"taxonomy":"product_brand","embeddable":true,"href":"https:\/\/valitec.co\/sitioweb\/wp-json\/wp\/v2\/product_brand?post=851"},{"taxonomy":"product_cat","embeddable":true,"href":"https:\/\/valitec.co\/sitioweb\/wp-json\/wp\/v2\/product_cat?post=851"},{"taxonomy":"product_tag","embeddable":true,"href":"https:\/\/valitec.co\/sitioweb\/wp-json\/wp\/v2\/product_tag?post=851"}],"curies":[{"name":"wp","href":"https:\/\/api.w.org\/{rel}","templated":true}]}}