{"id":4399,"date":"2023-05-03T10:40:50","date_gmt":"2023-05-03T10:40:50","guid":{"rendered":"https:\/\/valitec.co\/sitioweb\/?post_type=product&#038;p=4399"},"modified":"2024-06-23T03:40:52","modified_gmt":"2024-06-23T03:40:52","slug":"jeringas-neuros","status":"publish","type":"product","link":"https:\/\/valitec.co\/sitioweb\/product\/jeringas-neuros\/","title":{"rendered":"Jeringas Neuros"},"content":{"rendered":"","protected":false},"excerpt":{"rendered":"<p>La tecnolog\u00eda de las jeringas Neuros proporciona una funcionalidad sin precedentes para las inyecciones controladas en animales. Las jeringas Neuros dispensan con precisi\u00f3n vol\u00famenes entre 50 nL y 100 \u03bcL a trav\u00e9s de una aguja ultrafina. Desarrollado espec\u00edficamente para aplicaciones de neurociencia, las jeringas Neuros permiten la entrega de microvol\u00famenes a un lugar exacto mientras se minimiza el da\u00f1o en el lugar de la inyecci\u00f3n. Las jeringas Neuros vienen con dos tipos de fundas protectoras para agujas. La funda con tope ciego es perfecta para aplicaciones canuladas y asegura una administraci\u00f3n dirigida con una profundidad de penetraci\u00f3n ajustable. La versi\u00f3n sin tope ciego funciona mejor con soportes estereot\u00e1xicos. Ambos modelos proporcionan una exposici\u00f3n de aguja ajustable de 0 a 20 mm.<\/p>\n<h6><strong><a href=\"https:\/\/www.teknokroma.es\/media\/3673\/hamilton_lq.pdf\">Descarga cat\u00e1logo<\/a><\/strong><\/h6>\n<h6><strong><a href=\"https:\/\/www.teknokroma.es\/media\/4185\/syringe-and-needle-catalog-3.pdf\">Descarga jeringas Hamilton<\/a><\/strong><\/h6>\n<h6 style=\"text-align: center;\"><strong>Fabricante<\/strong><\/h6>\n<p style=\"text-align: center;\"><img decoding=\"async\" class=\"alignnone wp-image-4314\" src=\"https:\/\/valitec.co\/sitioweb\/wp-content\/uploads\/2023\/04\/logo_hamiltoncompany-scaled.gif\" alt=\"\" width=\"258\" height=\"58\" \/><\/p>\n<p style=\"text-align: center;\">\n","protected":false},"featured_media":4398,"template":"","meta":{"_eb_attr":""},"product_brand":[],"product_cat":[119],"product_tag":[],"class_list":{"0":"post-4399","1":"product","2":"type-product","3":"status-publish","4":"has-post-thumbnail","6":"product_cat-jeringas-para-aplicaciones-de-biologia","8":"first","9":"instock","10":"shipping-taxable","11":"product-type-simple"},"_links":{"self":[{"href":"https:\/\/valitec.co\/sitioweb\/wp-json\/wp\/v2\/product\/4399","targetHints":{"allow":["GET"]}}],"collection":[{"href":"https:\/\/valitec.co\/sitioweb\/wp-json\/wp\/v2\/product"}],"about":[{"href":"https:\/\/valitec.co\/sitioweb\/wp-json\/wp\/v2\/types\/product"}],"wp:featuredmedia":[{"embeddable":true,"href":"https:\/\/valitec.co\/sitioweb\/wp-json\/wp\/v2\/media\/4398"}],"wp:attachment":[{"href":"https:\/\/valitec.co\/sitioweb\/wp-json\/wp\/v2\/media?parent=4399"}],"wp:term":[{"taxonomy":"product_brand","embeddable":true,"href":"https:\/\/valitec.co\/sitioweb\/wp-json\/wp\/v2\/product_brand?post=4399"},{"taxonomy":"product_cat","embeddable":true,"href":"https:\/\/valitec.co\/sitioweb\/wp-json\/wp\/v2\/product_cat?post=4399"},{"taxonomy":"product_tag","embeddable":true,"href":"https:\/\/valitec.co\/sitioweb\/wp-json\/wp\/v2\/product_tag?post=4399"}],"curies":[{"name":"wp","href":"https:\/\/api.w.org\/{rel}","templated":true}]}}