{"id":4397,"date":"2023-05-03T10:38:30","date_gmt":"2023-05-03T10:38:30","guid":{"rendered":"https:\/\/valitec.co\/sitioweb\/?post_type=product&#038;p=4397"},"modified":"2024-06-23T03:42:45","modified_gmt":"2024-06-23T03:42:45","slug":"jeringas-para-cromatografia-capa-fina-tlc","status":"publish","type":"product","link":"https:\/\/valitec.co\/sitioweb\/product\/jeringas-para-cromatografia-capa-fina-tlc\/","title":{"rendered":"Jeringas para Cromatograf\u00eda Capa Fina (TLC)"},"content":{"rendered":"","protected":false},"excerpt":{"rendered":"<p>Las agujas de las jeringas de cromatograf\u00eda en capa fina (TLC) est\u00e1n recubiertas desde la punta de 3\/4&#8243; con un revestimiento de PTFE. El revestimiento reduce la tensi\u00f3n superficial entre la aguja y el l\u00edquido, lo que la hace ideal para la localizaci\u00f3n de muestras reproducibles.<\/p>\n<h6><a href=\"https:\/\/www.teknokroma.es\/media\/3673\/hamilton_lq.pdf\">Descarga Cat\u00e1logo<\/a><\/h6>\n<h6><a href=\"https:\/\/www.teknokroma.es\/media\/4185\/syringe-and-needle-catalog-3.pdf\">Descarga jeringas Hamilton<\/a><\/h6>\n<h6 style=\"text-align: center;\">Fabricante<\/h6>\n<p><img decoding=\"async\" class=\"alignnone wp-image-4314 aligncenter\" src=\"https:\/\/valitec.co\/sitioweb\/wp-content\/uploads\/2023\/04\/logo_hamiltoncompany-scaled.gif\" alt=\"\" width=\"245\" height=\"55\" \/><\/p>\n","protected":false},"featured_media":4396,"template":"","meta":{"_eb_attr":""},"product_brand":[],"product_cat":[118],"product_tag":[],"class_list":{"0":"post-4397","1":"product","2":"type-product","3":"status-publish","4":"has-post-thumbnail","6":"product_cat-jeringas-para-cromatografia-capa-fina-tlc","8":"first","9":"instock","10":"shipping-taxable","11":"product-type-simple"},"_links":{"self":[{"href":"https:\/\/valitec.co\/sitioweb\/wp-json\/wp\/v2\/product\/4397","targetHints":{"allow":["GET"]}}],"collection":[{"href":"https:\/\/valitec.co\/sitioweb\/wp-json\/wp\/v2\/product"}],"about":[{"href":"https:\/\/valitec.co\/sitioweb\/wp-json\/wp\/v2\/types\/product"}],"wp:featuredmedia":[{"embeddable":true,"href":"https:\/\/valitec.co\/sitioweb\/wp-json\/wp\/v2\/media\/4396"}],"wp:attachment":[{"href":"https:\/\/valitec.co\/sitioweb\/wp-json\/wp\/v2\/media?parent=4397"}],"wp:term":[{"taxonomy":"product_brand","embeddable":true,"href":"https:\/\/valitec.co\/sitioweb\/wp-json\/wp\/v2\/product_brand?post=4397"},{"taxonomy":"product_cat","embeddable":true,"href":"https:\/\/valitec.co\/sitioweb\/wp-json\/wp\/v2\/product_cat?post=4397"},{"taxonomy":"product_tag","embeddable":true,"href":"https:\/\/valitec.co\/sitioweb\/wp-json\/wp\/v2\/product_tag?post=4397"}],"curies":[{"name":"wp","href":"https:\/\/api.w.org\/{rel}","templated":true}]}}