{"id":4386,"date":"2023-05-03T10:28:41","date_gmt":"2023-05-03T10:28:41","guid":{"rendered":"https:\/\/valitec.co\/sitioweb\/?post_type=product&#038;p=4386"},"modified":"2024-06-23T03:56:12","modified_gmt":"2024-06-23T03:56:12","slug":"jeringas-para-hplc-antec","status":"publish","type":"product","link":"https:\/\/valitec.co\/sitioweb\/product\/jeringas-para-hplc-antec\/","title":{"rendered":"Jeringas para HPLC Antec"},"content":{"rendered":"","protected":false},"excerpt":{"rendered":"<p>Con punta de \u00e9mbolo de politetrafluoroetileno (PTFE) resistente para aplicaciones herm\u00e9ticas a gases, dise\u00f1o econ\u00f3mico para ofrecer un valor real a un precio asequible, tolerancias estrictamente mecanizadas para obtener resultados reproducibles de inyecci\u00f3n a inyecci\u00f3n, y acabado de superficie de barril de vidrio Hamilton para alargar la vida \u00fatil de la jeringa.<\/p>\n<h6><strong><a href=\"https:\/\/www.teknokroma.es\/media\/3673\/hamilton_lq.pdf\">Descarga cat\u00e1logo<\/a><\/strong><\/h6>\n<h6><strong><a href=\"https:\/\/www.teknokroma.es\/media\/4185\/syringe-and-needle-catalog-3.pdf\">Descarga jeringas Hamilton<\/a><\/strong><\/h6>\n<h6 style=\"text-align: center;\"><strong>Fabricante<\/strong><\/h6>\n<p><img decoding=\"async\" class=\"alignnone wp-image-4314 aligncenter\" src=\"https:\/\/valitec.co\/sitioweb\/wp-content\/uploads\/2023\/04\/logo_hamiltoncompany-scaled.gif\" alt=\"\" width=\"236\" height=\"53\" \/><\/p>\n","protected":false},"featured_media":4387,"template":"","meta":{"_eb_attr":""},"product_brand":[],"product_cat":[117],"product_tag":[],"class_list":{"0":"post-4386","1":"product","2":"type-product","3":"status-publish","4":"has-post-thumbnail","6":"product_cat-jeringas-inyector-automatico-hplc","8":"first","9":"instock","10":"shipping-taxable","11":"product-type-simple"},"_links":{"self":[{"href":"https:\/\/valitec.co\/sitioweb\/wp-json\/wp\/v2\/product\/4386","targetHints":{"allow":["GET"]}}],"collection":[{"href":"https:\/\/valitec.co\/sitioweb\/wp-json\/wp\/v2\/product"}],"about":[{"href":"https:\/\/valitec.co\/sitioweb\/wp-json\/wp\/v2\/types\/product"}],"wp:featuredmedia":[{"embeddable":true,"href":"https:\/\/valitec.co\/sitioweb\/wp-json\/wp\/v2\/media\/4387"}],"wp:attachment":[{"href":"https:\/\/valitec.co\/sitioweb\/wp-json\/wp\/v2\/media?parent=4386"}],"wp:term":[{"taxonomy":"product_brand","embeddable":true,"href":"https:\/\/valitec.co\/sitioweb\/wp-json\/wp\/v2\/product_brand?post=4386"},{"taxonomy":"product_cat","embeddable":true,"href":"https:\/\/valitec.co\/sitioweb\/wp-json\/wp\/v2\/product_cat?post=4386"},{"taxonomy":"product_tag","embeddable":true,"href":"https:\/\/valitec.co\/sitioweb\/wp-json\/wp\/v2\/product_tag?post=4386"}],"curies":[{"name":"wp","href":"https:\/\/api.w.org\/{rel}","templated":true}]}}