{"id":4382,"date":"2023-05-03T10:24:29","date_gmt":"2023-05-03T10:24:29","guid":{"rendered":"https:\/\/valitec.co\/sitioweb\/?post_type=product&#038;p=4382"},"modified":"2024-06-23T04:07:12","modified_gmt":"2024-06-23T04:07:12","slug":"jeringas-para-inyectores-automaticos-hplc-ctc-leap-pal","status":"publish","type":"product","link":"https:\/\/valitec.co\/sitioweb\/product\/jeringas-para-inyectores-automaticos-hplc-ctc-leap-pal\/","title":{"rendered":"Jeringas para inyectores autom\u00e1ticos HPLC CTC\/LEAP PAL"},"content":{"rendered":"","protected":false},"excerpt":{"rendered":"<p>Hamilton ofrece 15 opciones de jeringas para el CTC\/Leap LC\/HTC\/HTS PAL, y 3 opciones de jeringas para el CTC\/Leap A200S HPLC Autosampler.<\/p>\n<p>Hamilton ofrece tres variedades de jeringas para el sistema LC\/HTC\/HTS PAL:<\/p>\n<ul>\n<li>Las jeringas de la l\u00ednea\u00a0<strong>S-Line<\/strong>\u00a0ofrecen un rendimiento excepcional para el uso diario en inyecciones de automuestreo HPLC a un gran valor.<\/li>\n<li>Las jeringas\u00a0<strong>C-Line<\/strong>\u00a0minimizan el potencial de las agujas dobladas con un dise\u00f1o de brida enchavetada<\/li>\n<li>Las jeringas\u00a0<strong>tipo X<\/strong>\u00a0est\u00e1n dise\u00f1adas para muestras sensibles de LC (es decir, prote\u00ednas, p\u00e9ptidos, fosfol\u00edpidos, aminas m\u00e1s peque\u00f1as, etc.) con una aguja especialmente recubierta y un barril interno de jeringa para minimizar la adsorci\u00f3n de la muestra.<\/li>\n<\/ul>\n<h6><strong><a href=\"https:\/\/www.teknokroma.es\/media\/3673\/hamilton_lq.pdf\">Descarga cat\u00e1logo<\/a><\/strong><\/h6>\n<h6><strong><a href=\"https:\/\/www.teknokroma.es\/media\/4185\/syringe-and-needle-catalog-3.pdf\">Descarga jeringas Hamilton<\/a><\/strong><\/h6>\n<h6 style=\"text-align: center;\"><strong>Fabricante<\/strong><\/h6>\n<p><img decoding=\"async\" class=\"alignnone wp-image-4314 aligncenter\" src=\"https:\/\/valitec.co\/sitioweb\/wp-content\/uploads\/2023\/04\/logo_hamiltoncompany-scaled.gif\" alt=\"\" width=\"294\" height=\"66\" \/><\/p>\n","protected":false},"featured_media":4366,"template":"","meta":{"_eb_attr":""},"product_brand":[],"product_cat":[117],"product_tag":[],"class_list":{"0":"post-4382","1":"product","2":"type-product","3":"status-publish","4":"has-post-thumbnail","6":"product_cat-jeringas-inyector-automatico-hplc","8":"first","9":"instock","10":"shipping-taxable","11":"product-type-simple"},"_links":{"self":[{"href":"https:\/\/valitec.co\/sitioweb\/wp-json\/wp\/v2\/product\/4382","targetHints":{"allow":["GET"]}}],"collection":[{"href":"https:\/\/valitec.co\/sitioweb\/wp-json\/wp\/v2\/product"}],"about":[{"href":"https:\/\/valitec.co\/sitioweb\/wp-json\/wp\/v2\/types\/product"}],"wp:featuredmedia":[{"embeddable":true,"href":"https:\/\/valitec.co\/sitioweb\/wp-json\/wp\/v2\/media\/4366"}],"wp:attachment":[{"href":"https:\/\/valitec.co\/sitioweb\/wp-json\/wp\/v2\/media?parent=4382"}],"wp:term":[{"taxonomy":"product_brand","embeddable":true,"href":"https:\/\/valitec.co\/sitioweb\/wp-json\/wp\/v2\/product_brand?post=4382"},{"taxonomy":"product_cat","embeddable":true,"href":"https:\/\/valitec.co\/sitioweb\/wp-json\/wp\/v2\/product_cat?post=4382"},{"taxonomy":"product_tag","embeddable":true,"href":"https:\/\/valitec.co\/sitioweb\/wp-json\/wp\/v2\/product_tag?post=4382"}],"curies":[{"name":"wp","href":"https:\/\/api.w.org\/{rel}","templated":true}]}}