{"id":4350,"date":"2023-04-26T21:52:51","date_gmt":"2023-04-26T21:52:51","guid":{"rendered":"https:\/\/valitec.co\/sitioweb\/?post_type=product&#038;p=4350"},"modified":"2023-04-26T21:52:51","modified_gmt":"2023-04-26T21:52:51","slug":"jeringas-samplelock","status":"publish","type":"product","link":"https:\/\/valitec.co\/sitioweb\/product\/jeringas-samplelock\/","title":{"rendered":"Jeringas SampleLock"},"content":{"rendered":"","protected":false},"excerpt":{"rendered":"<p>Las jeringas SampleLock de Hamilton le permiten recoger, almacenar, transportar y analizar muestras l\u00edquidas o gaseosas sin riesgo de p\u00e9rdida por evaporaci\u00f3n o contaminaci\u00f3n ambiental. Las jeringas est\u00e1n disponibles en tama\u00f1os que van desde 50 \u03bcL hasta 100 mL. Una v\u00e1lvula giratoria f\u00e1cil de usar y un tope trasero positivo en SampleLock previene la p\u00e9rdida de muestra y el revent\u00f3n del \u00e9mbolo. La v\u00e1lvula SampleLock tiene roscas opcionales macho Luer y hembra Luer-Lock que hacen que las jeringas sean compatibles con una multitud de conectores y accesorios.<\/p>\n<h6><a href=\"https:\/\/www.teknokroma.es\/media\/3673\/hamilton_lq.pdf\">Descarga cat\u00e1logo<\/a><\/h6>\n<h6><a href=\"https:\/\/www.teknokroma.es\/media\/4185\/syringe-and-needle-catalog-3.pdf\">Descarga jeringas Hamilton<\/a><\/h6>\n<h6 style=\"text-align: center;\">Fabricante<\/h6>\n<p><img decoding=\"async\" class=\"alignnone  wp-image-4314 aligncenter\" src=\"https:\/\/valitec.co\/sitioweb\/wp-content\/uploads\/2023\/04\/logo_hamiltoncompany-scaled.gif\" alt=\"\" width=\"303\" height=\"68\" \/><\/p>\n","protected":false},"featured_media":4351,"template":"","meta":{"_eb_attr":""},"product_brand":[],"product_cat":[114],"product_tag":[],"class_list":{"0":"post-4350","1":"product","2":"type-product","3":"status-publish","4":"has-post-thumbnail","6":"product_cat-jeringas-para-gc-manuales","8":"first","9":"instock","10":"shipping-taxable","11":"product-type-simple"},"_links":{"self":[{"href":"https:\/\/valitec.co\/sitioweb\/wp-json\/wp\/v2\/product\/4350","targetHints":{"allow":["GET"]}}],"collection":[{"href":"https:\/\/valitec.co\/sitioweb\/wp-json\/wp\/v2\/product"}],"about":[{"href":"https:\/\/valitec.co\/sitioweb\/wp-json\/wp\/v2\/types\/product"}],"wp:featuredmedia":[{"embeddable":true,"href":"https:\/\/valitec.co\/sitioweb\/wp-json\/wp\/v2\/media\/4351"}],"wp:attachment":[{"href":"https:\/\/valitec.co\/sitioweb\/wp-json\/wp\/v2\/media?parent=4350"}],"wp:term":[{"taxonomy":"product_brand","embeddable":true,"href":"https:\/\/valitec.co\/sitioweb\/wp-json\/wp\/v2\/product_brand?post=4350"},{"taxonomy":"product_cat","embeddable":true,"href":"https:\/\/valitec.co\/sitioweb\/wp-json\/wp\/v2\/product_cat?post=4350"},{"taxonomy":"product_tag","embeddable":true,"href":"https:\/\/valitec.co\/sitioweb\/wp-json\/wp\/v2\/product_tag?post=4350"}],"curies":[{"name":"wp","href":"https:\/\/api.w.org\/{rel}","templated":true}]}}