{"id":4348,"date":"2023-04-26T21:48:17","date_gmt":"2023-04-26T21:48:17","guid":{"rendered":"https:\/\/valitec.co\/sitioweb\/?post_type=product&#038;p=4348"},"modified":"2023-04-26T21:48:42","modified_gmt":"2023-04-26T21:48:42","slug":"jeringas-purga-y-trampa","status":"publish","type":"product","link":"https:\/\/valitec.co\/sitioweb\/product\/jeringas-purga-y-trampa\/","title":{"rendered":"Jeringas Purga y Trampa"},"content":{"rendered":"","protected":false},"excerpt":{"rendered":"<p>Estas jeringas son ideales para aplicaciones de purga y trampa porque usted puede quitar f\u00e1cilmente el \u00e9mbolo de la jeringa y cargar muestras de agua en el barril de la jeringa. Puede a\u00f1adir una muestra interna est\u00e1ndar o sustituta directamente a su muestra a trav\u00e9s de la v\u00e1lvula de giro con una jeringa de 10 \u00b5L. Tambi\u00e9n puede conectar la jeringa de muestra directamente a la v\u00e1lvula de purga y trampa a trav\u00e9s del conector Luer macho integrado.<\/p>\n<p>Las jeringas de purga y trampa Hamilton de 5 y 25 mL fueron dise\u00f1adas para el an\u00e1lisis de muestras de agua potable de acuerdo con las t\u00e9cnicas de purga y concentraci\u00f3n de trampas de la EPA (v\u00e9anse los m\u00e9todos 502.1,502.2,503.1,524.1 y 524.2 de la EPA).<\/p>\n<h6><a href=\"https:\/\/www.teknokroma.es\/media\/3673\/hamilton_lq.pdf\">Descarga cat\u00e1logo<\/a><\/h6>\n<h6><a href=\"https:\/\/www.teknokroma.es\/media\/4185\/syringe-and-needle-catalog-3.pdf\">Descarga jeringas Hamilton<\/a><\/h6>\n<h6 style=\"text-align: center;\">Fabricante<\/h6>\n<h6><img decoding=\"async\" class=\"alignnone wp-image-4314 aligncenter\" src=\"https:\/\/valitec.co\/sitioweb\/wp-content\/uploads\/2023\/04\/logo_hamiltoncompany-scaled.gif\" alt=\"\" width=\"307\" height=\"69\" \/><\/h6>\n","protected":false},"featured_media":4349,"template":"","meta":{"_eb_attr":""},"product_brand":[],"product_cat":[114],"product_tag":[],"class_list":{"0":"post-4348","1":"product","2":"type-product","3":"status-publish","4":"has-post-thumbnail","6":"product_cat-jeringas-para-gc-manuales","8":"first","9":"instock","10":"shipping-taxable","11":"product-type-simple"},"_links":{"self":[{"href":"https:\/\/valitec.co\/sitioweb\/wp-json\/wp\/v2\/product\/4348","targetHints":{"allow":["GET"]}}],"collection":[{"href":"https:\/\/valitec.co\/sitioweb\/wp-json\/wp\/v2\/product"}],"about":[{"href":"https:\/\/valitec.co\/sitioweb\/wp-json\/wp\/v2\/types\/product"}],"wp:featuredmedia":[{"embeddable":true,"href":"https:\/\/valitec.co\/sitioweb\/wp-json\/wp\/v2\/media\/4349"}],"wp:attachment":[{"href":"https:\/\/valitec.co\/sitioweb\/wp-json\/wp\/v2\/media?parent=4348"}],"wp:term":[{"taxonomy":"product_brand","embeddable":true,"href":"https:\/\/valitec.co\/sitioweb\/wp-json\/wp\/v2\/product_brand?post=4348"},{"taxonomy":"product_cat","embeddable":true,"href":"https:\/\/valitec.co\/sitioweb\/wp-json\/wp\/v2\/product_cat?post=4348"},{"taxonomy":"product_tag","embeddable":true,"href":"https:\/\/valitec.co\/sitioweb\/wp-json\/wp\/v2\/product_tag?post=4348"}],"curies":[{"name":"wp","href":"https:\/\/api.w.org\/{rel}","templated":true}]}}