{"id":4345,"date":"2023-04-26T21:09:12","date_gmt":"2023-04-26T21:09:12","guid":{"rendered":"https:\/\/valitec.co\/sitioweb\/?post_type=product&#038;p=4345"},"modified":"2023-04-26T21:09:12","modified_gmt":"2023-04-26T21:09:12","slug":"jeringas-de-inyeccion-en-columna","status":"publish","type":"product","link":"https:\/\/valitec.co\/sitioweb\/product\/jeringas-de-inyeccion-en-columna\/","title":{"rendered":"Jeringas de Inyecci\u00f3n en Columna"},"content":{"rendered":"","protected":false},"excerpt":{"rendered":"<p>La inyecci\u00f3n en la columna emplea la introducci\u00f3n directa de la muestra l\u00edquida en la columna. Esto es muy \u00fatil para el an\u00e1lisis de muestras t\u00e9rmicamente inestables y evita la discriminaci\u00f3n del punto de ebullici\u00f3n. La inyecci\u00f3n en columna requiere jeringas especiales con las siguientes caracter\u00edsticas:<\/p>\n<ul>\n<li>Agujas de di\u00e1metro exterior peque\u00f1o ajustadas al di\u00e1metro interior de la columna (aguja de 0,17 mm para columnas con di\u00e1metro interior de 0,25 mm, galga 32 para columnas con di\u00e1metro interior de 0,25 mm y galga 26 para columnas con di\u00e1metro interior de 0,53 mm)<\/li>\n<li>Agujas m\u00e1s largas adaptadas para pasar por el inyector y llegar hasta la columna capilar<\/li>\n<li>Estilo de punta 2 adaptado al tabique t\u00edpico del inyector en columna<\/li>\n<li>Vol\u00famenes peque\u00f1os de 5 o 10 \u00b5L<\/li>\n<\/ul>\n<p><a href=\"https:\/\/www.teknokroma.es\/media\/3673\/hamilton_lq.pdf\">Descarga cat\u00e1logo<\/a><\/p>\n<p><a href=\"https:\/\/www.teknokroma.es\/media\/4185\/syringe-and-needle-catalog-3.pdf\">Descarga jeringas Hamilton<\/a><\/p>\n<h6 style=\"text-align: center;\">Fabricante<\/h6>\n<p><img decoding=\"async\" class=\"alignnone  wp-image-4314 aligncenter\" src=\"https:\/\/valitec.co\/sitioweb\/wp-content\/uploads\/2023\/04\/logo_hamiltoncompany-scaled.gif\" alt=\"\" width=\"321\" height=\"72\" \/><\/p>\n","protected":false},"featured_media":4346,"template":"","meta":{"_eb_attr":""},"product_brand":[],"product_cat":[114],"product_tag":[],"class_list":{"0":"post-4345","1":"product","2":"type-product","3":"status-publish","4":"has-post-thumbnail","6":"product_cat-jeringas-para-gc-manuales","8":"first","9":"instock","10":"shipping-taxable","11":"product-type-simple"},"_links":{"self":[{"href":"https:\/\/valitec.co\/sitioweb\/wp-json\/wp\/v2\/product\/4345","targetHints":{"allow":["GET"]}}],"collection":[{"href":"https:\/\/valitec.co\/sitioweb\/wp-json\/wp\/v2\/product"}],"about":[{"href":"https:\/\/valitec.co\/sitioweb\/wp-json\/wp\/v2\/types\/product"}],"wp:featuredmedia":[{"embeddable":true,"href":"https:\/\/valitec.co\/sitioweb\/wp-json\/wp\/v2\/media\/4346"}],"wp:attachment":[{"href":"https:\/\/valitec.co\/sitioweb\/wp-json\/wp\/v2\/media?parent=4345"}],"wp:term":[{"taxonomy":"product_brand","embeddable":true,"href":"https:\/\/valitec.co\/sitioweb\/wp-json\/wp\/v2\/product_brand?post=4345"},{"taxonomy":"product_cat","embeddable":true,"href":"https:\/\/valitec.co\/sitioweb\/wp-json\/wp\/v2\/product_cat?post=4345"},{"taxonomy":"product_tag","embeddable":true,"href":"https:\/\/valitec.co\/sitioweb\/wp-json\/wp\/v2\/product_tag?post=4345"}],"curies":[{"name":"wp","href":"https:\/\/api.w.org\/{rel}","templated":true}]}}