{"id":4341,"date":"2023-04-26T20:44:31","date_gmt":"2023-04-26T20:44:31","guid":{"rendered":"https:\/\/valitec.co\/sitioweb\/?post_type=product&#038;p=4341"},"modified":"2023-04-26T20:45:07","modified_gmt":"2023-04-26T20:45:07","slug":"jeringas-para-analizadores-de-carbono","status":"publish","type":"product","link":"https:\/\/valitec.co\/sitioweb\/product\/jeringas-para-analizadores-de-carbono\/","title":{"rendered":"Jeringas para Analizadores de Carbono"},"content":{"rendered":"","protected":false},"excerpt":{"rendered":"<p>Estas jeringas son para an\u00e1lisis de agua con analizadores de carbono org\u00e1nico total (TOC). Las partes h\u00famedas son de acero inoxidable y vidrio borosilicato. Los \u00e9mbolos y los barriles no son intercambiables ni reemplazables.<\/p>\n<h6><a href=\"https:\/\/www.teknokroma.es\/media\/3673\/hamilton_lq.pdf\">Descarga cat\u00e1logo<\/a><\/h6>\n<h6><a href=\"https:\/\/www.teknokroma.es\/media\/4185\/syringe-and-needle-catalog-3.pdf\">Descarga jeringas Hamilton\u00a0<\/a><\/h6>\n<h6 style=\"text-align: center;\">Fabricante<\/h6>\n<p><img decoding=\"async\" class=\"alignnone wp-image-4314 aligncenter\" src=\"https:\/\/valitec.co\/sitioweb\/wp-content\/uploads\/2023\/04\/logo_hamiltoncompany-scaled.gif\" alt=\"\" width=\"334\" height=\"75\" \/><\/p>\n","protected":false},"featured_media":4342,"template":"","meta":{"_eb_attr":""},"product_brand":[],"product_cat":[113],"product_tag":[],"class_list":{"0":"post-4341","1":"product","2":"type-product","3":"status-publish","4":"has-post-thumbnail","6":"product_cat-jeringas-especiales","8":"first","9":"instock","10":"shipping-taxable","11":"product-type-simple"},"_links":{"self":[{"href":"https:\/\/valitec.co\/sitioweb\/wp-json\/wp\/v2\/product\/4341","targetHints":{"allow":["GET"]}}],"collection":[{"href":"https:\/\/valitec.co\/sitioweb\/wp-json\/wp\/v2\/product"}],"about":[{"href":"https:\/\/valitec.co\/sitioweb\/wp-json\/wp\/v2\/types\/product"}],"wp:featuredmedia":[{"embeddable":true,"href":"https:\/\/valitec.co\/sitioweb\/wp-json\/wp\/v2\/media\/4342"}],"wp:attachment":[{"href":"https:\/\/valitec.co\/sitioweb\/wp-json\/wp\/v2\/media?parent=4341"}],"wp:term":[{"taxonomy":"product_brand","embeddable":true,"href":"https:\/\/valitec.co\/sitioweb\/wp-json\/wp\/v2\/product_brand?post=4341"},{"taxonomy":"product_cat","embeddable":true,"href":"https:\/\/valitec.co\/sitioweb\/wp-json\/wp\/v2\/product_cat?post=4341"},{"taxonomy":"product_tag","embeddable":true,"href":"https:\/\/valitec.co\/sitioweb\/wp-json\/wp\/v2\/product_tag?post=4341"}],"curies":[{"name":"wp","href":"https:\/\/api.w.org\/{rel}","templated":true}]}}