{"id":4339,"date":"2023-04-26T20:42:00","date_gmt":"2023-04-26T20:42:00","guid":{"rendered":"https:\/\/valitec.co\/sitioweb\/?post_type=product&#038;p=4339"},"modified":"2023-04-26T20:42:11","modified_gmt":"2023-04-26T20:42:11","slug":"super-jeringas-2","status":"publish","type":"product","link":"https:\/\/valitec.co\/sitioweb\/product\/super-jeringas-2\/","title":{"rendered":"Super Jeringas"},"content":{"rendered":"","protected":false},"excerpt":{"rendered":"<p>La Super Jeringa de Hamilton es una jeringa para muestras gaseosas de gran volumen. Estas jeringas son ideales para dispensar vol\u00famenes desde 50 mL hasta 2 L. La Super Jeringa es la \u00fanica jeringa Hamilton que se fabrica con un barril acr\u00edlico en lugar de un barril de vidrio.<\/p>\n<h6><a href=\"https:\/\/www.teknokroma.es\/media\/3673\/hamilton_lq.pdf\">Descarga cat\u00e1logo<\/a><\/h6>\n<h6><a href=\"https:\/\/www.teknokroma.es\/media\/4185\/syringe-and-needle-catalog-3.pdf\">Descarga jeringas Hamilton<\/a><\/h6>\n<h6 style=\"text-align: center;\">Fabricante<\/h6>\n<p><img decoding=\"async\" class=\"alignnone wp-image-4314 aligncenter\" src=\"https:\/\/valitec.co\/sitioweb\/wp-content\/uploads\/2023\/04\/logo_hamiltoncompany-scaled.gif\" alt=\"\" width=\"312\" height=\"70\" \/><\/p>\n","protected":false},"featured_media":4340,"template":"","meta":{"_eb_attr":""},"product_brand":[],"product_cat":[113],"product_tag":[],"class_list":{"0":"post-4339","1":"product","2":"type-product","3":"status-publish","4":"has-post-thumbnail","6":"product_cat-jeringas-especiales","8":"first","9":"instock","10":"shipping-taxable","11":"product-type-simple"},"_links":{"self":[{"href":"https:\/\/valitec.co\/sitioweb\/wp-json\/wp\/v2\/product\/4339","targetHints":{"allow":["GET"]}}],"collection":[{"href":"https:\/\/valitec.co\/sitioweb\/wp-json\/wp\/v2\/product"}],"about":[{"href":"https:\/\/valitec.co\/sitioweb\/wp-json\/wp\/v2\/types\/product"}],"wp:featuredmedia":[{"embeddable":true,"href":"https:\/\/valitec.co\/sitioweb\/wp-json\/wp\/v2\/media\/4340"}],"wp:attachment":[{"href":"https:\/\/valitec.co\/sitioweb\/wp-json\/wp\/v2\/media?parent=4339"}],"wp:term":[{"taxonomy":"product_brand","embeddable":true,"href":"https:\/\/valitec.co\/sitioweb\/wp-json\/wp\/v2\/product_brand?post=4339"},{"taxonomy":"product_cat","embeddable":true,"href":"https:\/\/valitec.co\/sitioweb\/wp-json\/wp\/v2\/product_cat?post=4339"},{"taxonomy":"product_tag","embeddable":true,"href":"https:\/\/valitec.co\/sitioweb\/wp-json\/wp\/v2\/product_tag?post=4339"}],"curies":[{"name":"wp","href":"https:\/\/api.w.org\/{rel}","templated":true}]}}