{"id":4337,"date":"2023-04-26T20:40:01","date_gmt":"2023-04-26T20:40:01","guid":{"rendered":"https:\/\/valitec.co\/sitioweb\/?post_type=product&#038;p=4337"},"modified":"2023-04-26T20:40:01","modified_gmt":"2023-04-26T20:40:01","slug":"jeringas-de-fujo-constante","status":"publish","type":"product","link":"https:\/\/valitec.co\/sitioweb\/product\/jeringas-de-fujo-constante\/","title":{"rendered":"Jeringas de Fujo Constante"},"content":{"rendered":"","protected":false},"excerpt":{"rendered":"<p>Las jeringas de flujo constante CR700 tienen vol\u00famenes preestablecidos que se pueden dispensar a un flujo constante. El volumen es ajustable con un tornillo microm\u00e9trico de precisi\u00f3n ajustable. El volumen ajustado puede fijarse con un anillo de bloqueo. La velocidad de inyecci\u00f3n reproducible se obtiene mediante un muelle. La muestra se entrega pulsando el bot\u00f3n. Todas estas caracter\u00edsticas hacen que la jeringa sea f\u00e1cil de usar.<\/p>\n<p>Las aplicaciones t\u00edpicas incluyen:<\/p>\n<p>An\u00e1lisis de carbono<br \/>\nAn\u00e1lisis de aguas residuales<\/p>\n<h6><a href=\"https:\/\/www.teknokroma.es\/media\/3673\/hamilton_lq.pdf\">Descarga cat\u00e1logo<\/a><\/h6>\n<h6><a href=\"https:\/\/www.teknokroma.es\/media\/4185\/syringe-and-needle-catalog-3.pdf\">Descarga jeringas Hamilton<\/a><\/h6>\n<h6 style=\"text-align: center;\">Fabricante<\/h6>\n<p><img decoding=\"async\" class=\"alignnone  wp-image-4314 aligncenter\" src=\"https:\/\/valitec.co\/sitioweb\/wp-content\/uploads\/2023\/04\/logo_hamiltoncompany-scaled.gif\" alt=\"\" width=\"294\" height=\"66\" \/><\/p>\n","protected":false},"featured_media":4338,"template":"","meta":{"_eb_attr":""},"product_brand":[],"product_cat":[113],"product_tag":[],"class_list":{"0":"post-4337","1":"product","2":"type-product","3":"status-publish","4":"has-post-thumbnail","6":"product_cat-jeringas-especiales","8":"first","9":"instock","10":"shipping-taxable","11":"product-type-simple"},"_links":{"self":[{"href":"https:\/\/valitec.co\/sitioweb\/wp-json\/wp\/v2\/product\/4337","targetHints":{"allow":["GET"]}}],"collection":[{"href":"https:\/\/valitec.co\/sitioweb\/wp-json\/wp\/v2\/product"}],"about":[{"href":"https:\/\/valitec.co\/sitioweb\/wp-json\/wp\/v2\/types\/product"}],"wp:featuredmedia":[{"embeddable":true,"href":"https:\/\/valitec.co\/sitioweb\/wp-json\/wp\/v2\/media\/4338"}],"wp:attachment":[{"href":"https:\/\/valitec.co\/sitioweb\/wp-json\/wp\/v2\/media?parent=4337"}],"wp:term":[{"taxonomy":"product_brand","embeddable":true,"href":"https:\/\/valitec.co\/sitioweb\/wp-json\/wp\/v2\/product_brand?post=4337"},{"taxonomy":"product_cat","embeddable":true,"href":"https:\/\/valitec.co\/sitioweb\/wp-json\/wp\/v2\/product_cat?post=4337"},{"taxonomy":"product_tag","embeddable":true,"href":"https:\/\/valitec.co\/sitioweb\/wp-json\/wp\/v2\/product_tag?post=4337"}],"curies":[{"name":"wp","href":"https:\/\/api.w.org\/{rel}","templated":true}]}}