{"id":4335,"date":"2023-04-26T20:37:51","date_gmt":"2023-04-26T20:37:51","guid":{"rendered":"https:\/\/valitec.co\/sitioweb\/?post_type=product&#038;p=4335"},"modified":"2023-04-26T20:38:00","modified_gmt":"2023-04-26T20:38:00","slug":"jeringas-digitales","status":"publish","type":"product","link":"https:\/\/valitec.co\/sitioweb\/product\/jeringas-digitales\/","title":{"rendered":"Jeringas Digitales"},"content":{"rendered":"","protected":false},"excerpt":{"rendered":"<p>Leer las graduaciones es siempre un reto. La jeringa digital Hamilton elimina los errores de paralaje al proporcionar una lectura digital en su pantalla LCD integrada. Un tope de \u00e9mbolo ajustable garantiza una colocaci\u00f3n reproducible del \u00e9mbolo. Consiga f\u00e1cilmente una precisi\u00f3n de hasta el 0,5% mientras dispensa vol\u00famenes desde 500 \u00b5L hasta 50 nL.<\/p>\n<h6><a href=\"https:\/\/www.teknokroma.es\/media\/3673\/hamilton_lq.pdf\">Descarga cat\u00e1logo<\/a><\/h6>\n<h6><a href=\"https:\/\/www.teknokroma.es\/media\/4185\/syringe-and-needle-catalog-3.pdf\">Descarga jeringas Hamilton<\/a><\/h6>\n<h6 style=\"text-align: center;\"><a href=\"https:\/\/www.teknokroma.es\/media\/4185\/syringe-and-needle-catalog-3.pdf\">Fabricante<\/a><\/h6>\n<p><img decoding=\"async\" class=\"alignnone wp-image-4314 aligncenter\" src=\"https:\/\/valitec.co\/sitioweb\/wp-content\/uploads\/2023\/04\/logo_hamiltoncompany-scaled.gif\" alt=\"\" width=\"263\" height=\"59\" \/><\/p>\n","protected":false},"featured_media":4336,"template":"","meta":{"_eb_attr":""},"product_brand":[],"product_cat":[113],"product_tag":[],"class_list":{"0":"post-4335","1":"product","2":"type-product","3":"status-publish","4":"has-post-thumbnail","6":"product_cat-jeringas-especiales","8":"first","9":"instock","10":"shipping-taxable","11":"product-type-simple"},"_links":{"self":[{"href":"https:\/\/valitec.co\/sitioweb\/wp-json\/wp\/v2\/product\/4335","targetHints":{"allow":["GET"]}}],"collection":[{"href":"https:\/\/valitec.co\/sitioweb\/wp-json\/wp\/v2\/product"}],"about":[{"href":"https:\/\/valitec.co\/sitioweb\/wp-json\/wp\/v2\/types\/product"}],"wp:featuredmedia":[{"embeddable":true,"href":"https:\/\/valitec.co\/sitioweb\/wp-json\/wp\/v2\/media\/4336"}],"wp:attachment":[{"href":"https:\/\/valitec.co\/sitioweb\/wp-json\/wp\/v2\/media?parent=4335"}],"wp:term":[{"taxonomy":"product_brand","embeddable":true,"href":"https:\/\/valitec.co\/sitioweb\/wp-json\/wp\/v2\/product_brand?post=4335"},{"taxonomy":"product_cat","embeddable":true,"href":"https:\/\/valitec.co\/sitioweb\/wp-json\/wp\/v2\/product_cat?post=4335"},{"taxonomy":"product_tag","embeddable":true,"href":"https:\/\/valitec.co\/sitioweb\/wp-json\/wp\/v2\/product_tag?post=4335"}],"curies":[{"name":"wp","href":"https:\/\/api.w.org\/{rel}","templated":true}]}}