{"id":4333,"date":"2023-04-26T20:33:42","date_gmt":"2023-04-26T20:33:42","guid":{"rendered":"https:\/\/valitec.co\/sitioweb\/?post_type=product&#038;p=4333"},"modified":"2023-04-26T20:33:42","modified_gmt":"2023-04-26T20:33:42","slug":"jeringas-microliter-serie-900","status":"publish","type":"product","link":"https:\/\/valitec.co\/sitioweb\/product\/jeringas-microliter-serie-900\/","title":{"rendered":"Jeringas Microliter Serie 900"},"content":{"rendered":"","protected":false},"excerpt":{"rendered":"<p>Las jeringas de la serie 900 s\u00f3n la versi\u00f3n econ\u00f3mica de las jeringas de la serie 800. Esta serie de jeringas es ideal para dispensar vol\u00famenes desde 0,5 hasta 10\u00a0\u03bcL. El portajeringas est\u00e1 permanentemente sujeto al barril de la jeringa. Esto reduce el costo inicial de la jeringa, pero elimina la posibilidad de reemplazar los componentes.<\/p>\n<h6><a href=\"https:\/\/www.teknokroma.es\/media\/3673\/hamilton_lq.pdf\">Descarga cat\u00e1logo<\/a><\/h6>\n<h6><a href=\"https:\/\/www.teknokroma.es\/media\/4185\/syringe-and-needle-catalog-3.pdf\">Descarga jeringas Hamilton<\/a><\/h6>\n<h6 style=\"text-align: center;\">Fabricante<\/h6>\n<p><img decoding=\"async\" class=\"alignnone  wp-image-4314 aligncenter\" src=\"https:\/\/valitec.co\/sitioweb\/wp-content\/uploads\/2023\/04\/logo_hamiltoncompany-scaled.gif\" alt=\"\" width=\"272\" height=\"61\" \/><\/p>\n","protected":false},"featured_media":4334,"template":"","meta":{"_eb_attr":""},"product_brand":[],"product_cat":[112],"product_tag":[],"class_list":{"0":"post-4333","1":"product","2":"type-product","3":"status-publish","4":"has-post-thumbnail","6":"product_cat-jeringas-microliter","8":"first","9":"instock","10":"shipping-taxable","11":"product-type-simple"},"_links":{"self":[{"href":"https:\/\/valitec.co\/sitioweb\/wp-json\/wp\/v2\/product\/4333","targetHints":{"allow":["GET"]}}],"collection":[{"href":"https:\/\/valitec.co\/sitioweb\/wp-json\/wp\/v2\/product"}],"about":[{"href":"https:\/\/valitec.co\/sitioweb\/wp-json\/wp\/v2\/types\/product"}],"wp:featuredmedia":[{"embeddable":true,"href":"https:\/\/valitec.co\/sitioweb\/wp-json\/wp\/v2\/media\/4334"}],"wp:attachment":[{"href":"https:\/\/valitec.co\/sitioweb\/wp-json\/wp\/v2\/media?parent=4333"}],"wp:term":[{"taxonomy":"product_brand","embeddable":true,"href":"https:\/\/valitec.co\/sitioweb\/wp-json\/wp\/v2\/product_brand?post=4333"},{"taxonomy":"product_cat","embeddable":true,"href":"https:\/\/valitec.co\/sitioweb\/wp-json\/wp\/v2\/product_cat?post=4333"},{"taxonomy":"product_tag","embeddable":true,"href":"https:\/\/valitec.co\/sitioweb\/wp-json\/wp\/v2\/product_tag?post=4333"}],"curies":[{"name":"wp","href":"https:\/\/api.w.org\/{rel}","templated":true}]}}