{"id":4330,"date":"2023-04-26T19:30:56","date_gmt":"2023-04-26T19:30:56","guid":{"rendered":"https:\/\/valitec.co\/sitioweb\/?post_type=product&#038;p=4330"},"modified":"2023-04-26T20:31:22","modified_gmt":"2023-04-26T20:31:22","slug":"jeringas-microliter-serie-7000","status":"publish","type":"product","link":"https:\/\/valitec.co\/sitioweb\/product\/jeringas-microliter-serie-7000\/","title":{"rendered":"Jeringas Microliter Serie 7000"},"content":{"rendered":"","protected":false},"excerpt":{"rendered":"<p>Las jeringas de la serie 7000 se consideran jeringas Microliter modificadas por su dise\u00f1o \u00fanico. Esta serie de jeringas es ideal para dispensar vol\u00famenes desde 0,05 hasta 5 litros. La serie 7000 es la \u00fanica jeringa de volumen muerto cero. El alambre de \u00e9mbolo de calibre fino se desplaza hasta la punta de la aguja para asegurar que todo el solvente sea expulsado de la aguja.<\/p>\n<h6>Descarga cat\u00e1logo<\/h6>\n<h6>Descarga jeringas Hamilton<\/h6>\n<h6 style=\"text-align: center;\">Fabricante<\/h6>\n<p><img decoding=\"async\" class=\"alignnone wp-image-4314 aligncenter\" src=\"https:\/\/valitec.co\/sitioweb\/wp-content\/uploads\/2023\/04\/logo_hamiltoncompany-scaled.gif\" alt=\"\" width=\"276\" height=\"62\" \/><\/p>\n","protected":false},"featured_media":4331,"template":"","meta":{"_eb_attr":""},"product_brand":[],"product_cat":[112],"product_tag":[],"class_list":{"0":"post-4330","1":"product","2":"type-product","3":"status-publish","4":"has-post-thumbnail","6":"product_cat-jeringas-microliter","8":"first","9":"instock","10":"shipping-taxable","11":"product-type-simple"},"_links":{"self":[{"href":"https:\/\/valitec.co\/sitioweb\/wp-json\/wp\/v2\/product\/4330","targetHints":{"allow":["GET"]}}],"collection":[{"href":"https:\/\/valitec.co\/sitioweb\/wp-json\/wp\/v2\/product"}],"about":[{"href":"https:\/\/valitec.co\/sitioweb\/wp-json\/wp\/v2\/types\/product"}],"wp:featuredmedia":[{"embeddable":true,"href":"https:\/\/valitec.co\/sitioweb\/wp-json\/wp\/v2\/media\/4331"}],"wp:attachment":[{"href":"https:\/\/valitec.co\/sitioweb\/wp-json\/wp\/v2\/media?parent=4330"}],"wp:term":[{"taxonomy":"product_brand","embeddable":true,"href":"https:\/\/valitec.co\/sitioweb\/wp-json\/wp\/v2\/product_brand?post=4330"},{"taxonomy":"product_cat","embeddable":true,"href":"https:\/\/valitec.co\/sitioweb\/wp-json\/wp\/v2\/product_cat?post=4330"},{"taxonomy":"product_tag","embeddable":true,"href":"https:\/\/valitec.co\/sitioweb\/wp-json\/wp\/v2\/product_tag?post=4330"}],"curies":[{"name":"wp","href":"https:\/\/api.w.org\/{rel}","templated":true}]}}