{"id":4328,"date":"2023-04-26T19:26:18","date_gmt":"2023-04-26T19:26:18","guid":{"rendered":"https:\/\/valitec.co\/sitioweb\/?post_type=product&#038;p=4328"},"modified":"2023-04-26T19:26:48","modified_gmt":"2023-04-26T19:26:48","slug":"jeringas-microliter-serie-800","status":"publish","type":"product","link":"https:\/\/valitec.co\/sitioweb\/product\/jeringas-microliter-serie-800\/","title":{"rendered":"Jeringas Microliter Serie 800"},"content":{"rendered":"","protected":false},"excerpt":{"rendered":"<p>Las jeringas de la serie 800 son una versi\u00f3n de \u00e9mbolo reforzado de las jeringas de la serie 700. En las leng\u00fcetas de soporte de la jeringa hay un portajeringas azul. El portajeringas proporciona un punto para sujetar la jeringa que no calentar\u00e1 el barril causando inexactitudes en la dosificaci\u00f3n. Adem\u00e1s, proporciona apoyo a los \u00e9mbolos de peque\u00f1o volumen que son propensos a doblarse durante la inyecci\u00f3n. Esta serie de jeringas es ideal para dispensar vol\u00famenes desde\u00a00.5 \u03bcL\u00a0hasta 250\u00a0\u03bcL. Hay disponibles para esta serie una variedad de diferentes terminaciones y opciones de aguja.<\/p>\n<p>&nbsp;<\/p>\n<h6><a href=\"https:\/\/www.teknokroma.es\/media\/3673\/hamilton_lq.pdf\">Descarga cat\u00e1logo<\/a><\/h6>\n<h6><a href=\"https:\/\/www.teknokroma.es\/media\/4185\/syringe-and-needle-catalog-3.pdf\">Descarga jeringas Hamilton<\/a><\/h6>\n<h6 style=\"text-align: center;\">Fabricante<\/h6>\n<p><img decoding=\"async\" class=\"alignnone wp-image-4314 aligncenter\" src=\"https:\/\/valitec.co\/sitioweb\/wp-content\/uploads\/2023\/04\/logo_hamiltoncompany-scaled.gif\" alt=\"\" width=\"263\" height=\"59\" \/><\/p>\n<h6><\/h6>\n","protected":false},"featured_media":4329,"template":"","meta":{"_eb_attr":""},"product_brand":[],"product_cat":[112],"product_tag":[],"class_list":{"0":"post-4328","1":"product","2":"type-product","3":"status-publish","4":"has-post-thumbnail","6":"product_cat-jeringas-microliter","8":"first","9":"instock","10":"shipping-taxable","11":"product-type-simple"},"_links":{"self":[{"href":"https:\/\/valitec.co\/sitioweb\/wp-json\/wp\/v2\/product\/4328","targetHints":{"allow":["GET"]}}],"collection":[{"href":"https:\/\/valitec.co\/sitioweb\/wp-json\/wp\/v2\/product"}],"about":[{"href":"https:\/\/valitec.co\/sitioweb\/wp-json\/wp\/v2\/types\/product"}],"wp:featuredmedia":[{"embeddable":true,"href":"https:\/\/valitec.co\/sitioweb\/wp-json\/wp\/v2\/media\/4329"}],"wp:attachment":[{"href":"https:\/\/valitec.co\/sitioweb\/wp-json\/wp\/v2\/media?parent=4328"}],"wp:term":[{"taxonomy":"product_brand","embeddable":true,"href":"https:\/\/valitec.co\/sitioweb\/wp-json\/wp\/v2\/product_brand?post=4328"},{"taxonomy":"product_cat","embeddable":true,"href":"https:\/\/valitec.co\/sitioweb\/wp-json\/wp\/v2\/product_cat?post=4328"},{"taxonomy":"product_tag","embeddable":true,"href":"https:\/\/valitec.co\/sitioweb\/wp-json\/wp\/v2\/product_tag?post=4328"}],"curies":[{"name":"wp","href":"https:\/\/api.w.org\/{rel}","templated":true}]}}