{"id":4315,"date":"2023-04-26T19:07:11","date_gmt":"2023-04-26T19:07:11","guid":{"rendered":"https:\/\/valitec.co\/sitioweb\/?post_type=product&#038;p=4315"},"modified":"2023-04-26T19:07:11","modified_gmt":"2023-04-26T19:07:11","slug":"jeringas-gastight-serie-1700","status":"publish","type":"product","link":"https:\/\/valitec.co\/sitioweb\/product\/jeringas-gastight-serie-1700\/","title":{"rendered":"Jeringas Gastight Serie 1700"},"content":{"rendered":"","protected":false},"excerpt":{"rendered":"<p>Las jeringas Gastight son ideales para dispensar l\u00edquidos y gases. Tienen una punta de \u00e9mbolo polim\u00e9rica que crea un sello sin fugas. Tradicionalmente la punta est\u00e1 hecha de PTFE pero se utilizan otros materiales para aplicaciones espec\u00edficas. La punta de pol\u00edmero limpia de muestras el interior del cilindro de la jeringa; Extendiendo la vida de la jeringa para muestras con s\u00f3lidos disueltos como sales, prote\u00ednas o ADN.<br \/>\nLas jeringas Gastight de la serie 1700 son ideales para dispensar vol\u00famenes desde 1 \u03bcL hasta 500\u00a0\u03bcL. Hay disponibles una gran variedad de terminaciones y opciones de aguja, en esta serie tan vers\u00e1til de jeringas.<\/p>\n<h6><a href=\"https:\/\/www.teknokroma.es\/media\/3673\/hamilton_lq.pdf\">Descarga cat\u00e1logo general<\/a><\/h6>\n<h6><a href=\"https:\/\/www.teknokroma.es\/media\/4185\/syringe-and-needle-catalog-3.pdf\">Descarga jeringas Hamilton<\/a><\/h6>\n<h6 style=\"text-align: center;\">Fabricante<\/h6>\n<p><img decoding=\"async\" class=\"alignnone  wp-image-4314 aligncenter\" src=\"https:\/\/valitec.co\/sitioweb\/wp-content\/uploads\/2023\/04\/logo_hamiltoncompany-scaled.gif\" alt=\"\" width=\"276\" height=\"62\" \/><\/p>\n","protected":false},"featured_media":4316,"template":"","meta":{"_eb_attr":""},"product_brand":[],"product_cat":[111],"product_tag":[],"class_list":{"0":"post-4315","1":"product","2":"type-product","3":"status-publish","4":"has-post-thumbnail","6":"product_cat-jeringas-gastight","8":"first","9":"instock","10":"shipping-taxable","11":"product-type-simple"},"_links":{"self":[{"href":"https:\/\/valitec.co\/sitioweb\/wp-json\/wp\/v2\/product\/4315","targetHints":{"allow":["GET"]}}],"collection":[{"href":"https:\/\/valitec.co\/sitioweb\/wp-json\/wp\/v2\/product"}],"about":[{"href":"https:\/\/valitec.co\/sitioweb\/wp-json\/wp\/v2\/types\/product"}],"wp:featuredmedia":[{"embeddable":true,"href":"https:\/\/valitec.co\/sitioweb\/wp-json\/wp\/v2\/media\/4316"}],"wp:attachment":[{"href":"https:\/\/valitec.co\/sitioweb\/wp-json\/wp\/v2\/media?parent=4315"}],"wp:term":[{"taxonomy":"product_brand","embeddable":true,"href":"https:\/\/valitec.co\/sitioweb\/wp-json\/wp\/v2\/product_brand?post=4315"},{"taxonomy":"product_cat","embeddable":true,"href":"https:\/\/valitec.co\/sitioweb\/wp-json\/wp\/v2\/product_cat?post=4315"},{"taxonomy":"product_tag","embeddable":true,"href":"https:\/\/valitec.co\/sitioweb\/wp-json\/wp\/v2\/product_tag?post=4315"}],"curies":[{"name":"wp","href":"https:\/\/api.w.org\/{rel}","templated":true}]}}