{"id":4313,"date":"2023-04-26T19:04:25","date_gmt":"2023-04-26T19:04:25","guid":{"rendered":"https:\/\/valitec.co\/sitioweb\/?post_type=product&#038;p=4313"},"modified":"2023-04-26T19:04:25","modified_gmt":"2023-04-26T19:04:25","slug":"jeringas-gastight-serie-1000","status":"publish","type":"product","link":"https:\/\/valitec.co\/sitioweb\/product\/jeringas-gastight-serie-1000\/","title":{"rendered":"Jeringas Gastight Serie 1000"},"content":{"rendered":"","protected":false},"excerpt":{"rendered":"<p>Las jeringuillas de Gastight son ideales para dispensar tanto l\u00edquidos como gases. El pol\u00edmero del \u00e9mbolo hace\u00a0de sello sin permitir fugas. Tradicionalmente la punta se hace de PTFE pero tambi\u00e9n se usan otros materiales para aplicaciones selectas.<br \/>\nLa punta del pol\u00edmero limpia el interior del barril de la jeringuilla sin la muestra; ampliando la vida de la jeringuilla para muestras con s\u00f3lidos disueltos como las sales, prote\u00ednas o ADN.<\/p>\n<p>Las jeringas Hamilton de la serie 1000 son una jeringas para muestras gaseosas de volumen medio. Esta serie de jeringas s\u00f3n\u00a0ideales para dispensar vol\u00famenes desde 100 \u03bcL hasta 100 ml. Disponibles\u00a0diferentes terminaciones y opciones de aguja\u00a0para\u00a0esta serie.<\/p>\n<p>&nbsp;<\/p>\n<h6><a href=\"https:\/\/www.teknokroma.es\/media\/3673\/hamilton_lq.pdf\">Descarga cat\u00e1logo general<\/a><\/h6>\n<h6><a href=\"https:\/\/www.teknokroma.es\/media\/4185\/syringe-and-needle-catalog-3.pdf\">Descarga jeringas Hamilton<\/a><\/h6>\n<h6 style=\"text-align: center;\">Fabricante<\/h6>\n<p><img decoding=\"async\" class=\"alignnone  wp-image-4314 aligncenter\" src=\"https:\/\/valitec.co\/sitioweb\/wp-content\/uploads\/2023\/04\/logo_hamiltoncompany-scaled.gif\" alt=\"\" width=\"294\" height=\"66\" \/><\/p>\n","protected":false},"featured_media":4312,"template":"","meta":{"_eb_attr":""},"product_brand":[],"product_cat":[111],"product_tag":[],"class_list":{"0":"post-4313","1":"product","2":"type-product","3":"status-publish","4":"has-post-thumbnail","6":"product_cat-jeringas-gastight","8":"first","9":"instock","10":"shipping-taxable","11":"product-type-simple"},"_links":{"self":[{"href":"https:\/\/valitec.co\/sitioweb\/wp-json\/wp\/v2\/product\/4313","targetHints":{"allow":["GET"]}}],"collection":[{"href":"https:\/\/valitec.co\/sitioweb\/wp-json\/wp\/v2\/product"}],"about":[{"href":"https:\/\/valitec.co\/sitioweb\/wp-json\/wp\/v2\/types\/product"}],"wp:featuredmedia":[{"embeddable":true,"href":"https:\/\/valitec.co\/sitioweb\/wp-json\/wp\/v2\/media\/4312"}],"wp:attachment":[{"href":"https:\/\/valitec.co\/sitioweb\/wp-json\/wp\/v2\/media?parent=4313"}],"wp:term":[{"taxonomy":"product_brand","embeddable":true,"href":"https:\/\/valitec.co\/sitioweb\/wp-json\/wp\/v2\/product_brand?post=4313"},{"taxonomy":"product_cat","embeddable":true,"href":"https:\/\/valitec.co\/sitioweb\/wp-json\/wp\/v2\/product_cat?post=4313"},{"taxonomy":"product_tag","embeddable":true,"href":"https:\/\/valitec.co\/sitioweb\/wp-json\/wp\/v2\/product_tag?post=4313"}],"curies":[{"name":"wp","href":"https:\/\/api.w.org\/{rel}","templated":true}]}}