{"id":4243,"date":"2023-04-26T12:39:32","date_gmt":"2023-04-26T12:39:32","guid":{"rendered":"https:\/\/valitec.co\/sitioweb\/?post_type=product&#038;p=4243"},"modified":"2023-04-26T12:39:41","modified_gmt":"2023-04-26T12:39:41","slug":"decapsuladores","status":"publish","type":"product","link":"https:\/\/valitec.co\/sitioweb\/product\/decapsuladores\/","title":{"rendered":"Decapsuladores"},"content":{"rendered":"","protected":false},"excerpt":{"rendered":"<p>Los Decapsuladores permiten la eliminaci\u00f3n de c\u00e1psulas de 8, 11 y 20 mm, con un esfuerzo menor considerable, y elimina el riesgo de romper el vial en el proceso.<br \/>\nEste sistema es ideal para la empresa con pol\u00edtica medioambiental que desea separar los cuatro elementos (la muestra, el vidrio, la tapa y el sello).<br \/>\nTambi\u00e9n disponemos de una gama de decapsuladores de tipo alicates, que permite la f\u00e1cil extracci\u00f3n de la c\u00e1psula con reborde superior de aluminio de los viales de vidrio.<\/p>\n<h6><a href=\"https:\/\/www.teknokroma.es\/media\/3674\/vials_lq.pdf\">Descarga cat\u00e1logo<\/a><\/h6>\n<h6 style=\"text-align: center;\">Fabricante<\/h6>\n<h6><img decoding=\"async\" class=\"alignnone size-full wp-image-4090 aligncenter\" src=\"https:\/\/valitec.co\/sitioweb\/wp-content\/uploads\/2023\/04\/7.png\" alt=\"\" width=\"243\" height=\"66\" srcset=\"https:\/\/valitec.co\/sitioweb\/wp-content\/uploads\/2023\/04\/7.png 243w, https:\/\/valitec.co\/sitioweb\/wp-content\/uploads\/2023\/04\/7-90x24.png 90w\" sizes=\"(max-width: 243px) 100vw, 243px\" \/><\/h6>\n<p>&nbsp;<\/p>\n","protected":false},"featured_media":4241,"template":"","meta":{"_eb_attr":""},"product_brand":[],"product_cat":[109],"product_tag":[],"class_list":{"0":"post-4243","1":"product","2":"type-product","3":"status-publish","4":"has-post-thumbnail","6":"product_cat-capsuladores-y-decapsuladores","8":"first","9":"instock","10":"shipping-taxable","11":"product-type-simple"},"_links":{"self":[{"href":"https:\/\/valitec.co\/sitioweb\/wp-json\/wp\/v2\/product\/4243","targetHints":{"allow":["GET"]}}],"collection":[{"href":"https:\/\/valitec.co\/sitioweb\/wp-json\/wp\/v2\/product"}],"about":[{"href":"https:\/\/valitec.co\/sitioweb\/wp-json\/wp\/v2\/types\/product"}],"wp:featuredmedia":[{"embeddable":true,"href":"https:\/\/valitec.co\/sitioweb\/wp-json\/wp\/v2\/media\/4241"}],"wp:attachment":[{"href":"https:\/\/valitec.co\/sitioweb\/wp-json\/wp\/v2\/media?parent=4243"}],"wp:term":[{"taxonomy":"product_brand","embeddable":true,"href":"https:\/\/valitec.co\/sitioweb\/wp-json\/wp\/v2\/product_brand?post=4243"},{"taxonomy":"product_cat","embeddable":true,"href":"https:\/\/valitec.co\/sitioweb\/wp-json\/wp\/v2\/product_cat?post=4243"},{"taxonomy":"product_tag","embeddable":true,"href":"https:\/\/valitec.co\/sitioweb\/wp-json\/wp\/v2\/product_tag?post=4243"}],"curies":[{"name":"wp","href":"https:\/\/api.w.org\/{rel}","templated":true}]}}