{"id":4216,"date":"2023-04-24T20:34:03","date_gmt":"2023-04-24T20:34:03","guid":{"rendered":"https:\/\/valitec.co\/sitioweb\/?post_type=product&#038;p=4216"},"modified":"2023-04-24T20:34:29","modified_gmt":"2023-04-24T20:34:29","slug":"viales-toc-teknokroma","status":"publish","type":"product","link":"https:\/\/valitec.co\/sitioweb\/product\/viales-toc-teknokroma\/","title":{"rendered":"Viales TOC Teknokroma"},"content":{"rendered":"<h6>Especificaciones<\/h6>\n<table border=\"0\" cellspacing=\"0\">\n<tbody>\n<tr class=\"firstRow\">\n<td valign=\"top\" width=\"83\"><strong>Nombre del producto<\/strong><\/td>\n<td valign=\"top\" width=\"463\">\u00a0EPA VOA Vials Toc Vials<\/td>\n<\/tr>\n<tr>\n<td valign=\"top\" width=\"83\"><strong>Material<\/strong><\/td>\n<td valign=\"top\" width=\"463\">\u00a0USP Type I, Borosilicate glass<\/td>\n<\/tr>\n<tr>\n<td valign=\"top\" width=\"83\"><strong>Volumen<\/strong><\/td>\n<td valign=\"top\" width=\"463\">\u00a040ml<\/td>\n<\/tr>\n<tr>\n<td valign=\"top\" width=\"83\"><strong>Tama\u00f1o del vial<\/strong><\/td>\n<td valign=\"top\" width=\"463\">\u00a027.5x95mm<\/td>\n<\/tr>\n<tr>\n<td valign=\"top\" width=\"83\"><strong>Opciones de vial<\/strong><\/td>\n<td valign=\"top\" width=\"463\">\u00a0Clear and Amber available<\/td>\n<\/tr>\n<tr>\n<td valign=\"top\" width=\"83\"><strong>Opciones de tapon<\/strong><\/td>\n<td valign=\"top\" width=\"463\">\u00a0Black and white pp cap available<\/td>\n<\/tr>\n<tr>\n<td valign=\"top\" width=\"83\"><strong>opciones de septo<\/strong><\/td>\n<td valign=\"top\" width=\"463\">\u00a03mm thickness.\u00a0PTFE\/Silicone septa.<\/td>\n<\/tr>\n<tr>\n<td valign=\"top\" width=\"83\"><strong>Terminaci\u00f3n<\/strong><\/td>\n<td valign=\"top\" width=\"463\">\u00a0ND24mm screw thread<\/td>\n<\/tr>\n<tr>\n<td valign=\"top\" width=\"83\"><strong>Compatible con<\/strong><\/td>\n<td valign=\"top\" width=\"463\">\u00a0C&amp;G Container, EP Scientific\/ Thermo, SUEZ Sievers,Shimadzu, etc<\/td>\n<\/tr>\n<tr>\n<td valign=\"top\" width=\"83\"><strong>Presentaci\u00f3n<\/strong><\/td>\n<td valign=\"top\" width=\"463\">\u00a072pcs\/pp box<\/td>\n<\/tr>\n<\/tbody>\n<\/table>\n<p><img decoding=\"async\" src=\"https:\/\/www.teknokroma.es\/media\/7229\/toc_vials_7.png?width=500&amp;height=500\" alt=\"\" data-id=\"159542\" \/><\/p>\n","protected":false},"excerpt":{"rendered":"<p>Viales EPA VOA TOC de 40ml para aplicaciones de determinaci\u00f3n de Carbono org\u00e1nico total en agua, suelo, aire,\u00a0tambi\u00e9n residuos de plaguicidas, de fabricaci\u00f3n de productos farmac\u00e9uticos y pruebas forenses.<\/p>\n<p>&nbsp;<\/p>\n<p>&#8211; Los viales coinciden con la clase 300 de Thermo, est\u00e1n\u00a0<strong>pre-limpiados y certificados<\/strong>.<\/p>\n<p>&#8211; Certificado Purge&amp;Trap-GC\/MS &lt;10 ppb de part\u00edculas de carbono<\/p>\n<p>&#8211; Disponibles en vidrio de borosilicato<strong>\u00a0transparente.<\/strong><\/p>\n<p>&#8211; Ensamblados con tapas de polipropileno y septos de PTFE\/Silicona.<\/p>\n<p>&#8211; Compatible con Shimadzu, C&amp;G Container, EP Scientific\/ Thermo, SUEZ Sievers, etc.<\/p>\n<h6 style=\"text-align: center;\">Fabricante<\/h6>\n<p><img decoding=\"async\" class=\"alignnone size-full wp-image-4090 aligncenter\" src=\"https:\/\/valitec.co\/sitioweb\/wp-content\/uploads\/2023\/04\/7.png\" alt=\"\" width=\"243\" height=\"66\" srcset=\"https:\/\/valitec.co\/sitioweb\/wp-content\/uploads\/2023\/04\/7.png 243w, https:\/\/valitec.co\/sitioweb\/wp-content\/uploads\/2023\/04\/7-90x24.png 90w\" sizes=\"(max-width: 243px) 100vw, 243px\" \/><\/p>\n<p>&nbsp;<\/p>\n","protected":false},"featured_media":4217,"template":"","meta":{"_eb_attr":""},"product_brand":[],"product_cat":[104],"product_tag":[],"class_list":{"0":"post-4216","1":"product","2":"type-product","3":"status-publish","4":"has-post-thumbnail","6":"product_cat-viales","8":"first","9":"instock","10":"shipping-taxable","11":"product-type-simple"},"_links":{"self":[{"href":"https:\/\/valitec.co\/sitioweb\/wp-json\/wp\/v2\/product\/4216","targetHints":{"allow":["GET"]}}],"collection":[{"href":"https:\/\/valitec.co\/sitioweb\/wp-json\/wp\/v2\/product"}],"about":[{"href":"https:\/\/valitec.co\/sitioweb\/wp-json\/wp\/v2\/types\/product"}],"wp:featuredmedia":[{"embeddable":true,"href":"https:\/\/valitec.co\/sitioweb\/wp-json\/wp\/v2\/media\/4217"}],"wp:attachment":[{"href":"https:\/\/valitec.co\/sitioweb\/wp-json\/wp\/v2\/media?parent=4216"}],"wp:term":[{"taxonomy":"product_brand","embeddable":true,"href":"https:\/\/valitec.co\/sitioweb\/wp-json\/wp\/v2\/product_brand?post=4216"},{"taxonomy":"product_cat","embeddable":true,"href":"https:\/\/valitec.co\/sitioweb\/wp-json\/wp\/v2\/product_cat?post=4216"},{"taxonomy":"product_tag","embeddable":true,"href":"https:\/\/valitec.co\/sitioweb\/wp-json\/wp\/v2\/product_tag?post=4216"}],"curies":[{"name":"wp","href":"https:\/\/api.w.org\/{rel}","templated":true}]}}