{"id":4213,"date":"2023-04-24T20:29:01","date_gmt":"2023-04-24T20:29:01","guid":{"rendered":"https:\/\/valitec.co\/sitioweb\/?post_type=product&#038;p=4213"},"modified":"2023-04-24T20:29:01","modified_gmt":"2023-04-24T20:29:01","slug":"viales-capsulados-snap-it-tk","status":"publish","type":"product","link":"https:\/\/valitec.co\/sitioweb\/product\/viales-capsulados-snap-it-tk\/","title":{"rendered":"Viales Capsulados\/Snap-it TK"},"content":{"rendered":"","protected":false},"excerpt":{"rendered":"<p>Viales capsulados de vidrio transparente, \u00e1mbar y polipropileno, fabricado con vidrio borosilicato calidad superior 33 expansi\u00f3n (Tipo 1, Clase A) o 51 A para vidrios \u00e1mbar. Fondo plano uniforme para seguridad con los insertos.<\/p>\n<p>El vial capsulado de 2 ml de capacidad y 12 x 32 mm de tama\u00f1o, es uno de los m\u00e1s utilizados en el mercado y compatible con la mayor\u00eda de los inyectores autom\u00e1ticos, utilizan c\u00e1psulas de aluminio de 11 mm.<\/p>\n<p>El dise\u00f1o de viales de 2 ml de boca est\u00e1ndar permite la introducci\u00f3n de insertos de di\u00e1metro de 5 mm. El dise\u00f1o de viales de 2 ml de boca ancha permite la introducci\u00f3n dentro de vial de insertos de 6 mm de di\u00e1metro, en ambos casos utiliza c\u00e1psulas de 11 mm<\/p>\n<p>Viales capsulados que combinan inserto\/vial disponibles en diferentes vol\u00famenes desde 1ml, 700 ul, 450 ul, 400 ul, , 300ul, 250 ul. Tama\u00f1o vial 12 x 32, y utilizan capsulas de 11 mm<\/p>\n<p>Los microviales de boca precinto utilizan c\u00e1psulas de 8 mm para equipos de Perkin Elmer para capacidades de 800 ul, y para Waters 96 con vol\u00famenes de 1 y 1,2 ml y para Agilent con capacidad de 600 y 800 ul<\/p>\n<h6><a href=\"https:\/\/www.teknokroma.es\/media\/3674\/vials_lq.pdf\">Descarga cat\u00e1logo<\/a><\/h6>\n<h6 style=\"text-align: center;\">Fabricante<\/h6>\n<p><img decoding=\"async\" class=\"alignnone size-full wp-image-4090 aligncenter\" src=\"https:\/\/valitec.co\/sitioweb\/wp-content\/uploads\/2023\/04\/7.png\" alt=\"\" width=\"243\" height=\"66\" srcset=\"https:\/\/valitec.co\/sitioweb\/wp-content\/uploads\/2023\/04\/7.png 243w, https:\/\/valitec.co\/sitioweb\/wp-content\/uploads\/2023\/04\/7-90x24.png 90w\" sizes=\"(max-width: 243px) 100vw, 243px\" \/><\/p>\n","protected":false},"featured_media":4214,"template":"","meta":{"_eb_attr":""},"product_brand":[],"product_cat":[104],"product_tag":[],"class_list":{"0":"post-4213","1":"product","2":"type-product","3":"status-publish","4":"has-post-thumbnail","6":"product_cat-viales","8":"first","9":"instock","10":"shipping-taxable","11":"product-type-simple"},"_links":{"self":[{"href":"https:\/\/valitec.co\/sitioweb\/wp-json\/wp\/v2\/product\/4213","targetHints":{"allow":["GET"]}}],"collection":[{"href":"https:\/\/valitec.co\/sitioweb\/wp-json\/wp\/v2\/product"}],"about":[{"href":"https:\/\/valitec.co\/sitioweb\/wp-json\/wp\/v2\/types\/product"}],"wp:featuredmedia":[{"embeddable":true,"href":"https:\/\/valitec.co\/sitioweb\/wp-json\/wp\/v2\/media\/4214"}],"wp:attachment":[{"href":"https:\/\/valitec.co\/sitioweb\/wp-json\/wp\/v2\/media?parent=4213"}],"wp:term":[{"taxonomy":"product_brand","embeddable":true,"href":"https:\/\/valitec.co\/sitioweb\/wp-json\/wp\/v2\/product_brand?post=4213"},{"taxonomy":"product_cat","embeddable":true,"href":"https:\/\/valitec.co\/sitioweb\/wp-json\/wp\/v2\/product_cat?post=4213"},{"taxonomy":"product_tag","embeddable":true,"href":"https:\/\/valitec.co\/sitioweb\/wp-json\/wp\/v2\/product_tag?post=4213"}],"curies":[{"name":"wp","href":"https:\/\/api.w.org\/{rel}","templated":true}]}}