{"id":4207,"date":"2023-04-24T20:20:28","date_gmt":"2023-04-24T20:20:28","guid":{"rendered":"https:\/\/valitec.co\/sitioweb\/?post_type=product&#038;p=4207"},"modified":"2023-04-24T20:20:28","modified_gmt":"2023-04-24T20:20:28","slug":"kits-de-viales-certificados-para-ms","status":"publish","type":"product","link":"https:\/\/valitec.co\/sitioweb\/product\/kits-de-viales-certificados-para-ms\/","title":{"rendered":"Kits de Viales Certificados para MS"},"content":{"rendered":"","protected":false},"excerpt":{"rendered":"<p>Kits de Viales Certificados para MS<\/p>\n<p>&nbsp;<\/p>\n<p>Los kits certificados (viales, tapones y septum) permiten asegurar al usuario la calidad y trazabilidad de los kits con los que est\u00e1 trabajando.<\/p>\n<p>Los kits de viales certificados est\u00e1n completamente probados por lotes, incluido el an\u00e1lisis por HPLC y GC para 15 par\u00e1metros cr\u00edticos<\/p>\n<p>Viales con inserto fijo o base c\u00f3nica para muestreo limitado<\/p>\n<p>Vidrio borosilicato de superior calidad tipo 1 Clase A o \u00e1mbar 51 A Tipo 1 Clase B<\/p>\n<h6><a href=\"https:\/\/www.teknokroma.es\/media\/3674\/vials_lq.pdf\">Descarga el cat\u00e1logo<\/a><\/h6>\n<h6 style=\"text-align: center;\">Fabricante<\/h6>\n<h6><img decoding=\"async\" class=\"alignnone size-full wp-image-4109 aligncenter\" src=\"https:\/\/valitec.co\/sitioweb\/wp-content\/uploads\/2023\/04\/16.png\" alt=\"\" width=\"260\" height=\"96\" srcset=\"https:\/\/valitec.co\/sitioweb\/wp-content\/uploads\/2023\/04\/16.png 260w, https:\/\/valitec.co\/sitioweb\/wp-content\/uploads\/2023\/04\/16-90x33.png 90w\" sizes=\"(max-width: 260px) 100vw, 260px\" \/><\/h6>\n","protected":false},"featured_media":4208,"template":"","meta":{"_eb_attr":""},"product_brand":[],"product_cat":[104],"product_tag":[],"class_list":{"0":"post-4207","1":"product","2":"type-product","3":"status-publish","4":"has-post-thumbnail","6":"product_cat-viales","8":"first","9":"instock","10":"shipping-taxable","11":"product-type-simple"},"_links":{"self":[{"href":"https:\/\/valitec.co\/sitioweb\/wp-json\/wp\/v2\/product\/4207","targetHints":{"allow":["GET"]}}],"collection":[{"href":"https:\/\/valitec.co\/sitioweb\/wp-json\/wp\/v2\/product"}],"about":[{"href":"https:\/\/valitec.co\/sitioweb\/wp-json\/wp\/v2\/types\/product"}],"wp:featuredmedia":[{"embeddable":true,"href":"https:\/\/valitec.co\/sitioweb\/wp-json\/wp\/v2\/media\/4208"}],"wp:attachment":[{"href":"https:\/\/valitec.co\/sitioweb\/wp-json\/wp\/v2\/media?parent=4207"}],"wp:term":[{"taxonomy":"product_brand","embeddable":true,"href":"https:\/\/valitec.co\/sitioweb\/wp-json\/wp\/v2\/product_brand?post=4207"},{"taxonomy":"product_cat","embeddable":true,"href":"https:\/\/valitec.co\/sitioweb\/wp-json\/wp\/v2\/product_cat?post=4207"},{"taxonomy":"product_tag","embeddable":true,"href":"https:\/\/valitec.co\/sitioweb\/wp-json\/wp\/v2\/product_tag?post=4207"}],"curies":[{"name":"wp","href":"https:\/\/api.w.org\/{rel}","templated":true}]}}