{"id":4204,"date":"2023-04-24T20:17:27","date_gmt":"2023-04-24T20:17:27","guid":{"rendered":"https:\/\/valitec.co\/sitioweb\/?post_type=product&#038;p=4204"},"modified":"2023-04-24T20:18:18","modified_gmt":"2023-04-24T20:18:18","slug":"microviales","status":"publish","type":"product","link":"https:\/\/valitec.co\/sitioweb\/product\/microviales\/","title":{"rendered":"Microviales"},"content":{"rendered":"","protected":false},"excerpt":{"rendered":"<p>Los microviales est\u00e1n formados por un vial est\u00e1ndar de 12 x 32 mm y un inserto dentro del vial que est\u00e1 fundido en la cabeza y en el fondo.<\/p>\n<p>Los vol\u00famenes de la combinaci\u00f3n inserto\/vial est\u00e1n entre 150 \u00b5l y 1,5 ml.\u00a0Disponibles en vidrio transparente, \u00e1mbar, y polipropileno, con boca precinto, boca rosca y Snap-it y cierres de 9 mm, 11 mm y 8-425, 10-425 y 13-425.<\/p>\n<h6 style=\"text-align: left;\">Descarga cat\u00e1logo<\/h6>\n<h6 style=\"text-align: center;\">Fabricante<\/h6>\n<p><img decoding=\"async\" class=\"size-full wp-image-4109 aligncenter\" src=\"https:\/\/valitec.co\/sitioweb\/wp-content\/uploads\/2023\/04\/16.png\" alt=\"\" width=\"260\" height=\"96\" srcset=\"https:\/\/valitec.co\/sitioweb\/wp-content\/uploads\/2023\/04\/16.png 260w, https:\/\/valitec.co\/sitioweb\/wp-content\/uploads\/2023\/04\/16-90x33.png 90w\" sizes=\"(max-width: 260px) 100vw, 260px\" \/><\/p>\n","protected":false},"featured_media":4205,"template":"","meta":{"_eb_attr":""},"product_brand":[],"product_cat":[104],"product_tag":[],"class_list":{"0":"post-4204","1":"product","2":"type-product","3":"status-publish","4":"has-post-thumbnail","6":"product_cat-viales","8":"first","9":"instock","10":"shipping-taxable","11":"product-type-simple"},"_links":{"self":[{"href":"https:\/\/valitec.co\/sitioweb\/wp-json\/wp\/v2\/product\/4204","targetHints":{"allow":["GET"]}}],"collection":[{"href":"https:\/\/valitec.co\/sitioweb\/wp-json\/wp\/v2\/product"}],"about":[{"href":"https:\/\/valitec.co\/sitioweb\/wp-json\/wp\/v2\/types\/product"}],"wp:featuredmedia":[{"embeddable":true,"href":"https:\/\/valitec.co\/sitioweb\/wp-json\/wp\/v2\/media\/4205"}],"wp:attachment":[{"href":"https:\/\/valitec.co\/sitioweb\/wp-json\/wp\/v2\/media?parent=4204"}],"wp:term":[{"taxonomy":"product_brand","embeddable":true,"href":"https:\/\/valitec.co\/sitioweb\/wp-json\/wp\/v2\/product_brand?post=4204"},{"taxonomy":"product_cat","embeddable":true,"href":"https:\/\/valitec.co\/sitioweb\/wp-json\/wp\/v2\/product_cat?post=4204"},{"taxonomy":"product_tag","embeddable":true,"href":"https:\/\/valitec.co\/sitioweb\/wp-json\/wp\/v2\/product_tag?post=4204"}],"curies":[{"name":"wp","href":"https:\/\/api.w.org\/{rel}","templated":true}]}}