{"id":4202,"date":"2023-04-24T20:15:20","date_gmt":"2023-04-24T20:15:20","guid":{"rendered":"https:\/\/valitec.co\/sitioweb\/?post_type=product&#038;p=4202"},"modified":"2023-04-24T20:15:20","modified_gmt":"2023-04-24T20:15:20","slug":"viales-para-inyectores-automaticos","status":"publish","type":"product","link":"https:\/\/valitec.co\/sitioweb\/product\/viales-para-inyectores-automaticos\/","title":{"rendered":"Viales para Inyectores Autom\u00e1ticos"},"content":{"rendered":"","protected":false},"excerpt":{"rendered":"<p>Viales y para los requisitos de sus aplicaciones y muestreadores autom\u00e1ticos para procedimientos de GC, LC y LC-MS.<\/p>\n<p><strong>Vial de V\u00eddrio Transparente Roscado<\/strong>: 8mm Vial de V\u00eddrio Transparente Roscado, 9mm Vial de V\u00eddrio Transparente Roscado, 10mm Viales de V\u00eddrio Transparente, Roscado, Boca Ancha, 13mm Vial de V\u00eddrio Transparente Roscado, 4 mL (13mm) Screw Thread Vials<br \/>\n<strong>Vial de V\u00eddrio Transparente Capsulado\/Snap<\/strong>: 8mm Vial de V\u00eddrio Transparente Capsulado, 11mm Viales de V\u00eddrio Transparente Capsulados, 13mm Viales de V\u00eddrio Transparente Capsulado\/Snap<br \/>\n<strong>Vial Ambar Roscado<\/strong>: 8mm Viales Ambar Roscados, 9mm Viales Ambar Roscados, Boca Ancha, 10mm Viales Ambar Roscados, Boca Ancha,<br \/>\n<strong>Vial Ambar Capsulado\/Snap:<\/strong>\u00a011mm Viales Ambar Capsulados\/Snap, 8mm Viales Ambar Capsulados<br \/>\n<strong>Vial Plastico Roscado<\/strong>: 8mm Viales Roscados de Plastico, 10mm Viales Roscados de Plastico<br \/>\n<strong>Viales Capsulado\/Snap de Plastico<\/strong>: 11mm Viales de Plastico Capsulados\/Snap para Inyector Autom\u00e1tico<\/p>\n<h6><\/h6>\n<h6 style=\"text-align: center;\">Fabricante<\/h6>\n<p><img decoding=\"async\" class=\"alignnone size-full wp-image-4109 aligncenter\" src=\"https:\/\/valitec.co\/sitioweb\/wp-content\/uploads\/2023\/04\/16.png\" alt=\"\" width=\"260\" height=\"96\" srcset=\"https:\/\/valitec.co\/sitioweb\/wp-content\/uploads\/2023\/04\/16.png 260w, https:\/\/valitec.co\/sitioweb\/wp-content\/uploads\/2023\/04\/16-90x33.png 90w\" sizes=\"(max-width: 260px) 100vw, 260px\" \/><\/p>\n","protected":false},"featured_media":4203,"template":"","meta":{"_eb_attr":""},"product_brand":[],"product_cat":[104],"product_tag":[],"class_list":{"0":"post-4202","1":"product","2":"type-product","3":"status-publish","4":"has-post-thumbnail","6":"product_cat-viales","8":"first","9":"instock","10":"shipping-taxable","11":"product-type-simple"},"_links":{"self":[{"href":"https:\/\/valitec.co\/sitioweb\/wp-json\/wp\/v2\/product\/4202","targetHints":{"allow":["GET"]}}],"collection":[{"href":"https:\/\/valitec.co\/sitioweb\/wp-json\/wp\/v2\/product"}],"about":[{"href":"https:\/\/valitec.co\/sitioweb\/wp-json\/wp\/v2\/types\/product"}],"wp:featuredmedia":[{"embeddable":true,"href":"https:\/\/valitec.co\/sitioweb\/wp-json\/wp\/v2\/media\/4203"}],"wp:attachment":[{"href":"https:\/\/valitec.co\/sitioweb\/wp-json\/wp\/v2\/media?parent=4202"}],"wp:term":[{"taxonomy":"product_brand","embeddable":true,"href":"https:\/\/valitec.co\/sitioweb\/wp-json\/wp\/v2\/product_brand?post=4202"},{"taxonomy":"product_cat","embeddable":true,"href":"https:\/\/valitec.co\/sitioweb\/wp-json\/wp\/v2\/product_cat?post=4202"},{"taxonomy":"product_tag","embeddable":true,"href":"https:\/\/valitec.co\/sitioweb\/wp-json\/wp\/v2\/product_tag?post=4202"}],"curies":[{"name":"wp","href":"https:\/\/api.w.org\/{rel}","templated":true}]}}