{"id":4199,"date":"2023-04-24T19:38:08","date_gmt":"2023-04-24T19:38:08","guid":{"rendered":"https:\/\/valitec.co\/sitioweb\/?post_type=product&#038;p=4199"},"modified":"2023-04-24T19:38:34","modified_gmt":"2023-04-24T19:38:34","slug":"viales-para-head-space","status":"publish","type":"product","link":"https:\/\/valitec.co\/sitioweb\/product\/viales-para-head-space\/","title":{"rendered":"Viales para Head Space"},"content":{"rendered":"","protected":false},"excerpt":{"rendered":"<h2 class=\"tiny-subtitle\">Viales de Espacio de cabeza Capsulados<\/h2>\n<p>Todos los viales de Espacio de Cabeza est\u00e1n fabricados para proporcionar un espesor de pared uniforme, que garantice una distribuci\u00f3n de calor para una fiabilidad de muestreo constante.<\/p>\n<p>Disponibles en 6ml, 10 ml,20 ml y 27 ml<\/p>\n<h2 class=\"tiny-subtitle\">Viales de Espacio de cabeza Roscado<\/h2>\n<p>Los Viales de espacio de cabeza roscados, septa y tapones est\u00e1n dise\u00f1ados especialmente para su uso con Agilent y otros muestreadores de brazos giratorios o rob\u00f3ticos<\/p>\n<p>Disponible en 10ml y 20 ml<\/p>\n<p>&nbsp;<\/p>\n<p>Los viales de espacio de cabeza cumplen o superan las especificaciones de los OEM para garantizar la compatibilidad con el automuestreador.<\/p>\n<h6><a href=\"https:\/\/www.teknokroma.es\/media\/3674\/vials_lq.pdf\">Descarga cat\u00e1logo<\/a><\/h6>\n<h6 style=\"text-align: center;\">Fabricante<\/h6>\n<p><img decoding=\"async\" class=\"alignnone size-full wp-image-4109 aligncenter\" src=\"https:\/\/valitec.co\/sitioweb\/wp-content\/uploads\/2023\/04\/16.png\" alt=\"\" width=\"260\" height=\"96\" srcset=\"https:\/\/valitec.co\/sitioweb\/wp-content\/uploads\/2023\/04\/16.png 260w, https:\/\/valitec.co\/sitioweb\/wp-content\/uploads\/2023\/04\/16-90x33.png 90w\" sizes=\"(max-width: 260px) 100vw, 260px\" \/><\/p>\n<p>&nbsp;<\/p>\n","protected":false},"featured_media":4200,"template":"","meta":{"_eb_attr":""},"product_brand":[],"product_cat":[104],"product_tag":[],"class_list":{"0":"post-4199","1":"product","2":"type-product","3":"status-publish","4":"has-post-thumbnail","6":"product_cat-viales","8":"first","9":"instock","10":"shipping-taxable","11":"product-type-simple"},"_links":{"self":[{"href":"https:\/\/valitec.co\/sitioweb\/wp-json\/wp\/v2\/product\/4199","targetHints":{"allow":["GET"]}}],"collection":[{"href":"https:\/\/valitec.co\/sitioweb\/wp-json\/wp\/v2\/product"}],"about":[{"href":"https:\/\/valitec.co\/sitioweb\/wp-json\/wp\/v2\/types\/product"}],"wp:featuredmedia":[{"embeddable":true,"href":"https:\/\/valitec.co\/sitioweb\/wp-json\/wp\/v2\/media\/4200"}],"wp:attachment":[{"href":"https:\/\/valitec.co\/sitioweb\/wp-json\/wp\/v2\/media?parent=4199"}],"wp:term":[{"taxonomy":"product_brand","embeddable":true,"href":"https:\/\/valitec.co\/sitioweb\/wp-json\/wp\/v2\/product_brand?post=4199"},{"taxonomy":"product_cat","embeddable":true,"href":"https:\/\/valitec.co\/sitioweb\/wp-json\/wp\/v2\/product_cat?post=4199"},{"taxonomy":"product_tag","embeddable":true,"href":"https:\/\/valitec.co\/sitioweb\/wp-json\/wp\/v2\/product_tag?post=4199"}],"curies":[{"name":"wp","href":"https:\/\/api.w.org\/{rel}","templated":true}]}}