{"id":4197,"date":"2023-04-24T19:34:10","date_gmt":"2023-04-24T19:34:10","guid":{"rendered":"https:\/\/valitec.co\/sitioweb\/?post_type=product&#038;p=4197"},"modified":"2023-04-24T19:34:50","modified_gmt":"2023-04-24T19:34:50","slug":"viales-para-analizadores-automaticos-toc","status":"publish","type":"product","link":"https:\/\/valitec.co\/sitioweb\/product\/viales-para-analizadores-automaticos-toc\/","title":{"rendered":"Viales para Analizadores autom\u00e1ticos TOC"},"content":{"rendered":"","protected":false},"excerpt":{"rendered":"<p>Viales con certificados de bajo nivel de part\u00edculas para el an\u00e1lisis y muestreo de carbono org\u00e1nico total. Los productos con certificado para TOC est\u00e1n fabricados, envasados y probados de conformidad con las normativas.<\/p>\n<p>&nbsp;<\/p>\n<p>Hay dos modelos de viales de vidrio de 12 x 96 mm National Scientific\u2122 para analizadores TOC automatizados: con la parte superior abierta o con boca roscada.<\/p>\n<p>&#8211; Volumen m\u00e1ximo de llenado:<strong>\u00a05 ml<\/strong><\/p>\n<p>&#8211;\u00a0Vidrio borosilicato transparente de calidad superior\u00a0<strong>N-51A<\/strong><\/p>\n<p>&#8211;\u00a0El vial de muestras de 5 ml es espec\u00edfico para el vial con boca roscada\u00a0<strong>Shimadzu\u2122 modelo ASI-5000<\/strong>\u00a0con cierres\u00a0<strong>10-425<\/strong><\/p>\n<p><strong>\u00a0 est\u00e1ndar<\/strong>\u00a0(incluido con el producto ya preparado).<\/p>\n<p>&#8211;\u00a0El vial de parte superior abierta.<\/p>\n<p><a href=\"https:\/\/www.teknokroma.es\/media\/3674\/vials_lq.pdf\">Descarga cat\u00e1logo<\/a><\/p>\n<h6 style=\"text-align: center;\">Fabricante<\/h6>\n<p><img decoding=\"async\" class=\"alignnone size-full wp-image-4109 aligncenter\" src=\"https:\/\/valitec.co\/sitioweb\/wp-content\/uploads\/2023\/04\/16.png\" alt=\"\" width=\"260\" height=\"96\" srcset=\"https:\/\/valitec.co\/sitioweb\/wp-content\/uploads\/2023\/04\/16.png 260w, https:\/\/valitec.co\/sitioweb\/wp-content\/uploads\/2023\/04\/16-90x33.png 90w\" sizes=\"(max-width: 260px) 100vw, 260px\" \/><\/p>\n<p>&nbsp;<\/p>\n","protected":false},"featured_media":4198,"template":"","meta":{"_eb_attr":""},"product_brand":[],"product_cat":[104],"product_tag":[],"class_list":{"0":"post-4197","1":"product","2":"type-product","3":"status-publish","4":"has-post-thumbnail","6":"product_cat-viales","8":"first","9":"instock","10":"shipping-taxable","11":"product-type-simple"},"_links":{"self":[{"href":"https:\/\/valitec.co\/sitioweb\/wp-json\/wp\/v2\/product\/4197","targetHints":{"allow":["GET"]}}],"collection":[{"href":"https:\/\/valitec.co\/sitioweb\/wp-json\/wp\/v2\/product"}],"about":[{"href":"https:\/\/valitec.co\/sitioweb\/wp-json\/wp\/v2\/types\/product"}],"wp:featuredmedia":[{"embeddable":true,"href":"https:\/\/valitec.co\/sitioweb\/wp-json\/wp\/v2\/media\/4198"}],"wp:attachment":[{"href":"https:\/\/valitec.co\/sitioweb\/wp-json\/wp\/v2\/media?parent=4197"}],"wp:term":[{"taxonomy":"product_brand","embeddable":true,"href":"https:\/\/valitec.co\/sitioweb\/wp-json\/wp\/v2\/product_brand?post=4197"},{"taxonomy":"product_cat","embeddable":true,"href":"https:\/\/valitec.co\/sitioweb\/wp-json\/wp\/v2\/product_cat?post=4197"},{"taxonomy":"product_tag","embeddable":true,"href":"https:\/\/valitec.co\/sitioweb\/wp-json\/wp\/v2\/product_tag?post=4197"}],"curies":[{"name":"wp","href":"https:\/\/api.w.org\/{rel}","templated":true}]}}