{"id":4192,"date":"2023-04-24T19:27:13","date_gmt":"2023-04-24T19:27:13","guid":{"rendered":"https:\/\/valitec.co\/sitioweb\/?post_type=product&#038;p=4192"},"modified":"2023-04-24T19:27:13","modified_gmt":"2023-04-24T19:27:13","slug":"viales-roscados","status":"publish","type":"product","link":"https:\/\/valitec.co\/sitioweb\/product\/viales-roscados\/","title":{"rendered":"Viales Roscados"},"content":{"rendered":"","protected":false},"excerpt":{"rendered":"<p>Viales roscados de vidrio transparente, \u00e1mbar y polipropileno, fabricado con vidrio borosilicato calidad superior 33 expansi\u00f3n (Tipo 1, Clase A) o 51 A para vidrios \u00e1mbar. Fondo plano uniforme para seguridad con los insertos.<\/p>\n<p>Los tapones para viales roscados tienen diferentes tipos de roscas en funci\u00f3n de los distintos fabricantes de inyectores autom\u00e1ticos.<\/p>\n<p>Tap\u00f3n rosca para Agilent tipo de 9-425.<\/p>\n<p>Tap\u00f3n rosca para Waters tipo rosca (6 mm apertura cuello, rosca 9 mm) y 6 mm apertura de cuello rosca 10 mm, tipo (10-425).<\/p>\n<p>Tap\u00f3n rosca para Shimadzu tipo rosca 8-425<\/p>\n<p>Viales rosca de 4 ml, tama\u00f1o 15&#215;45 mm tipo rosca 13-425<\/p>\n<h6><a href=\"https:\/\/www.teknokroma.es\/media\/3674\/vials_lq.pdf\">Descarga cat\u00e1logo<\/a><\/h6>\n<h6 style=\"text-align: center;\">Fabricante<\/h6>\n<p><img decoding=\"async\" class=\"size-full wp-image-4109 aligncenter\" src=\"https:\/\/valitec.co\/sitioweb\/wp-content\/uploads\/2023\/04\/16.png\" alt=\"\" width=\"260\" height=\"96\" srcset=\"https:\/\/valitec.co\/sitioweb\/wp-content\/uploads\/2023\/04\/16.png 260w, https:\/\/valitec.co\/sitioweb\/wp-content\/uploads\/2023\/04\/16-90x33.png 90w\" sizes=\"(max-width: 260px) 100vw, 260px\" \/><\/p>\n","protected":false},"featured_media":4193,"template":"","meta":{"_eb_attr":""},"product_brand":[],"product_cat":[104],"product_tag":[],"class_list":{"0":"post-4192","1":"product","2":"type-product","3":"status-publish","4":"has-post-thumbnail","6":"product_cat-viales","8":"first","9":"instock","10":"shipping-taxable","11":"product-type-simple"},"_links":{"self":[{"href":"https:\/\/valitec.co\/sitioweb\/wp-json\/wp\/v2\/product\/4192","targetHints":{"allow":["GET"]}}],"collection":[{"href":"https:\/\/valitec.co\/sitioweb\/wp-json\/wp\/v2\/product"}],"about":[{"href":"https:\/\/valitec.co\/sitioweb\/wp-json\/wp\/v2\/types\/product"}],"wp:featuredmedia":[{"embeddable":true,"href":"https:\/\/valitec.co\/sitioweb\/wp-json\/wp\/v2\/media\/4193"}],"wp:attachment":[{"href":"https:\/\/valitec.co\/sitioweb\/wp-json\/wp\/v2\/media?parent=4192"}],"wp:term":[{"taxonomy":"product_brand","embeddable":true,"href":"https:\/\/valitec.co\/sitioweb\/wp-json\/wp\/v2\/product_brand?post=4192"},{"taxonomy":"product_cat","embeddable":true,"href":"https:\/\/valitec.co\/sitioweb\/wp-json\/wp\/v2\/product_cat?post=4192"},{"taxonomy":"product_tag","embeddable":true,"href":"https:\/\/valitec.co\/sitioweb\/wp-json\/wp\/v2\/product_tag?post=4192"}],"curies":[{"name":"wp","href":"https:\/\/api.w.org\/{rel}","templated":true}]}}