{"id":4190,"date":"2023-04-24T18:56:02","date_gmt":"2023-04-24T18:56:02","guid":{"rendered":"https:\/\/valitec.co\/sitioweb\/?post_type=product&#038;p=4190"},"modified":"2023-04-24T18:56:45","modified_gmt":"2023-04-24T18:56:45","slug":"viales-polimericos","status":"publish","type":"product","link":"https:\/\/valitec.co\/sitioweb\/product\/viales-polimericos\/","title":{"rendered":"Viales Polim\u00e9ricos"},"content":{"rendered":"","protected":false},"excerpt":{"rendered":"<p>Los viales polim\u00e9ricos son la opci\u00f3n ideal para\u00a0<strong>aplicaciones biol\u00f3gicas<\/strong>, y para\u00a0<strong>muestras con alto contenido de metal<\/strong>\u00a0usadas en cromatograf\u00eda i\u00f3nica (<strong>IC<\/strong>), Absorci\u00f3n At\u00f3mica (<strong>AA<\/strong>), o Espectrometr\u00eda de Masas con Plasma Acoplado Inductivamente (<strong>ICP-MS<\/strong>).<\/p>\n<p>&nbsp;<\/p>\n<p><a href=\"https:\/\/www.teknokroma.es\/media\/3674\/vials_lq.pdf\">Descarga cat\u00e1logo<\/a><\/p>\n<h6 style=\"text-align: center;\">Fabricante<\/h6>\n<p><img decoding=\"async\" class=\"size-full wp-image-4109 aligncenter\" src=\"https:\/\/valitec.co\/sitioweb\/wp-content\/uploads\/2023\/04\/16.png\" alt=\"\" width=\"260\" height=\"96\" srcset=\"https:\/\/valitec.co\/sitioweb\/wp-content\/uploads\/2023\/04\/16.png 260w, https:\/\/valitec.co\/sitioweb\/wp-content\/uploads\/2023\/04\/16-90x33.png 90w\" sizes=\"(max-width: 260px) 100vw, 260px\" \/><\/p>\n","protected":false},"featured_media":4191,"template":"","meta":{"_eb_attr":""},"product_brand":[],"product_cat":[104],"product_tag":[],"class_list":{"0":"post-4190","1":"product","2":"type-product","3":"status-publish","4":"has-post-thumbnail","6":"product_cat-viales","8":"first","9":"instock","10":"shipping-taxable","11":"product-type-simple"},"_links":{"self":[{"href":"https:\/\/valitec.co\/sitioweb\/wp-json\/wp\/v2\/product\/4190","targetHints":{"allow":["GET"]}}],"collection":[{"href":"https:\/\/valitec.co\/sitioweb\/wp-json\/wp\/v2\/product"}],"about":[{"href":"https:\/\/valitec.co\/sitioweb\/wp-json\/wp\/v2\/types\/product"}],"wp:featuredmedia":[{"embeddable":true,"href":"https:\/\/valitec.co\/sitioweb\/wp-json\/wp\/v2\/media\/4191"}],"wp:attachment":[{"href":"https:\/\/valitec.co\/sitioweb\/wp-json\/wp\/v2\/media?parent=4190"}],"wp:term":[{"taxonomy":"product_brand","embeddable":true,"href":"https:\/\/valitec.co\/sitioweb\/wp-json\/wp\/v2\/product_brand?post=4190"},{"taxonomy":"product_cat","embeddable":true,"href":"https:\/\/valitec.co\/sitioweb\/wp-json\/wp\/v2\/product_cat?post=4190"},{"taxonomy":"product_tag","embeddable":true,"href":"https:\/\/valitec.co\/sitioweb\/wp-json\/wp\/v2\/product_tag?post=4190"}],"curies":[{"name":"wp","href":"https:\/\/api.w.org\/{rel}","templated":true}]}}