{"id":4189,"date":"2023-04-24T18:49:35","date_gmt":"2023-04-24T18:49:35","guid":{"rendered":"https:\/\/valitec.co\/sitioweb\/?post_type=product&#038;p=4189"},"modified":"2023-04-24T18:49:35","modified_gmt":"2023-04-24T18:49:35","slug":"viales-para-inyectores-automaticos-agilent","status":"publish","type":"product","link":"https:\/\/valitec.co\/sitioweb\/product\/viales-para-inyectores-automaticos-agilent\/","title":{"rendered":"Viales para Inyectores Autom\u00e1ticos Agilent"},"content":{"rendered":"","protected":false},"excerpt":{"rendered":"<div class=\"product-presentation\">\n<div class=\"right\">\n<div class=\"product-text\">\n<p>Los viales y cierres para Agilent cumplen los requisitos de los muestreadores autom\u00e1ticos para procedimientos de GC, LC y LC-MS.<\/p>\n<p>Los viales capsulados de vidrio transparente y \u00e1mbar, utiliza c\u00e1psula de 11 mm, y est\u00e1n disponibles en vol\u00famenes de 2 ml, y los viales que combina inserto\/vial las capacidades son de 1,1 ml, 900 ul,300\u00a0\u00b5l el tama\u00f1o de los viales 12 x32 mm<\/p>\n<p>Los micro viales capsulados de 300 y 800\u00a0\u00b5l utilizan las c\u00e1psulas de 8 mm.<\/p>\n<p>&nbsp;<\/p>\n<p>Los viales roscados de vidrio transparente y \u00e1mbar de, utiliza rosca de 9 mm, y est\u00e1n disponibles en vol\u00famenes de 2ml, y los viales que combinan inserto\/vial tienen capacidades de 1,7 ml, 1,5 ml, 475\u00a0\u00b5l, 350\u00a0\u00b5l.<\/p>\n<p>Viales que permiten el micro muestreo y una alta recuperaci\u00f3n de una extracci\u00f3n m\u00e1xima de la muestra de 10 y 30\u00a0\u00b5l, sin necesidad de insertos separados, el tama\u00f1o de los viales es de 12 x32 mm.<\/p>\n<p>Los viales Snap it de y Snaps cap, de vidrio transparente, \u00e1mbar y de polipropileno de 2ml, 1,7 ml y 500\u00a0\u00b5l. de tama\u00f1o vial de 12 x32 mm<\/p>\n<\/div>\n<\/div>\n<\/div>\n<div class=\"tabs\">\n<div class=\"titles\"><a href=\"https:\/\/www.teknokroma.es\/media\/3674\/vials_lq.pdf\">Descarga cat\u00e1logo<\/a><\/div>\n<\/div>\n<div><\/div>\n<h6 style=\"text-align: center;\">Fabricante<\/h6>\n<div><img decoding=\"async\" class=\"alignnone size-full wp-image-4109 aligncenter\" src=\"https:\/\/valitec.co\/sitioweb\/wp-content\/uploads\/2023\/04\/16.png\" alt=\"\" width=\"260\" height=\"96\" srcset=\"https:\/\/valitec.co\/sitioweb\/wp-content\/uploads\/2023\/04\/16.png 260w, https:\/\/valitec.co\/sitioweb\/wp-content\/uploads\/2023\/04\/16-90x33.png 90w\" sizes=\"(max-width: 260px) 100vw, 260px\" \/><\/div>\n","protected":false},"featured_media":4184,"template":"","meta":{"_eb_attr":""},"product_brand":[],"product_cat":[104],"product_tag":[],"class_list":{"0":"post-4189","1":"product","2":"type-product","3":"status-publish","4":"has-post-thumbnail","6":"product_cat-viales","8":"first","9":"instock","10":"shipping-taxable","11":"product-type-simple"},"_links":{"self":[{"href":"https:\/\/valitec.co\/sitioweb\/wp-json\/wp\/v2\/product\/4189","targetHints":{"allow":["GET"]}}],"collection":[{"href":"https:\/\/valitec.co\/sitioweb\/wp-json\/wp\/v2\/product"}],"about":[{"href":"https:\/\/valitec.co\/sitioweb\/wp-json\/wp\/v2\/types\/product"}],"wp:featuredmedia":[{"embeddable":true,"href":"https:\/\/valitec.co\/sitioweb\/wp-json\/wp\/v2\/media\/4184"}],"wp:attachment":[{"href":"https:\/\/valitec.co\/sitioweb\/wp-json\/wp\/v2\/media?parent=4189"}],"wp:term":[{"taxonomy":"product_brand","embeddable":true,"href":"https:\/\/valitec.co\/sitioweb\/wp-json\/wp\/v2\/product_brand?post=4189"},{"taxonomy":"product_cat","embeddable":true,"href":"https:\/\/valitec.co\/sitioweb\/wp-json\/wp\/v2\/product_cat?post=4189"},{"taxonomy":"product_tag","embeddable":true,"href":"https:\/\/valitec.co\/sitioweb\/wp-json\/wp\/v2\/product_tag?post=4189"}],"curies":[{"name":"wp","href":"https:\/\/api.w.org\/{rel}","templated":true}]}}