{"id":4187,"date":"2023-04-24T18:08:38","date_gmt":"2023-04-24T18:08:38","guid":{"rendered":"https:\/\/valitec.co\/sitioweb\/?post_type=product&#038;p=4187"},"modified":"2023-04-24T18:15:43","modified_gmt":"2023-04-24T18:15:43","slug":"viales-para-inyectores-automaticos-shimadzu","status":"publish","type":"product","link":"https:\/\/valitec.co\/sitioweb\/product\/viales-para-inyectores-automaticos-shimadzu\/","title":{"rendered":"Viales para Inyectores Autom\u00e1ticos Shimadzu"},"content":{"rendered":"","protected":false},"excerpt":{"rendered":"<p>Los viales capsulados de vidrio transparente y \u00e1mbar de boca est\u00e1ndar con fondo c\u00f3nico de tama\u00f1o 7 x 30 mm, capacidad de 250\u00a0\u00b5l y 550\u00a0\u00b5l , vial con fondo redondo de tama\u00f1o 6 x 32 mm y 325\u00a0\u00b5l y vial de fondo plano de tama\u00f1o 7 x 40 y 775\u00a0\u00b5l, utilizan c\u00e1psula de 8 mm<\/p>\n<p>Los viales roscados de vidrio transparente y \u00e1mbar de boca est\u00e1ndar y utilizan tap\u00f3n rosca de 8 mm de 1,8 ml y viales de polipropileno tap\u00f3n rosca de 8 mm con capacidad de 250\u00a0\u00b5l.<\/p>\n<p>Viales roscados de 2 ml con boca ancha con tap\u00f3n rosca de 10mm (10-425) y viales combinados con inserto\/vial con vol\u00famenes de 350\u00a0\u00b5l y 150\u00a0\u00b5l.<\/p>\n<p>Viales roscados de vidrio de 4 ml de tama\u00f1o 15 x 45 mm utiliza tap\u00f3n rosco de (13-425) para Shimadzu AOC\/14\/1400, LC-10 A, SIL6B, SIL9A<\/p>\n<p>Viales Shell de vidrio \u00e1mbar de 1 ml y tama\u00f1o 8 x40 mm con tap\u00f3n Sep para Shimadzu AOC\/14\/1400, LC-10 A, SIL6B, SIL9A<\/p>\n<h6><a href=\"https:\/\/www.teknokroma.es\/media\/3674\/vials_lq.pdf\">Descarga cat\u00e1logo<\/a><\/h6>\n<h6 style=\"text-align: center;\">Fabricante<\/h6>\n<p><img decoding=\"async\" class=\"alignnone size-full wp-image-4109 aligncenter\" src=\"https:\/\/valitec.co\/sitioweb\/wp-content\/uploads\/2023\/04\/16.png\" alt=\"\" width=\"260\" height=\"96\" srcset=\"https:\/\/valitec.co\/sitioweb\/wp-content\/uploads\/2023\/04\/16.png 260w, https:\/\/valitec.co\/sitioweb\/wp-content\/uploads\/2023\/04\/16-90x33.png 90w\" sizes=\"(max-width: 260px) 100vw, 260px\" \/><\/p>\n","protected":false},"featured_media":4184,"template":"","meta":{"_eb_attr":""},"product_brand":[],"product_cat":[104],"product_tag":[],"class_list":{"0":"post-4187","1":"product","2":"type-product","3":"status-publish","4":"has-post-thumbnail","6":"product_cat-viales","8":"first","9":"instock","10":"shipping-taxable","11":"product-type-simple"},"_links":{"self":[{"href":"https:\/\/valitec.co\/sitioweb\/wp-json\/wp\/v2\/product\/4187","targetHints":{"allow":["GET"]}}],"collection":[{"href":"https:\/\/valitec.co\/sitioweb\/wp-json\/wp\/v2\/product"}],"about":[{"href":"https:\/\/valitec.co\/sitioweb\/wp-json\/wp\/v2\/types\/product"}],"wp:featuredmedia":[{"embeddable":true,"href":"https:\/\/valitec.co\/sitioweb\/wp-json\/wp\/v2\/media\/4184"}],"wp:attachment":[{"href":"https:\/\/valitec.co\/sitioweb\/wp-json\/wp\/v2\/media?parent=4187"}],"wp:term":[{"taxonomy":"product_brand","embeddable":true,"href":"https:\/\/valitec.co\/sitioweb\/wp-json\/wp\/v2\/product_brand?post=4187"},{"taxonomy":"product_cat","embeddable":true,"href":"https:\/\/valitec.co\/sitioweb\/wp-json\/wp\/v2\/product_cat?post=4187"},{"taxonomy":"product_tag","embeddable":true,"href":"https:\/\/valitec.co\/sitioweb\/wp-json\/wp\/v2\/product_tag?post=4187"}],"curies":[{"name":"wp","href":"https:\/\/api.w.org\/{rel}","templated":true}]}}