{"id":4186,"date":"2023-04-24T18:06:37","date_gmt":"2023-04-24T18:06:37","guid":{"rendered":"https:\/\/valitec.co\/sitioweb\/?post_type=product&#038;p=4186"},"modified":"2023-04-24T18:06:47","modified_gmt":"2023-04-24T18:06:47","slug":"viales-para-inyectores-automaticos-thermo-scientific","status":"publish","type":"product","link":"https:\/\/valitec.co\/sitioweb\/product\/viales-para-inyectores-automaticos-thermo-scientific\/","title":{"rendered":"Viales para Inyectores Autom\u00e1ticos Thermo Scientific"},"content":{"rendered":"","protected":false},"excerpt":{"rendered":"<p>Los viales capsulados de vidrio transparente y \u00e1mbar de boca utilizan c\u00e1psula est\u00e1ndar de 8 mm y los viales de boca ancha utilizan c\u00e1psula de 11 mm y est\u00e1n disponibles en vol\u00famenes de 2 ml, y los viales que combinan inserto\/vial tienen capacidades de 1,5 ml, 350\u00a0\u00b5l\u00a0, tama\u00f1o 12 x 32 mm.<\/p>\n<p>Viales rosca de 2 mm tapon utilizan rosca de 8-425<\/p>\n<p>Viales Shell de vidrio transparente, \u00e1mbar y de polipropileno de 1 ml y tap\u00f3n Sep, tama\u00f1o 8&#215;40 mm para Thermo AS300<\/p>\n<p>&nbsp;<\/p>\n<h6><a href=\"https:\/\/www.teknokroma.es\/media\/3674\/vials_lq.pdf\">Descarga cat\u00e1logo<\/a><\/h6>\n<h6 style=\"text-align: center;\">Fabricante<\/h6>\n<p><img decoding=\"async\" class=\"alignnone size-full wp-image-4109 aligncenter\" src=\"https:\/\/valitec.co\/sitioweb\/wp-content\/uploads\/2023\/04\/16.png\" alt=\"\" width=\"260\" height=\"96\" srcset=\"https:\/\/valitec.co\/sitioweb\/wp-content\/uploads\/2023\/04\/16.png 260w, https:\/\/valitec.co\/sitioweb\/wp-content\/uploads\/2023\/04\/16-90x33.png 90w\" sizes=\"(max-width: 260px) 100vw, 260px\" \/><\/p>\n","protected":false},"featured_media":4184,"template":"","meta":{"_eb_attr":""},"product_brand":[],"product_cat":[104],"product_tag":[],"class_list":{"0":"post-4186","1":"product","2":"type-product","3":"status-publish","4":"has-post-thumbnail","6":"product_cat-viales","8":"first","9":"instock","10":"shipping-taxable","11":"product-type-simple"},"_links":{"self":[{"href":"https:\/\/valitec.co\/sitioweb\/wp-json\/wp\/v2\/product\/4186","targetHints":{"allow":["GET"]}}],"collection":[{"href":"https:\/\/valitec.co\/sitioweb\/wp-json\/wp\/v2\/product"}],"about":[{"href":"https:\/\/valitec.co\/sitioweb\/wp-json\/wp\/v2\/types\/product"}],"wp:featuredmedia":[{"embeddable":true,"href":"https:\/\/valitec.co\/sitioweb\/wp-json\/wp\/v2\/media\/4184"}],"wp:attachment":[{"href":"https:\/\/valitec.co\/sitioweb\/wp-json\/wp\/v2\/media?parent=4186"}],"wp:term":[{"taxonomy":"product_brand","embeddable":true,"href":"https:\/\/valitec.co\/sitioweb\/wp-json\/wp\/v2\/product_brand?post=4186"},{"taxonomy":"product_cat","embeddable":true,"href":"https:\/\/valitec.co\/sitioweb\/wp-json\/wp\/v2\/product_cat?post=4186"},{"taxonomy":"product_tag","embeddable":true,"href":"https:\/\/valitec.co\/sitioweb\/wp-json\/wp\/v2\/product_tag?post=4186"}],"curies":[{"name":"wp","href":"https:\/\/api.w.org\/{rel}","templated":true}]}}