{"id":4126,"date":"2023-04-22T15:51:59","date_gmt":"2023-04-22T15:51:59","guid":{"rendered":"https:\/\/valitec.co\/sitioweb\/?post_type=product&#038;p=4126"},"modified":"2023-04-22T15:52:38","modified_gmt":"2023-04-22T15:52:38","slug":"fase-dispersiva-spe","status":"publish","type":"product","link":"https:\/\/valitec.co\/sitioweb\/product\/fase-dispersiva-spe\/","title":{"rendered":"Fase Dispersiva SPE"},"content":{"rendered":"","protected":false},"excerpt":{"rendered":"<p>El nombre\u00a0<strong>QuEChERS<\/strong>, est\u00e1 formada por las iniciales\u00a0<strong>(Quick, Easy, Cleap, Effective, Rugged y Safe)<\/strong>, y es un sistema eficaz para determinar los residuos de pesticidas en frutas, verduras y otros alimentos.<\/p>\n<p>El m\u00e9todo QuEChERS es un sistema de extracci\u00f3n en fase s\u00f3lida dispersiva (dSPE) que implica dos etapas, una primera etapa de extracci\u00f3n, seguida de una fase de limpieza o Clean-up del extracto, mediante extracci\u00f3n en fase s\u00f3lida por dispersi\u00f3n.<\/p>\n<h2 class=\"tiny-subtitle\">En la 2\u00aa Fase de Limpieza y Clean-up<\/h2>\n<p>se utilizan tubos de centrifuga de 2 ml y 15 ml.<\/p>\n<p>En esta etapa de Clean-up , se limpia el extracto de la fase anterior, mediante extracci\u00f3n en fase s\u00f3lida dispersiva (dSPE), eliminando el agua residual y otros compuestos presentes en la matriz (que pudiesen provocar interferencias), para ello, se utiliza distintas sales y rellenos tales como MgSO4, amina primaria\/secundaria (PSA), C18, y carb\u00f3n negro grafitado (GCB) en funci\u00f3n del m\u00e9todo recomendado.<\/p>\n<p>Una vez finalizado el proceso de limpieza se centrifuga se evapora y se a\u00f1ade disolvente para su posterior an\u00e1lisis.<\/p>\n<p>&nbsp;<\/p>\n<p>Los Kits QuEChERS de Teknokroma se adaptan totalmente a los m\u00e9todos recomendados como EN15662, AOAC 2007.01, o al m\u00e9todo Mini-multiresiduo<\/p>\n<p><strong>Si lo desea disponemos la sal\/adsorbente en bolsitas para extracci\u00f3n de muestras(P\/N+K).<\/strong><\/p>\n<p>&nbsp;<\/p>\n<h6><a href=\"https:\/\/www.teknokroma.es\/media\/3676\/filtrationextrac_lq.pdf\">Descarga cat\u00e1logo<\/a><\/h6>\n<h6><a href=\"https:\/\/www.teknokroma.es\/media\/4229\/quechers.pdf\">Descarga QuEChERS<\/a><\/h6>\n<h6 style=\"text-align: center;\">Fabricante<\/h6>\n<p><img decoding=\"async\" class=\"alignnone size-full wp-image-4090 aligncenter\" src=\"https:\/\/valitec.co\/sitioweb\/wp-content\/uploads\/2023\/04\/7.png\" alt=\"\" width=\"243\" height=\"66\" srcset=\"https:\/\/valitec.co\/sitioweb\/wp-content\/uploads\/2023\/04\/7.png 243w, https:\/\/valitec.co\/sitioweb\/wp-content\/uploads\/2023\/04\/7-90x24.png 90w\" sizes=\"(max-width: 243px) 100vw, 243px\" \/><\/p>\n","protected":false},"featured_media":4127,"template":"","meta":{"_eb_attr":""},"product_brand":[],"product_cat":[102],"product_tag":[],"class_list":{"0":"post-4126","1":"product","2":"type-product","3":"status-publish","4":"has-post-thumbnail","6":"product_cat-extraccion-por-quechers","8":"first","9":"instock","10":"shipping-taxable","11":"product-type-simple"},"_links":{"self":[{"href":"https:\/\/valitec.co\/sitioweb\/wp-json\/wp\/v2\/product\/4126","targetHints":{"allow":["GET"]}}],"collection":[{"href":"https:\/\/valitec.co\/sitioweb\/wp-json\/wp\/v2\/product"}],"about":[{"href":"https:\/\/valitec.co\/sitioweb\/wp-json\/wp\/v2\/types\/product"}],"wp:featuredmedia":[{"embeddable":true,"href":"https:\/\/valitec.co\/sitioweb\/wp-json\/wp\/v2\/media\/4127"}],"wp:attachment":[{"href":"https:\/\/valitec.co\/sitioweb\/wp-json\/wp\/v2\/media?parent=4126"}],"wp:term":[{"taxonomy":"product_brand","embeddable":true,"href":"https:\/\/valitec.co\/sitioweb\/wp-json\/wp\/v2\/product_brand?post=4126"},{"taxonomy":"product_cat","embeddable":true,"href":"https:\/\/valitec.co\/sitioweb\/wp-json\/wp\/v2\/product_cat?post=4126"},{"taxonomy":"product_tag","embeddable":true,"href":"https:\/\/valitec.co\/sitioweb\/wp-json\/wp\/v2\/product_tag?post=4126"}],"curies":[{"name":"wp","href":"https:\/\/api.w.org\/{rel}","templated":true}]}}