{"id":4125,"date":"2023-04-22T15:48:56","date_gmt":"2023-04-22T15:48:56","guid":{"rendered":"https:\/\/valitec.co\/sitioweb\/?post_type=product&#038;p=4125"},"modified":"2023-04-22T15:48:56","modified_gmt":"2023-04-22T15:48:56","slug":"fase-de-extraccion","status":"publish","type":"product","link":"https:\/\/valitec.co\/sitioweb\/product\/fase-de-extraccion\/","title":{"rendered":"Fase de Extracci\u00f3n"},"content":{"rendered":"","protected":false},"excerpt":{"rendered":"<p>El nombre\u00a0<strong>QuEChERS<\/strong>, est\u00e1 formada por las iniciales\u00a0<strong>(Quick, Easy, Cleap, Effective, Rugged y Safe)<\/strong>, y es un sistema eficaz para determinar los residuos de pesticidas en frutas, verduras y otros alimentos.<\/p>\n<p>El m\u00e9todo QuEChERS es un sistema de extracci\u00f3n en fase s\u00f3lida dispersiva (dSPE) que implica dos etapas, una primera etapa de extracci\u00f3n, seguida de una fase de limpieza o Clean-up del extracto, mediante extracci\u00f3n en fase s\u00f3lida por dispersi\u00f3n.<\/p>\n<h2 class=\"tiny-labelorange tiny-subtitle\">En la 1\u00ba Fase:<\/h2>\n<p class=\"tiny-subtitle tiny-parrafogris\">se utilizan tubos de centrifuga de 50 ml para la extracci\u00f3n de muestra.<\/p>\n<p>Los analitos de inter\u00e9s se extraen de una muestra de 10 o 15 g mediante la adici\u00f3n de un disolvente org\u00e1nico, el m\u00e1s utilizado es el acetonitrilo y una mezcla de sales tales como MgSO4 , NaCL y NaOAC , que se seleccionan en funci\u00f3n del m\u00e9todo recomendado ya sea el original o los m\u00e9todos tamponados. La mezcla obtenida de cada uno de los diferentes m\u00e9todos se agita y se centrifuga para ayudar a mejorar la eficacia de la extracci\u00f3n.<\/p>\n<p>&nbsp;<\/p>\n<p>Los Kits QuEChERS de Teknokroma se adaptan totalmente a los m\u00e9todos recomendados como EN15662, AOAC 2007.01, o al m\u00e9todo Mini-multiresiduo<\/p>\n<p><strong>Si lo desea disponemos la sal\/adsorbente en sobres para extracci\u00f3n de muestras (P\/N+K).<\/strong><\/p>\n<p>&nbsp;<\/p>\n<h6><a href=\"https:\/\/www.teknokroma.es\/media\/3676\/filtrationextrac_lq.pdf\">Descarga cat\u00e1logo\u00a0<\/a><\/h6>\n<h6><a href=\"https:\/\/www.teknokroma.es\/media\/4229\/quechers.pdf\">Descarga <strong>QuEChERS<\/strong><\/a><\/h6>\n<h6 style=\"text-align: center;\">Fabricante<\/h6>\n<p><img decoding=\"async\" class=\"alignnone size-full wp-image-4090 aligncenter\" src=\"https:\/\/valitec.co\/sitioweb\/wp-content\/uploads\/2023\/04\/7.png\" alt=\"\" width=\"243\" height=\"66\" srcset=\"https:\/\/valitec.co\/sitioweb\/wp-content\/uploads\/2023\/04\/7.png 243w, https:\/\/valitec.co\/sitioweb\/wp-content\/uploads\/2023\/04\/7-90x24.png 90w\" sizes=\"(max-width: 243px) 100vw, 243px\" \/><\/p>\n","protected":false},"featured_media":4124,"template":"","meta":{"_eb_attr":""},"product_brand":[],"product_cat":[102],"product_tag":[],"class_list":{"0":"post-4125","1":"product","2":"type-product","3":"status-publish","4":"has-post-thumbnail","6":"product_cat-extraccion-por-quechers","8":"first","9":"instock","10":"shipping-taxable","11":"product-type-simple"},"_links":{"self":[{"href":"https:\/\/valitec.co\/sitioweb\/wp-json\/wp\/v2\/product\/4125","targetHints":{"allow":["GET"]}}],"collection":[{"href":"https:\/\/valitec.co\/sitioweb\/wp-json\/wp\/v2\/product"}],"about":[{"href":"https:\/\/valitec.co\/sitioweb\/wp-json\/wp\/v2\/types\/product"}],"wp:featuredmedia":[{"embeddable":true,"href":"https:\/\/valitec.co\/sitioweb\/wp-json\/wp\/v2\/media\/4124"}],"wp:attachment":[{"href":"https:\/\/valitec.co\/sitioweb\/wp-json\/wp\/v2\/media?parent=4125"}],"wp:term":[{"taxonomy":"product_brand","embeddable":true,"href":"https:\/\/valitec.co\/sitioweb\/wp-json\/wp\/v2\/product_brand?post=4125"},{"taxonomy":"product_cat","embeddable":true,"href":"https:\/\/valitec.co\/sitioweb\/wp-json\/wp\/v2\/product_cat?post=4125"},{"taxonomy":"product_tag","embeddable":true,"href":"https:\/\/valitec.co\/sitioweb\/wp-json\/wp\/v2\/product_tag?post=4125"}],"curies":[{"name":"wp","href":"https:\/\/api.w.org\/{rel}","templated":true}]}}