{"id":4120,"date":"2023-04-22T15:35:59","date_gmt":"2023-04-22T15:35:59","guid":{"rendered":"https:\/\/valitec.co\/sitioweb\/?post_type=product&#038;p=4120"},"modified":"2024-08-18T00:43:33","modified_gmt":"2024-08-18T00:43:33","slug":"colector-de-vacio-para-spe-y-accesorios","status":"publish","type":"product","link":"https:\/\/valitec.co\/sitioweb\/product\/colector-de-vacio-para-spe-y-accesorios\/","title":{"rendered":"Colector de Vac\u00edo para SPE y accesorios"},"content":{"rendered":"","protected":false},"excerpt":{"rendered":"<p>Los colectores de vac\u00edo Teknokroma simplifican el procesamiento de las muestras SPE.<br \/>\nEstos colectores permiten obtener resultados de extracci\u00f3n y filtraci\u00f3n consistentes.<br \/>\nLos analistas pueden ahorrar tiempo, ya que estos colectores permiten el procesamiento simult\u00e1neo de varias muestras.<br \/>\nLos colectores consisten en una c\u00e1mara de vidrio transparente a la que se le aplica el vac\u00edo para extraer una muestra<br \/>\na trav\u00e9s de una columna SPE, un cartucho o un disco.<br \/>\nLos bastidores ajustables colocados en la c\u00e1mara de vac\u00edo de vidrio acomodar\u00e1n una variedad de recipientes de recolecci\u00f3n de muestras,<br \/>\nincluyendo tubos de ensayo, automuestreadores, viales, matraces volum\u00e9tricos y matraces Erlenmeyer.<br \/>\nLos eluyentes se depositan directamente en el recipiente de recogida elegido mediante agujas de polipropileno, acero inoxidable opcional o tefl\u00f3n.<br \/>\nLos colectores de vac\u00edo para la preparaci\u00f3n, filtraci\u00f3n y eluci\u00f3n de muestras SPE est\u00e1n disponibles en configuraciones de 12, 16 y 24 puertos.<br \/>\nEl juego completo de colectores de vac\u00edo de puerto incluye: C\u00e1mara de vidrio, junta de cubierta y 12 llaves de paso, v\u00e1lvula y medidor de vac\u00edo,<br \/>\nplacas de bastidores de recogida (tubos de 13 mm, 16 mm, matraz volum\u00e9trico, base de la placa, hoyuelo de la placa, patas de la tapa, agujas de propileno,<br \/>\npinzas de retenci\u00f3n para los bastidores de recogida.<\/p>\n<h6><a href=\"https:\/\/www.teknokroma.es\/media\/3676\/filtrationextrac_lq.pdf\">Descarga cat\u00e1logo general<\/a><\/h6>\n<h6><a href=\"https:\/\/www.teknokroma.es\/media\/4227\/vacumm-manifold.pdf\">Descarga Vacumm Manifold<\/a><\/h6>\n<h6 style=\"text-align: center;\">Fabricante<\/h6>\n<p><img decoding=\"async\" class=\"alignnone size-full wp-image-4090 aligncenter\" src=\"https:\/\/valitec.co\/sitioweb\/wp-content\/uploads\/2023\/04\/7.png\" alt=\"\" width=\"243\" height=\"66\" srcset=\"https:\/\/valitec.co\/sitioweb\/wp-content\/uploads\/2023\/04\/7.png 243w, https:\/\/valitec.co\/sitioweb\/wp-content\/uploads\/2023\/04\/7-90x24.png 90w\" sizes=\"(max-width: 243px) 100vw, 243px\" \/><\/p>\n","protected":false},"featured_media":4121,"template":"","meta":{"_eb_attr":""},"product_brand":[],"product_cat":[101],"product_tag":[],"class_list":{"0":"post-4120","1":"product","2":"type-product","3":"status-publish","4":"has-post-thumbnail","6":"product_cat-extraccion-en-fase-solida-spe","8":"first","9":"instock","10":"shipping-taxable","11":"product-type-simple"},"_links":{"self":[{"href":"https:\/\/valitec.co\/sitioweb\/wp-json\/wp\/v2\/product\/4120","targetHints":{"allow":["GET"]}}],"collection":[{"href":"https:\/\/valitec.co\/sitioweb\/wp-json\/wp\/v2\/product"}],"about":[{"href":"https:\/\/valitec.co\/sitioweb\/wp-json\/wp\/v2\/types\/product"}],"wp:featuredmedia":[{"embeddable":true,"href":"https:\/\/valitec.co\/sitioweb\/wp-json\/wp\/v2\/media\/4121"}],"wp:attachment":[{"href":"https:\/\/valitec.co\/sitioweb\/wp-json\/wp\/v2\/media?parent=4120"}],"wp:term":[{"taxonomy":"product_brand","embeddable":true,"href":"https:\/\/valitec.co\/sitioweb\/wp-json\/wp\/v2\/product_brand?post=4120"},{"taxonomy":"product_cat","embeddable":true,"href":"https:\/\/valitec.co\/sitioweb\/wp-json\/wp\/v2\/product_cat?post=4120"},{"taxonomy":"product_tag","embeddable":true,"href":"https:\/\/valitec.co\/sitioweb\/wp-json\/wp\/v2\/product_tag?post=4120"}],"curies":[{"name":"wp","href":"https:\/\/api.w.org\/{rel}","templated":true}]}}