{"id":4117,"date":"2023-04-22T15:19:00","date_gmt":"2023-04-22T15:19:00","guid":{"rendered":"https:\/\/valitec.co\/sitioweb\/?post_type=product&#038;p=4117"},"modified":"2023-04-22T15:19:01","modified_gmt":"2023-04-22T15:19:01","slug":"viales-con-filtro-olimpeak","status":"publish","type":"product","link":"https:\/\/valitec.co\/sitioweb\/product\/viales-con-filtro-olimpeak\/","title":{"rendered":"Viales con Filtro OlimPeak\u2122"},"content":{"rendered":"<h2 class=\"tiny-subtitle\"><span>Ventajas de los viales con filtro Olimpeak\u2122<\/span><\/h2>\n<p><span>1. Amplia gama de membranas (codificadas por color por la membrana y el tama\u00f1o de los poros)<\/span><br \/>\n<span>2. Dos formatos de Frasco Filtro: VF y VH dependiendo de las part\u00edculas en suspensi\u00f3n o del volumen de precipitado.\u00a0M\u00e1ximo.\u00a0Volumen de muestra 450 \u03bcl.<\/span><br \/>\n<span>3. Tapa validada para ser usada con la centr\u00edfuga y el v\u00f3rtice RT.<\/span><br \/>\n<span>4. Los viales f\u00e1ciles de usar ofrecen una filtraci\u00f3n r\u00e1pida de la muestra y s\u00f3lo requieren un apret\u00f3n de dedos.\u00a0Fabricado en polietileno (PE) en lugar de polipropileno (PP), ofrece una menor resistencia a la fricci\u00f3n.<\/span><br \/>\n<span>5. Minimiza la p\u00e9rdida de muestras eliminando las transferencias m\u00faltiples.<\/span><br \/>\n<span>6. Menos residuos que en los m\u00e9todos de filtrado habituales, por lo que es respetuoso con el medio ambiente.\u00a0Precipitaci\u00f3n, filtraci\u00f3n y recogida de muestras en un solo vial.<\/span><br \/>\n<span>7. Se adapta a la mayor\u00eda de los automuestreadores est\u00e1ndar de 12 x 32 mm, incluidos los instrumentos UHPLC.<\/span><br \/>\n<span>8. Las tapas de PTFE\/silicona \u00abpre slit\u00bb ayudan a eliminar las agujas rotas del automuestreador y los septos con n\u00facleo.<\/span><br \/>\n<span>9. En dos pasos y 15 segundos se puede tener una muestra segura para el an\u00e1lisis.\u00a0Puede preparar una muestra segura sin part\u00edculas en menos tiempo del que se tarda en abrir el embalaje de la jeringa y a\u00f1adir el filtro de la jeringa.<\/span><br \/>\n<span>10. Excelente compatibilidad qu\u00edmica con \u00e1cidos, alcoholes, bases, \u00e9steres, glicoles, cetonas y aceites.\u00a0Resistencia limitada a los \u00e1cidos &gt; 1 N, hidrocarburos arom\u00e1ticos y halogenados.<\/span><\/p>\n<h6><a href=\"https:\/\/youtu.be\/5FGmkSgh30c\" rel=\"nofollow noopener\" target=\"_blank\">Descarga video\u00a0<\/a><\/h6>\n<h6><a href=\"https:\/\/www.teknokroma.es\/media\/3676\/filtrationextrac_lq.pdf\" rel=\"nofollow noopener\" target=\"_blank\">Descarga cat\u00e1logo<\/a><\/h6>\n<h6><a href=\"https:\/\/www.teknokroma.es\/media\/6911\/filter-vial_fol_nac_end.pdf\" rel=\"nofollow noopener\" target=\"_blank\">Descarga viales con filtro<\/a><\/h6>\n<h6 style=\"text-align: center;\">Fabricante<\/h6>\n<p><img decoding=\"async\" class=\"alignnone size-full wp-image-4090 aligncenter\" src=\"https:\/\/valitec.co\/sitioweb\/wp-content\/uploads\/2023\/04\/7.png\" alt=\"\" width=\"243\" height=\"66\" srcset=\"https:\/\/valitec.co\/sitioweb\/wp-content\/uploads\/2023\/04\/7.png 243w, https:\/\/valitec.co\/sitioweb\/wp-content\/uploads\/2023\/04\/7-90x24.png 90w\" sizes=\"(max-width: 243px) 100vw, 243px\" \/><\/p>\n<p>&nbsp;<\/p>\n<p>&nbsp;<\/p>\n","protected":false},"excerpt":{"rendered":"<p><span>Teknokroma ha desarrollado los nuevos \u201cFilter Vial OlimPeak\u2122\u201d.<\/span><\/p>\n<p><span>El vial con filtro consta de dos partes, un vial de 450\u00a0<\/span><span>\u00b5l<\/span><span>\u00a0de capacidad y un \u00e9mbolo que incorpora en un extremo un filtro y en el otro extremo una c\u00e1psula con un septum.\u00a0Est\u00e1n fabricados en PE y dise\u00f1ados para una filtraci\u00f3n r\u00e1pida y segura, en s\u00f3lo dos pasos tiene la lista de muestra para su an\u00e1lisis.<\/span><\/p>\n<p><span>Son muy f\u00e1ciles de usar con un solo apret\u00f3n del embolo con los dedos, se recoge el filtrado en el mismo vial.\u00a0El tama\u00f1o del vial es el est\u00e1ndar de 12 x 32 mm, apto para la mayor\u00eda de los inyectores autom\u00e1ticos.<\/span><\/p>\n<p><span>Con el vial con filtro, se elimina la necesidad de utilizar una jeringa, un filtro de jeringa, un vial y una c\u00e1psula.<\/span><\/p>\n<p><span>Disponibles en dos formatos VF y VH en funci\u00f3n de las part\u00edculas en suspensi\u00f3n o volumen de precipitado.<\/span><\/p>\n","protected":false},"featured_media":4116,"template":"","meta":{"_eb_attr":""},"product_brand":[],"product_cat":[100],"product_tag":[],"class_list":{"0":"post-4117","1":"product","2":"type-product","3":"status-publish","4":"has-post-thumbnail","6":"product_cat-viales-de-filtracion","8":"first","9":"instock","10":"shipping-taxable","11":"product-type-simple"},"_links":{"self":[{"href":"https:\/\/valitec.co\/sitioweb\/wp-json\/wp\/v2\/product\/4117","targetHints":{"allow":["GET"]}}],"collection":[{"href":"https:\/\/valitec.co\/sitioweb\/wp-json\/wp\/v2\/product"}],"about":[{"href":"https:\/\/valitec.co\/sitioweb\/wp-json\/wp\/v2\/types\/product"}],"wp:featuredmedia":[{"embeddable":true,"href":"https:\/\/valitec.co\/sitioweb\/wp-json\/wp\/v2\/media\/4116"}],"wp:attachment":[{"href":"https:\/\/valitec.co\/sitioweb\/wp-json\/wp\/v2\/media?parent=4117"}],"wp:term":[{"taxonomy":"product_brand","embeddable":true,"href":"https:\/\/valitec.co\/sitioweb\/wp-json\/wp\/v2\/product_brand?post=4117"},{"taxonomy":"product_cat","embeddable":true,"href":"https:\/\/valitec.co\/sitioweb\/wp-json\/wp\/v2\/product_cat?post=4117"},{"taxonomy":"product_tag","embeddable":true,"href":"https:\/\/valitec.co\/sitioweb\/wp-json\/wp\/v2\/product_tag?post=4117"}],"curies":[{"name":"wp","href":"https:\/\/api.w.org\/{rel}","templated":true}]}}