{"id":4113,"date":"2023-04-19T21:26:02","date_gmt":"2023-04-19T21:26:02","guid":{"rendered":"https:\/\/valitec.co\/sitioweb\/?post_type=product&#038;p=4113"},"modified":"2023-04-19T21:26:02","modified_gmt":"2023-04-19T21:26:02","slug":"filtros-automaticos-certificados-olimpeak-para-la-estacion-de-filtros-de-sotax-25-mm","status":"publish","type":"product","link":"https:\/\/valitec.co\/sitioweb\/product\/filtros-automaticos-certificados-olimpeak-para-la-estacion-de-filtros-de-sotax-25-mm\/","title":{"rendered":"Filtros Autom\u00e1ticos Certificados OlimPeak\u2122 para la estaci\u00f3n de filtros de Sotax 25 mm"},"content":{"rendered":"","protected":false},"excerpt":{"rendered":"<p>Los filtros para robots son de alta calidad. El proceso de fabricaci\u00f3n especial del filtro y el de encapsulaci\u00f3n de la membrana evitan fugas de la muestra o del disolvente a trav\u00e9s de las juntas entre la misma y el cuerpo del filtro<\/p>\n<p>Los filtros para equipos robotizados se someten a una serie de controles que garantizan resultados fiables y reproducibles.<\/p>\n<p>Filtro certificado Olimpeak para estaciones robotizadas de test de disoluci\u00f3n SOTAX; es el\u00a0mismo que los filtros rob\u00f3ticos, excepto que el lado superior tiene forma de b\u00f3veda.<\/p>\n<p>La entrada es hembra rosca luer y la salida es macho luer Minispike.<\/p>\n<p>&nbsp;<\/p>\n<p><a href=\"https:\/\/www.teknokroma.es\/media\/3676\/filtrationextrac_lq.pdf\">Descarga cat\u00e1logo\u00a0<\/a><\/p>\n<p>&nbsp;<\/p>\n<p style=\"text-align: center;\">Fabricante<\/p>\n<p><img decoding=\"async\" class=\"alignnone size-full wp-image-4090 aligncenter\" src=\"https:\/\/valitec.co\/sitioweb\/wp-content\/uploads\/2023\/04\/7.png\" alt=\"\" width=\"243\" height=\"66\" srcset=\"https:\/\/valitec.co\/sitioweb\/wp-content\/uploads\/2023\/04\/7.png 243w, https:\/\/valitec.co\/sitioweb\/wp-content\/uploads\/2023\/04\/7-90x24.png 90w\" sizes=\"(max-width: 243px) 100vw, 243px\" \/><\/p>\n","protected":false},"featured_media":4114,"template":"","meta":{"_eb_attr":""},"product_brand":[],"product_cat":[99],"product_tag":[],"class_list":{"0":"post-4113","1":"product","2":"type-product","3":"status-publish","4":"has-post-thumbnail","6":"product_cat-filtros-de-jeringa","8":"first","9":"instock","10":"shipping-taxable","11":"product-type-simple"},"_links":{"self":[{"href":"https:\/\/valitec.co\/sitioweb\/wp-json\/wp\/v2\/product\/4113","targetHints":{"allow":["GET"]}}],"collection":[{"href":"https:\/\/valitec.co\/sitioweb\/wp-json\/wp\/v2\/product"}],"about":[{"href":"https:\/\/valitec.co\/sitioweb\/wp-json\/wp\/v2\/types\/product"}],"wp:featuredmedia":[{"embeddable":true,"href":"https:\/\/valitec.co\/sitioweb\/wp-json\/wp\/v2\/media\/4114"}],"wp:attachment":[{"href":"https:\/\/valitec.co\/sitioweb\/wp-json\/wp\/v2\/media?parent=4113"}],"wp:term":[{"taxonomy":"product_brand","embeddable":true,"href":"https:\/\/valitec.co\/sitioweb\/wp-json\/wp\/v2\/product_brand?post=4113"},{"taxonomy":"product_cat","embeddable":true,"href":"https:\/\/valitec.co\/sitioweb\/wp-json\/wp\/v2\/product_cat?post=4113"},{"taxonomy":"product_tag","embeddable":true,"href":"https:\/\/valitec.co\/sitioweb\/wp-json\/wp\/v2\/product_tag?post=4113"}],"curies":[{"name":"wp","href":"https:\/\/api.w.org\/{rel}","templated":true}]}}