{"id":4107,"date":"2023-04-19T21:13:00","date_gmt":"2023-04-19T21:13:00","guid":{"rendered":"https:\/\/valitec.co\/sitioweb\/?post_type=product&#038;p=4107"},"modified":"2023-04-19T21:13:53","modified_gmt":"2023-04-19T21:13:53","slug":"filtro-de-jeringa-pes-certficado-para-cromatografia-ionica","status":"publish","type":"product","link":"https:\/\/valitec.co\/sitioweb\/product\/filtro-de-jeringa-pes-certficado-para-cromatografia-ionica\/","title":{"rendered":"Filtro de jeringa PES Certficado para Cromatograf\u00eda I\u00f3nica"},"content":{"rendered":"","protected":false},"excerpt":{"rendered":"<p>La membrana de PES (Polyethersulfone) proporciona un mayor flujo y volumen de filtrado.<br \/>\n\u00c9sta membrana tiene bajo binding de prote\u00ednas y puede utilizarse para filtrar l\u00edquidos a alta temperatura.<br \/>\nLa membrana de PES es mec\u00e1nicamente fuerte y resistente a un extenso rango de solvente acuosos.<br \/>\nLa membrana de PES es un filtro muy adecuado para trabajos en medios de cultivo. Nivel muy bajo de<br \/>\nextra\u00edbles y bajo binding de prote\u00ednas y \u00e1cidos nucl\u00e9icos.<br \/>\nExcelente para flujos altos.<br \/>\nEl filtro con membrana PES de National Scientific est\u00e1 certificado para cromatograf\u00eda i\u00f3nica.<\/p>\n<h6><a href=\"https:\/\/www.teknokroma.es\/media\/3676\/filtrationextrac_lq.pdf\">Descarga cat\u00e1logo general<\/a><\/h6>\n<p style=\"text-align: center;\">Fabricante<\/p>\n<p><img decoding=\"async\" class=\"alignnone size-full wp-image-4109 aligncenter\" src=\"https:\/\/valitec.co\/sitioweb\/wp-content\/uploads\/2023\/04\/16.png\" alt=\"\" width=\"260\" height=\"96\" srcset=\"https:\/\/valitec.co\/sitioweb\/wp-content\/uploads\/2023\/04\/16.png 260w, https:\/\/valitec.co\/sitioweb\/wp-content\/uploads\/2023\/04\/16-90x33.png 90w\" sizes=\"(max-width: 260px) 100vw, 260px\" \/><\/p>\n","protected":false},"featured_media":4108,"template":"","meta":{"_eb_attr":""},"product_brand":[],"product_cat":[99],"product_tag":[],"class_list":{"0":"post-4107","1":"product","2":"type-product","3":"status-publish","4":"has-post-thumbnail","6":"product_cat-filtros-de-jeringa","8":"first","9":"instock","10":"shipping-taxable","11":"product-type-simple"},"_links":{"self":[{"href":"https:\/\/valitec.co\/sitioweb\/wp-json\/wp\/v2\/product\/4107","targetHints":{"allow":["GET"]}}],"collection":[{"href":"https:\/\/valitec.co\/sitioweb\/wp-json\/wp\/v2\/product"}],"about":[{"href":"https:\/\/valitec.co\/sitioweb\/wp-json\/wp\/v2\/types\/product"}],"wp:featuredmedia":[{"embeddable":true,"href":"https:\/\/valitec.co\/sitioweb\/wp-json\/wp\/v2\/media\/4108"}],"wp:attachment":[{"href":"https:\/\/valitec.co\/sitioweb\/wp-json\/wp\/v2\/media?parent=4107"}],"wp:term":[{"taxonomy":"product_brand","embeddable":true,"href":"https:\/\/valitec.co\/sitioweb\/wp-json\/wp\/v2\/product_brand?post=4107"},{"taxonomy":"product_cat","embeddable":true,"href":"https:\/\/valitec.co\/sitioweb\/wp-json\/wp\/v2\/product_cat?post=4107"},{"taxonomy":"product_tag","embeddable":true,"href":"https:\/\/valitec.co\/sitioweb\/wp-json\/wp\/v2\/product_tag?post=4107"}],"curies":[{"name":"wp","href":"https:\/\/api.w.org\/{rel}","templated":true}]}}