{"id":4101,"date":"2023-04-19T20:53:44","date_gmt":"2023-04-19T20:53:44","guid":{"rendered":"https:\/\/valitec.co\/sitioweb\/?post_type=product&#038;p=4101"},"modified":"2025-07-16T03:50:56","modified_gmt":"2025-07-16T03:50:56","slug":"filtros-de-jeringa-olimpeak-25-y-13-mm","status":"publish","type":"product","link":"https:\/\/valitec.co\/sitioweb\/product\/filtros-de-jeringa-olimpeak-25-y-13-mm\/","title":{"rendered":"Filtros de Jeringa Olimpeak\u2122 25 y 13 mm"},"content":{"rendered":"<h4 style=\"text-align: center;\">Gu\u00eda para elegir su filtro de jeringa<\/h4>\n<p>&nbsp;<\/p>\n<p><strong>Muestras con matriz de disolventes org\u00e1nicos o\/y acuosos:<\/strong><\/p>\n<p>Puede utilizar Nylon, Polipropileno, PVDF, PTFE, PTFE hidrof\u00edlico, Celulosa Regenerada.<\/p>\n<p><strong>Muestras con soluciones acuosas:<\/strong><\/p>\n<p>Puede utilizar Acetato de Celulosa, Celulosa M.E., PES.<\/p>\n<p><strong>Muestras con matriz de p\u00e9ptidos y prote\u00ednas:<\/strong><\/p>\n<p>Puede utilizar Celulosa Regenerada, Celulosa Acetato, Polipropileno, PVDF, PES.<\/p>\n<p><strong>Filtraci\u00f3n de medios de cultivo de tejidos:<\/strong><\/p>\n<p>Se puede utilizar Celulosa Regenerada, Acetato de Celulosa, PES, Celulosa M.E.<\/p>\n<p><strong>Filtraci\u00f3n por cromatograf\u00eda i\u00f3nica:<\/strong><\/p>\n<p>Se puede utilizar Polietersulfona Certificada.<\/p>\n<p><strong>Muestras con una matriz\u00a0con excesiva cantidad de part\u00edculas.<\/strong><\/p>\n<p>Se puede utilizar un filtro de jeringa con prefiltro de vidrio (GMF).<\/p>\n<p>&nbsp;<\/p>\n<p>&nbsp;<\/p>\n<p><strong>Nylon Olimpeak\u2122<\/strong><\/p>\n<p><strong>PTFE Olimpeak\u2122<\/strong><\/p>\n<p><strong>PTFE hidrof\u00edlico Olimpeak\u2122<\/strong><\/p>\n<p><strong>Polipropileno Olimpeak\u2122<\/strong><\/p>\n<p><strong>PVDF Olimpeak\u2122<\/strong><\/p>\n<p><strong>Celulosa regenerada Olimpeak\u2122<\/strong><\/p>\n<p><strong>Polietersulfona Olimpeak\u2122<\/strong><\/p>\n<p><strong>Acetato de celulosa Olimpeak\u2122<\/strong><\/p>\n<p><strong>M.E. Celulosa Olimpeak\u2122<\/strong><\/p>\n<p><strong>Microfibra de vidrio GMF Olimpeak\u2122<\/strong><\/p>\n<p>&nbsp;<\/p>\n<p style=\"text-align: center;\">Fabricante<\/p>\n<p>&nbsp;<\/p>\n<p><img decoding=\"async\" class=\"alignnone size-full wp-image-4090 aligncenter\" src=\"https:\/\/valitec.co\/sitioweb\/wp-content\/uploads\/2023\/04\/7.png\" alt=\"\" width=\"243\" height=\"66\" srcset=\"https:\/\/valitec.co\/sitioweb\/wp-content\/uploads\/2023\/04\/7.png 243w, https:\/\/valitec.co\/sitioweb\/wp-content\/uploads\/2023\/04\/7-90x24.png 90w\" sizes=\"(max-width: 243px) 100vw, 243px\" \/><\/p>\n","protected":false},"excerpt":{"rendered":"<p>Los filtros de Jeringa Certificados OlimPeak est\u00e1n fabricados con carcasa de polipropileno de grado m\u00e9dico, con terminales Luer Lock y Luer Slip seg\u00fan norma ISO 594-1.Cada filtro\u00a0 est\u00e1 sellado con un anillo externo que mantiene la integridad de la membrana y el mejor funcionamiento.<\/p>\n<p>Los filtros de jeringa OlimPeak son f\u00e1cilmente identificables mediante un c\u00f3digo de colores. Est\u00e1n fabricados siguiendo normas ISO 9001 y los procedimientos t\u00e9cnicos y controles de calidad se realizan seg\u00fan los est\u00e1ndares internacionales ISO 17025. Nuestros sistemas de producci\u00f3n eliminan resultados variables mediante un sistema de control de la consistencia de fabricaci\u00f3n lote a lote y filtro a filtro. Como referencia, se conservan los datos originales y muestras de filtros y membranas durante 5 a\u00f1os desde su fabricaci\u00f3n. Los filtros de Jeringa certificados OlimPeak se suministran con un Certificado de Calidad de cada lote como garant\u00eda de buen funcionamiento. El 100% de los filtros se inspeccionan visualmente siguiendo las especificaciones de calidad.<\/p>\n<p>De cada lote se examinan: Las dimensiones externas, punto de burbuja, integridad, ratio de flujo de agua, nivel de extra\u00edbles por UV, y conformidad con todos los procedimientos t\u00e9cnicos, especificaciones de fabricaci\u00f3n y de control de calidad.<\/p>\n<p>Los filtros de jeringa OlimPeak\u00a0est\u00e1n\u00a0disponibles con las siguientes membranas; Nylon, PES,\u00a0PTFE, PTFEH, PVDF, CR, NC,AC,M.E.C,GF y PP.<\/p>\n<p>&nbsp;<\/p>\n<h5><a href=\"https:\/\/www.teknokroma.es\/media\/3676\/filtrationextrac_lq.pdf\">Descarga cat\u00e1logo<\/a><\/h5>\n<h5><a href=\"https:\/\/www.teknokroma.es\/media\/4224\/olimpeak.pdf\">Descarga OlimPeak<\/a><\/h5>\n","protected":false},"featured_media":4102,"template":"","meta":{"_eb_attr":""},"product_brand":[],"product_cat":[99],"product_tag":[],"class_list":{"0":"post-4101","1":"product","2":"type-product","3":"status-publish","4":"has-post-thumbnail","6":"product_cat-filtros-de-jeringa","8":"first","9":"instock","10":"shipping-taxable","11":"product-type-simple"},"_links":{"self":[{"href":"https:\/\/valitec.co\/sitioweb\/wp-json\/wp\/v2\/product\/4101","targetHints":{"allow":["GET"]}}],"collection":[{"href":"https:\/\/valitec.co\/sitioweb\/wp-json\/wp\/v2\/product"}],"about":[{"href":"https:\/\/valitec.co\/sitioweb\/wp-json\/wp\/v2\/types\/product"}],"wp:featuredmedia":[{"embeddable":true,"href":"https:\/\/valitec.co\/sitioweb\/wp-json\/wp\/v2\/media\/4102"}],"wp:attachment":[{"href":"https:\/\/valitec.co\/sitioweb\/wp-json\/wp\/v2\/media?parent=4101"}],"wp:term":[{"taxonomy":"product_brand","embeddable":true,"href":"https:\/\/valitec.co\/sitioweb\/wp-json\/wp\/v2\/product_brand?post=4101"},{"taxonomy":"product_cat","embeddable":true,"href":"https:\/\/valitec.co\/sitioweb\/wp-json\/wp\/v2\/product_cat?post=4101"},{"taxonomy":"product_tag","embeddable":true,"href":"https:\/\/valitec.co\/sitioweb\/wp-json\/wp\/v2\/product_tag?post=4101"}],"curies":[{"name":"wp","href":"https:\/\/api.w.org\/{rel}","templated":true}]}}