{"id":4098,"date":"2023-04-19T20:34:37","date_gmt":"2023-04-19T20:34:37","guid":{"rendered":"https:\/\/valitec.co\/sitioweb\/?post_type=product&#038;p=4098"},"modified":"2023-04-19T20:37:04","modified_gmt":"2023-04-19T20:37:04","slug":"membranas-de-filtracion-para-preparacion-de-muestras","status":"publish","type":"product","link":"https:\/\/valitec.co\/sitioweb\/product\/membranas-de-filtracion-para-preparacion-de-muestras\/","title":{"rendered":"Membranas de filtraci\u00f3n para preparaci\u00f3n de muestras"},"content":{"rendered":"","protected":false},"excerpt":{"rendered":"<p>Membranas de filtraci\u00f3n para filtraci\u00f3n de muestras\u00a0(necesita\u00a0soporte 13\/25 mm D.)<\/p>\n<p>Proteja sus columnas eliminando las part\u00edculas contenidas en sus muestras, filtr\u00e1ndolas con filtros de membrana de 13 y 25 mm de di\u00e1metro. Los filtros de membrana son una alternativa econ\u00f3mica a los filtros de jeringa. Necesitan un porta-filtros para poder utilizarse. Disponibles en las siguientes membranas. Nylon, PTFE, PVDF, Mezcla \u00c9steres de Celulosa, Celulosa Regenerada.<\/p>\n<p>&nbsp;<\/p>\n<h6><a href=\"https:\/\/www.teknokroma.es\/media\/3676\/filtrationextrac_lq.pdf{\">Cat\u00e1logo general\u00a0<\/a><\/h6>\n<h6><a href=\"https:\/\/www.teknokroma.es\/media\/4222\/membrane-filters.pdf\">Membrana de filtraci\u00f3n<\/a><\/h6>\n<p>&nbsp;<\/p>\n<p style=\"text-align: center;\">Fabricante<\/p>\n<p>&nbsp;<\/p>\n<p><img decoding=\"async\" class=\"alignnone size-full wp-image-4090 aligncenter\" src=\"https:\/\/valitec.co\/sitioweb\/wp-content\/uploads\/2023\/04\/7.png\" alt=\"\" width=\"243\" height=\"66\" srcset=\"https:\/\/valitec.co\/sitioweb\/wp-content\/uploads\/2023\/04\/7.png 243w, https:\/\/valitec.co\/sitioweb\/wp-content\/uploads\/2023\/04\/7-90x24.png 90w\" sizes=\"(max-width: 243px) 100vw, 243px\" \/><\/p>\n","protected":false},"featured_media":4093,"template":"","meta":{"_eb_attr":""},"product_brand":[],"product_cat":[98],"product_tag":[],"class_list":{"0":"post-4098","1":"product","2":"type-product","3":"status-publish","4":"has-post-thumbnail","6":"product_cat-membranas-de-filtracion","8":"first","9":"instock","10":"shipping-taxable","11":"product-type-simple"},"_links":{"self":[{"href":"https:\/\/valitec.co\/sitioweb\/wp-json\/wp\/v2\/product\/4098","targetHints":{"allow":["GET"]}}],"collection":[{"href":"https:\/\/valitec.co\/sitioweb\/wp-json\/wp\/v2\/product"}],"about":[{"href":"https:\/\/valitec.co\/sitioweb\/wp-json\/wp\/v2\/types\/product"}],"wp:featuredmedia":[{"embeddable":true,"href":"https:\/\/valitec.co\/sitioweb\/wp-json\/wp\/v2\/media\/4093"}],"wp:attachment":[{"href":"https:\/\/valitec.co\/sitioweb\/wp-json\/wp\/v2\/media?parent=4098"}],"wp:term":[{"taxonomy":"product_brand","embeddable":true,"href":"https:\/\/valitec.co\/sitioweb\/wp-json\/wp\/v2\/product_brand?post=4098"},{"taxonomy":"product_cat","embeddable":true,"href":"https:\/\/valitec.co\/sitioweb\/wp-json\/wp\/v2\/product_cat?post=4098"},{"taxonomy":"product_tag","embeddable":true,"href":"https:\/\/valitec.co\/sitioweb\/wp-json\/wp\/v2\/product_tag?post=4098"}],"curies":[{"name":"wp","href":"https:\/\/api.w.org\/{rel}","templated":true}]}}