{"id":4088,"date":"2023-04-19T19:08:43","date_gmt":"2023-04-19T19:08:43","guid":{"rendered":"https:\/\/valitec.co\/sitioweb\/?post_type=product&#038;p=4088"},"modified":"2023-04-19T19:09:18","modified_gmt":"2023-04-19T19:09:18","slug":"kit-de-filtracion-de-fase-movil-3","status":"publish","type":"product","link":"https:\/\/valitec.co\/sitioweb\/product\/kit-de-filtracion-de-fase-movil-3\/","title":{"rendered":"Kit de Filtraci\u00f3n de Fase M\u00f3vil"},"content":{"rendered":"","protected":false},"excerpt":{"rendered":"<p>\u2022 Equipo de filtraci\u00f3n de Teknokroma para eliminaci\u00f3n de part\u00edculas de la fase m\u00f3vil, con membranas de 47 mm D<br \/>\n\u2022 Fabricado en vidrio de primera calidad, tubo de vidrio DURAN de Schott.<br \/>\n\u2022 La porosidad de la placa de filtraci\u00f3n es del n\u00famero 3, con un tama\u00f1o de poro nominal de 16-40 micr\u00f3metros.<\/p>\n<p>&nbsp;<\/p>\n<h6><a href=\"https:\/\/www.teknokroma.es\/media\/3676\/filtrationextrac_lq.pdf\">Descarga cat\u00e1logo general<\/a><\/h6>\n<h6><a href=\"https:\/\/www.teknokroma.es\/media\/4223\/filtering-equipment.pdf\">Descarga equipos de filtrado<\/a><\/h6>\n<p>&nbsp;<\/p>\n<h5 style=\"text-align: center;\">Fabricante<\/h5>\n<p><img decoding=\"async\" class=\"size-full wp-image-4090 aligncenter\" src=\"https:\/\/valitec.co\/sitioweb\/wp-content\/uploads\/2023\/04\/7.png\" alt=\"\" width=\"243\" height=\"66\" srcset=\"https:\/\/valitec.co\/sitioweb\/wp-content\/uploads\/2023\/04\/7.png 243w, https:\/\/valitec.co\/sitioweb\/wp-content\/uploads\/2023\/04\/7-90x24.png 90w\" sizes=\"(max-width: 243px) 100vw, 243px\" \/><\/p>\n<p>&nbsp;<\/p>\n","protected":false},"featured_media":4089,"template":"","meta":{"_eb_attr":""},"product_brand":[],"product_cat":[97],"product_tag":[],"class_list":{"0":"post-4088","1":"product","2":"type-product","3":"status-publish","4":"has-post-thumbnail","6":"product_cat-filtracion-de-fase-movil","8":"first","9":"instock","10":"shipping-taxable","11":"product-type-simple"},"_links":{"self":[{"href":"https:\/\/valitec.co\/sitioweb\/wp-json\/wp\/v2\/product\/4088","targetHints":{"allow":["GET"]}}],"collection":[{"href":"https:\/\/valitec.co\/sitioweb\/wp-json\/wp\/v2\/product"}],"about":[{"href":"https:\/\/valitec.co\/sitioweb\/wp-json\/wp\/v2\/types\/product"}],"wp:featuredmedia":[{"embeddable":true,"href":"https:\/\/valitec.co\/sitioweb\/wp-json\/wp\/v2\/media\/4089"}],"wp:attachment":[{"href":"https:\/\/valitec.co\/sitioweb\/wp-json\/wp\/v2\/media?parent=4088"}],"wp:term":[{"taxonomy":"product_brand","embeddable":true,"href":"https:\/\/valitec.co\/sitioweb\/wp-json\/wp\/v2\/product_brand?post=4088"},{"taxonomy":"product_cat","embeddable":true,"href":"https:\/\/valitec.co\/sitioweb\/wp-json\/wp\/v2\/product_cat?post=4088"},{"taxonomy":"product_tag","embeddable":true,"href":"https:\/\/valitec.co\/sitioweb\/wp-json\/wp\/v2\/product_tag?post=4088"}],"curies":[{"name":"wp","href":"https:\/\/api.w.org\/{rel}","templated":true}]}}