{"id":3875,"date":"2023-04-17T20:41:29","date_gmt":"2023-04-17T20:41:29","guid":{"rendered":"https:\/\/valitec.co\/sitioweb\/?post_type=product&#038;p=3875"},"modified":"2024-08-18T00:53:44","modified_gmt":"2024-08-18T00:53:44","slug":"columnas-hplc-halo","status":"publish","type":"product","link":"https:\/\/valitec.co\/sitioweb\/product\/columnas-hplc-halo\/","title":{"rendered":"Columnas HPLC Halo"},"content":{"rendered":"<h4><span style=\"color: #000000;\"><strong><a style=\"color: #000000;\" href=\"https:\/\/www.teknokroma.es\/media\/4479\/halo-catalog-amt_oct_final-halo.pdf\" rel=\"nofollow noopener\" target=\"_blank\">Descarga cat\u00e1logo HALO<\/a><\/strong><\/span><\/h4>\n<h4><span style=\"color: #000000;\"><strong><a style=\"color: #000000;\" href=\"https:\/\/www.teknokroma.es\/media\/6891\/amt_19_ac_rev_0.pdf\" rel=\"nofollow noopener\" target=\"_blank\">Aplicaciones-Columnas-HALO<\/a><\/strong><\/span><\/h4>\n<h4><span style=\"color: #000000;\"><strong><a style=\"color: #000000;\" href=\"https:\/\/youtu.be\/e40dnSVTg6A\" rel=\"nofollow noopener\" target=\"_blank\">Video-Columna-Halo<\/a><\/strong><\/span><\/h4>\n<p>FABRICANTE: Advanced Materials Technology<\/p>\n<p><img decoding=\"async\" class=\"alignnone wp-image-1771\" src=\"https:\/\/valitec.co\/sitioweb\/wp-content\/uploads\/2022\/09\/advance.jpg\" alt=\"\" width=\"425\" height=\"85\" srcset=\"https:\/\/valitec.co\/sitioweb\/wp-content\/uploads\/2022\/09\/advance.jpg 700w, https:\/\/valitec.co\/sitioweb\/wp-content\/uploads\/2022\/09\/advance-300x60.jpg 300w, https:\/\/valitec.co\/sitioweb\/wp-content\/uploads\/2022\/09\/advance-600x120.jpg 600w, https:\/\/valitec.co\/sitioweb\/wp-content\/uploads\/2022\/09\/advance-90x18.jpg 90w\" sizes=\"(max-width: 425px) 100vw, 425px\" \/><\/p>\n<p>&nbsp;<\/p>\n","protected":false},"excerpt":{"rendered":"<p><strong><span style=\"color: #000000;\">Separaciones de alta velocidad<\/span><\/strong><\/p>\n<ul>\n<li>Reducir el tama\u00f1o de la part\u00edcula conduce a altas eficiencias, picos m\u00e1s estrechos y m\u00e1s altos, para una resoluci\u00f3n mejorada y l\u00edmites de detecci\u00f3n m\u00e1s bajos (LODs y LOQs)<\/li>\n<li>El diagrama Deemter plano, y la velocidad lineal m\u00e1s alta permiten velocidades de flujo \u00f3ptimas con una p\u00e9rdida de eficiencia de columna m\u00ednima<\/li>\n<\/ul>\n<p><strong><span style=\"color: #000000;\">Separaciones de alta resoluci\u00f3n<\/span><\/strong><\/p>\n<ul>\n<li>Alta eficiencia con geometr\u00edas m\u00e1s largas (100, 150, 250 mm) proporciona un mayor poder de resoluci\u00f3n para aplicaciones dif\u00edciles.<\/li>\n<li>La contrapresi\u00f3n m\u00e1s baja permite que las columnas se utilicen en serie para las separaciones de UHPLC y HPLC m\u00e1s exigentes.<\/li>\n<\/ul>\n<p>&nbsp;<\/p>\n<p><span style=\"color: #000000;\"><strong>Excelente robustez y reproducibilidad<\/strong><\/span><\/p>\n<ul>\n<li>Menor obstrucci\u00f3n, mayor vida \u00fatil de la columna y mayor tiempo de actividad gracias a las fritas de porosidad m\u00e1s grandes (frente a las columnas totalmente porosas (sin n\u00facleo) de menos de 2 \u00b5m).<\/li>\n<li style=\"list-style-type: none;\">\n<ul>\n<li>Fritados de 2 \u00b5m para HALO 2.7 y HALO 5<\/li>\n<li>Fritados de 1 \u00b5m para HALO 2 frente a fritas de 0,2-0,5 \u00b5m para columnas sin n\u00facleo de menos de 2 \u00b5m<\/li>\n<\/ul>\n<\/li>\n<\/ul>\n<p>&nbsp;<\/p>\n<ul>\n<li>Excelente reproducibilidad de columna a columna y de lote a lote<\/li>\n<\/ul>\n","protected":false},"featured_media":842,"template":"","meta":{"_eb_attr":""},"product_brand":[],"product_cat":[62],"product_tag":[],"class_list":{"0":"post-3875","1":"product","2":"type-product","3":"status-publish","4":"has-post-thumbnail","6":"product_cat-columnas-hplc","8":"first","9":"instock","10":"shipping-taxable","11":"product-type-simple"},"_links":{"self":[{"href":"https:\/\/valitec.co\/sitioweb\/wp-json\/wp\/v2\/product\/3875","targetHints":{"allow":["GET"]}}],"collection":[{"href":"https:\/\/valitec.co\/sitioweb\/wp-json\/wp\/v2\/product"}],"about":[{"href":"https:\/\/valitec.co\/sitioweb\/wp-json\/wp\/v2\/types\/product"}],"wp:featuredmedia":[{"embeddable":true,"href":"https:\/\/valitec.co\/sitioweb\/wp-json\/wp\/v2\/media\/842"}],"wp:attachment":[{"href":"https:\/\/valitec.co\/sitioweb\/wp-json\/wp\/v2\/media?parent=3875"}],"wp:term":[{"taxonomy":"product_brand","embeddable":true,"href":"https:\/\/valitec.co\/sitioweb\/wp-json\/wp\/v2\/product_brand?post=3875"},{"taxonomy":"product_cat","embeddable":true,"href":"https:\/\/valitec.co\/sitioweb\/wp-json\/wp\/v2\/product_cat?post=3875"},{"taxonomy":"product_tag","embeddable":true,"href":"https:\/\/valitec.co\/sitioweb\/wp-json\/wp\/v2\/product_tag?post=3875"}],"curies":[{"name":"wp","href":"https:\/\/api.w.org\/{rel}","templated":true}]}}