{"id":3272,"date":"2023-04-03T11:46:15","date_gmt":"2023-04-03T11:46:15","guid":{"rendered":"https:\/\/valitec.co\/sitioweb\/?post_type=product&#038;p=3272"},"modified":"2023-04-24T21:33:28","modified_gmt":"2023-04-24T21:33:28","slug":"columnas-empaquetadas","status":"publish","type":"product","link":"https:\/\/valitec.co\/sitioweb\/product\/columnas-empaquetadas\/","title":{"rendered":"Columnas empaquetadas"},"content":{"rendered":"<h3><a href=\"https:\/\/www.teknokroma.es\/media\/3675\/gc_lq.pdf\" rel=\"nofollow noopener\" target=\"_blank\">Descarga cat\u00e1logo general<\/a><\/h3>\n<h3><a href=\"https:\/\/www.teknokroma.es\/media\/4700\/columnas-empacadas_cat.pdf\" rel=\"nofollow noopener\" target=\"_blank\">Columnas empaquetadas<\/a><\/h3>\n<p>Fabricante:<\/p>\n<p><img decoding=\"async\" class=\"alignnone size-full wp-image-3114\" src=\"https:\/\/valitec.co\/sitioweb\/wp-content\/uploads\/2023\/03\/teckno.png\" alt=\"\" width=\"243\" height=\"66\" srcset=\"https:\/\/valitec.co\/sitioweb\/wp-content\/uploads\/2023\/03\/teckno.png 243w, https:\/\/valitec.co\/sitioweb\/wp-content\/uploads\/2023\/03\/teckno-90x24.png 90w\" sizes=\"(max-width: 243px) 100vw, 243px\" \/><\/p>\n","protected":false},"excerpt":{"rendered":"<p>Las columnas empaquetadas se han utilizado durante los \u00faltimos 50 a\u00f1os en todo tipo de an\u00e1lisis para cromatograf\u00eda de gases. Hoy en d\u00eda, todav\u00eda se utilizan las columnas empaquetadas debido a la amplia gama de rellenos disponibles y a su alta capacidad de carga en columna. Estos aspectos hacen a las columnas empaquetadas bastante vers\u00e1til para una amplia gama de aplicaciones, que no resuelve las columnas capilares.<\/p>\n<p>Los tubos usados en las columnas empaquetadas suelen ser de vidrio, acero inoxidable, y en menor medida, cobre n\u00edquel y tefl\u00f3n, con di\u00e1metros de, 1\/4\u201d y 1\/8\u201d de OD y de 2, 3 y 4 mm de ID. Las columnas empaquetadas en tubos de vidrio son inertes, pero son muy fr\u00e1giles y se rompen con mucha facilidad, mientras que las columnas fabricadas con tubos de metal son resistentes y flexibles, pero necesitan ser desactivados para que se puedan utilizar para an\u00e1lisis de compuestos activos.<\/p>\n<p>Teknokroma fabrica columnas empaquetadas desde sus inicios y siempre ha proporcionado una amplia gama de diferentes materiales de relleno m\u00e1s avanzados<\/p>\n<p>&nbsp;<\/p>\n","protected":false},"featured_media":3268,"template":"","meta":{"_eb_attr":""},"product_brand":[],"product_cat":[96],"product_tag":[],"class_list":{"0":"post-3272","1":"product","2":"type-product","3":"status-publish","4":"has-post-thumbnail","6":"product_cat-columnas-microempaquetadas","8":"first","9":"instock","10":"shipping-taxable","11":"product-type-simple"},"_links":{"self":[{"href":"https:\/\/valitec.co\/sitioweb\/wp-json\/wp\/v2\/product\/3272","targetHints":{"allow":["GET"]}}],"collection":[{"href":"https:\/\/valitec.co\/sitioweb\/wp-json\/wp\/v2\/product"}],"about":[{"href":"https:\/\/valitec.co\/sitioweb\/wp-json\/wp\/v2\/types\/product"}],"wp:featuredmedia":[{"embeddable":true,"href":"https:\/\/valitec.co\/sitioweb\/wp-json\/wp\/v2\/media\/3268"}],"wp:attachment":[{"href":"https:\/\/valitec.co\/sitioweb\/wp-json\/wp\/v2\/media?parent=3272"}],"wp:term":[{"taxonomy":"product_brand","embeddable":true,"href":"https:\/\/valitec.co\/sitioweb\/wp-json\/wp\/v2\/product_brand?post=3272"},{"taxonomy":"product_cat","embeddable":true,"href":"https:\/\/valitec.co\/sitioweb\/wp-json\/wp\/v2\/product_cat?post=3272"},{"taxonomy":"product_tag","embeddable":true,"href":"https:\/\/valitec.co\/sitioweb\/wp-json\/wp\/v2\/product_tag?post=3272"}],"curies":[{"name":"wp","href":"https:\/\/api.w.org\/{rel}","templated":true}]}}