{"id":3270,"date":"2023-04-03T11:42:17","date_gmt":"2023-04-03T11:42:17","guid":{"rendered":"https:\/\/valitec.co\/sitioweb\/?post_type=product&#038;p=3270"},"modified":"2023-04-24T21:34:05","modified_gmt":"2023-04-24T21:34:05","slug":"columnas-microempaquetadas-teknokroma","status":"publish","type":"product","link":"https:\/\/valitec.co\/sitioweb\/product\/columnas-microempaquetadas-teknokroma\/","title":{"rendered":"Columnas Microempaquetadas Teknokroma"},"content":{"rendered":"","protected":false},"excerpt":{"rendered":"<p>Las columnas microempaquetadas Teknokroma, se adaptan tanto en los inyectores de columnas de relleno como en los inyectores de columnas capilares. Las columnas microempaquetada est\u00e1n disponibles en 0,53 mm, 0.75 mm y 1 mm de ID y 1\/6\u201d de OD, y ofrecen una mayor eficacia respecto a las columnas empaquetadas tradicionales y una reducci\u00f3n del consumo de gas. Tienen mayor capacidad de carga que las columnas PLOT.<\/p>\n<p>El tubo utilizado en las columnas microempaquetada es de acero inoxidable desactivado o de Sulfinert, ambos presentan la inercia del vidrio y la durabilidad del acero inoxidable, por lo que se obtienen buenos resultados para una amplia variedad de compuestos activos.<\/p>\n<p>La flexibilidad del tubo permite la adaptaci\u00f3n a la mayor\u00eda de equipos y no necesita especificar ninguna configuraci\u00f3n especial.<\/p>\n<h3><a href=\"https:\/\/www.teknokroma.es\/media\/3675\/gc_lq.pdf\">Descarga Cat\u00e1logo general<\/a><\/h3>\n<p>Fabricante:<\/p>\n<p><img decoding=\"async\" class=\"alignnone size-full wp-image-3114\" src=\"https:\/\/valitec.co\/sitioweb\/wp-content\/uploads\/2023\/03\/teckno.png\" alt=\"\" width=\"243\" height=\"66\" srcset=\"https:\/\/valitec.co\/sitioweb\/wp-content\/uploads\/2023\/03\/teckno.png 243w, https:\/\/valitec.co\/sitioweb\/wp-content\/uploads\/2023\/03\/teckno-90x24.png 90w\" sizes=\"(max-width: 243px) 100vw, 243px\" \/><\/p>\n","protected":false},"featured_media":3268,"template":"","meta":{"_eb_attr":""},"product_brand":[],"product_cat":[96],"product_tag":[],"class_list":{"0":"post-3270","1":"product","2":"type-product","3":"status-publish","4":"has-post-thumbnail","6":"product_cat-columnas-microempaquetadas","8":"first","9":"instock","10":"shipping-taxable","11":"product-type-simple"},"_links":{"self":[{"href":"https:\/\/valitec.co\/sitioweb\/wp-json\/wp\/v2\/product\/3270","targetHints":{"allow":["GET"]}}],"collection":[{"href":"https:\/\/valitec.co\/sitioweb\/wp-json\/wp\/v2\/product"}],"about":[{"href":"https:\/\/valitec.co\/sitioweb\/wp-json\/wp\/v2\/types\/product"}],"wp:featuredmedia":[{"embeddable":true,"href":"https:\/\/valitec.co\/sitioweb\/wp-json\/wp\/v2\/media\/3268"}],"wp:attachment":[{"href":"https:\/\/valitec.co\/sitioweb\/wp-json\/wp\/v2\/media?parent=3270"}],"wp:term":[{"taxonomy":"product_brand","embeddable":true,"href":"https:\/\/valitec.co\/sitioweb\/wp-json\/wp\/v2\/product_brand?post=3270"},{"taxonomy":"product_cat","embeddable":true,"href":"https:\/\/valitec.co\/sitioweb\/wp-json\/wp\/v2\/product_cat?post=3270"},{"taxonomy":"product_tag","embeddable":true,"href":"https:\/\/valitec.co\/sitioweb\/wp-json\/wp\/v2\/product_tag?post=3270"}],"curies":[{"name":"wp","href":"https:\/\/api.w.org\/{rel}","templated":true}]}}