{"id":3263,"date":"2023-04-03T11:27:49","date_gmt":"2023-04-03T11:27:49","guid":{"rendered":"https:\/\/valitec.co\/sitioweb\/?post_type=product&#038;p=3263"},"modified":"2023-04-03T11:28:09","modified_gmt":"2023-04-03T11:28:09","slug":"flowmeter-525-gc","status":"publish","type":"product","link":"https:\/\/valitec.co\/sitioweb\/product\/flowmeter-525-gc\/","title":{"rendered":"Flowmeter 525 GC"},"content":{"rendered":"<h5>Especificaciones:<\/h5>\n<p><strong>Rango<\/strong>: 0,1 a 500 ml\/min (0,1 a 275 ml\/min para el Di\u00f3xido de Carbono)<\/p>\n<p><strong>Resoluci\u00f3n<\/strong>: 0,1 ml\/min<\/p>\n<p><strong>Precisi\u00f3n<\/strong>: \u00b10,4 ml\/min o 2,5% de la lectura de gases: Aire, arg\u00f3n, arg\u00f3n\/5% de metano, di\u00f3xido de carbono, helio, hidr\u00f3geno, nitr\u00f3geno, ox\u00edgeno.<\/p>\n<p><strong>Tama\u00f1o<\/strong>: 68 x 130 x 30 mm<\/p>\n<p><strong>Peso<\/strong>: 150 g<\/p>\n<p><strong>Calibraci\u00f3n<\/strong>: Anualmente<\/p>\n<p><strong>Trazabilidad<\/strong>: Calibraci\u00f3n trazable a las normas UKAS<\/p>\n<h3><a href=\"https:\/\/www.teknokroma.es\/media\/3675\/gc_lq.pdf\" rel=\"nofollow noopener\" target=\"_blank\">Descarga cat\u00e1logo general<\/a><\/h3>\n<h3><a href=\"https:\/\/www.teknokroma.es\/media\/3721\/525-gc-flowmeter_cat.pdf\" rel=\"nofollow noopener\" target=\"_blank\">Flowmeter 525 GC<\/a><\/h3>\n<p>Fabricante:<\/p>\n<p><img decoding=\"async\" class=\"alignnone size-full wp-image-3114\" src=\"https:\/\/valitec.co\/sitioweb\/wp-content\/uploads\/2023\/03\/teckno.png\" alt=\"\" width=\"243\" height=\"66\" srcset=\"https:\/\/valitec.co\/sitioweb\/wp-content\/uploads\/2023\/03\/teckno.png 243w, https:\/\/valitec.co\/sitioweb\/wp-content\/uploads\/2023\/03\/teckno-90x24.png 90w\" sizes=\"(max-width: 243px) 100vw, 243px\" \/><\/p>\n","protected":false},"excerpt":{"rendered":"<p><strong><span class=\"textsubtitle_style\">Medidor de flujo<\/span><\/strong><\/p>\n<p><span class=\"textcontent\">Las mediciones de flujo de gas precisas y repetibles son una parte crucial para la obtenci\u00f3n de buenos resultados de su cromat\u00f3grafo de gases . El Caudal\u00edmetro 525 GC\u00a0mide el flujo de gas de forma m\u00e1s f\u00e1cil y precisa, ayudando a eliminar los errores del usuario. Una gran pantalla OLED hace que la lectura de caudal\u00a0sea clara y f\u00e1cil, incorpora bater\u00eda recargable esto hace que el usuario ya no tenga que preocuparse de cambiar las pilas agotadas. El medidor de flujo 525 GC tiene una calibraci\u00f3n de 25 puntos trazables a patrones UKAS , para asegurar el nivel de precisi\u00f3n requerido en un laboratorio. Los usuarios pueden ajustar la temperatura y la presi\u00f3n de su entorno de trabajo y el Caudal\u00edmetro 525 GC compensar\u00e1 autom\u00e1ticamente estos cambios de sus condiciones de calibraci\u00f3n.<\/span><br \/>\n<strong><span class=\"textsubtitle_style\">Dise\u00f1ado para cromatograf\u00eda de gases<\/span><\/strong><br \/>\n<span class=\"textcontent\">El Caudal\u00edmetro 525 GC ofrece como est\u00e1ndar, la medici\u00f3n de ocho de los gases com\u00fanmente utilizados en la cromatograf\u00eda de gases. Adem\u00e1s del modo de medici\u00f3n de flujo est\u00e1ndar el Caudal\u00edmetro 525 GC tambi\u00e9n cuenta de:<\/span><br \/>\n<strong><span class=\"textsubtitle_style\">Velocidad lineal<\/span><\/strong><br \/>\n<span class=\"textcontent\">El usuario puede seleccionar en el men\u00fa de opciones el di\u00e1metro de su columna, pudiendo visualizar y calcular la velocidad lineal. El usuario puede cambiar f\u00e1cilmente entre la velocidad est\u00e1ndar o\u00a0 lineal con s\u00f3lo pulsar un bot\u00f3n.<\/span><br \/>\n<strong><span class=\"textsubtitle_style\">C\u00e1lculo de Flujo Dividido<\/span><\/strong><br \/>\n<span class=\"textcontent\">Flujo modo \u00abSplit\u00bb permite al usuario medir y almacenar el flujo de la columna, el usuario puede medir la fracci\u00f3n de flujo y el Caudal\u00edmetro GC 525 muestra tanto la velocidad de flujo y el ratio de divisi\u00f3n.<\/span><\/p>\n","protected":false},"featured_media":3262,"template":"","meta":{"_eb_attr":""},"product_brand":[],"product_cat":[93],"product_tag":[],"class_list":{"0":"post-3263","1":"product","2":"type-product","3":"status-publish","4":"has-post-thumbnail","6":"product_cat-medidores-de-flujos","8":"first","9":"instock","10":"shipping-taxable","11":"product-type-simple"},"_links":{"self":[{"href":"https:\/\/valitec.co\/sitioweb\/wp-json\/wp\/v2\/product\/3263","targetHints":{"allow":["GET"]}}],"collection":[{"href":"https:\/\/valitec.co\/sitioweb\/wp-json\/wp\/v2\/product"}],"about":[{"href":"https:\/\/valitec.co\/sitioweb\/wp-json\/wp\/v2\/types\/product"}],"wp:featuredmedia":[{"embeddable":true,"href":"https:\/\/valitec.co\/sitioweb\/wp-json\/wp\/v2\/media\/3262"}],"wp:attachment":[{"href":"https:\/\/valitec.co\/sitioweb\/wp-json\/wp\/v2\/media?parent=3263"}],"wp:term":[{"taxonomy":"product_brand","embeddable":true,"href":"https:\/\/valitec.co\/sitioweb\/wp-json\/wp\/v2\/product_brand?post=3263"},{"taxonomy":"product_cat","embeddable":true,"href":"https:\/\/valitec.co\/sitioweb\/wp-json\/wp\/v2\/product_cat?post=3263"},{"taxonomy":"product_tag","embeddable":true,"href":"https:\/\/valitec.co\/sitioweb\/wp-json\/wp\/v2\/product_tag?post=3263"}],"curies":[{"name":"wp","href":"https:\/\/api.w.org\/{rel}","templated":true}]}}