{"id":3252,"date":"2023-04-03T11:14:53","date_gmt":"2023-04-03T11:14:53","guid":{"rendered":"https:\/\/valitec.co\/sitioweb\/?post_type=product&#038;p=3252"},"modified":"2023-04-03T11:14:53","modified_gmt":"2023-04-03T11:14:53","slug":"accesorios-filtros-de-gas-super-clean","status":"publish","type":"product","link":"https:\/\/valitec.co\/sitioweb\/product\/accesorios-filtros-de-gas-super-clean\/","title":{"rendered":"Accesorios Filtros de Gas Super Clean"},"content":{"rendered":"<h3><a href=\"https:\/\/www.teknokroma.es\/media\/3675\/gc_lq.pdf\" rel=\"nofollow noopener\" target=\"_blank\">Descarga cat\u00e1logo<\/a><\/h3>\n<h3><a href=\"https:\/\/www.teknokroma.es\/media\/3718\/sgt_cat.pdf\" rel=\"nofollow noopener\" target=\"_blank\">Filtros SGT<\/a><\/h3>\n<h3><a href=\"https:\/\/www.teknokroma.es\/media\/3429\/electronic-indicator-brochure-2015.pdf\" rel=\"nofollow noopener\" target=\"_blank\">Electronic Indicator<\/a><\/h3>\n<p>Fabricante:<\/p>\n<p><img decoding=\"async\" class=\"alignnone  wp-image-3246\" src=\"https:\/\/valitec.co\/sitioweb\/wp-content\/uploads\/2023\/04\/fabricante.jpg\" alt=\"\" width=\"284\" height=\"103\" srcset=\"https:\/\/valitec.co\/sitioweb\/wp-content\/uploads\/2023\/04\/fabricante.jpg 706w, https:\/\/valitec.co\/sitioweb\/wp-content\/uploads\/2023\/04\/fabricante-300x109.jpg 300w, https:\/\/valitec.co\/sitioweb\/wp-content\/uploads\/2023\/04\/fabricante-600x218.jpg 600w, https:\/\/valitec.co\/sitioweb\/wp-content\/uploads\/2023\/04\/fabricante-90x33.jpg 90w\" sizes=\"(max-width: 284px) 100vw, 284px\" \/><\/p>\n","protected":false},"excerpt":{"rendered":"<p>Accesorios Filtros de Gas Super Clean<\/p>\n<ul>\n<li><strong>Placa Base<\/strong><\/li>\n<\/ul>\n<p>Los sistemas de cartuchos hacen que el cambio de los filtros de gas sea r\u00e1pido y f\u00e1cil. Una placa base permite cambiar los cartuchos sin introducir ox\u00edgeno. Las v\u00e1lvulas de retenci\u00f3n con resorte se sellan cuando se retira un filtro y se abren s\u00f3lo cuando un nuevo filtro se ha bloqueado en su lugar. Ya no es necesario aflojar y apretar los accesorios cada vez que se cambia una trampa y su sistema no se contaminar\u00e1 durante el proceso.<\/p>\n<p><strong>Filtro de part\u00edculas para LC\/MS<\/strong><br \/>\nFiltro de part\u00edculas de 0,5 micrones<\/p>\n","protected":false},"featured_media":3253,"template":"","meta":{"_eb_attr":""},"product_brand":[],"product_cat":[92],"product_tag":[],"class_list":{"0":"post-3252","1":"product","2":"type-product","3":"status-publish","4":"has-post-thumbnail","6":"product_cat-purificadores-de-gases","8":"first","9":"instock","10":"shipping-taxable","11":"product-type-simple"},"_links":{"self":[{"href":"https:\/\/valitec.co\/sitioweb\/wp-json\/wp\/v2\/product\/3252","targetHints":{"allow":["GET"]}}],"collection":[{"href":"https:\/\/valitec.co\/sitioweb\/wp-json\/wp\/v2\/product"}],"about":[{"href":"https:\/\/valitec.co\/sitioweb\/wp-json\/wp\/v2\/types\/product"}],"wp:featuredmedia":[{"embeddable":true,"href":"https:\/\/valitec.co\/sitioweb\/wp-json\/wp\/v2\/media\/3253"}],"wp:attachment":[{"href":"https:\/\/valitec.co\/sitioweb\/wp-json\/wp\/v2\/media?parent=3252"}],"wp:term":[{"taxonomy":"product_brand","embeddable":true,"href":"https:\/\/valitec.co\/sitioweb\/wp-json\/wp\/v2\/product_brand?post=3252"},{"taxonomy":"product_cat","embeddable":true,"href":"https:\/\/valitec.co\/sitioweb\/wp-json\/wp\/v2\/product_cat?post=3252"},{"taxonomy":"product_tag","embeddable":true,"href":"https:\/\/valitec.co\/sitioweb\/wp-json\/wp\/v2\/product_tag?post=3252"}],"curies":[{"name":"wp","href":"https:\/\/api.w.org\/{rel}","templated":true}]}}