{"id":3250,"date":"2023-04-03T11:10:22","date_gmt":"2023-04-03T11:10:22","guid":{"rendered":"https:\/\/valitec.co\/sitioweb\/?post_type=product&#038;p=3250"},"modified":"2023-04-03T11:11:51","modified_gmt":"2023-04-03T11:11:51","slug":"trampas-grandes-en-linea-super-clean-click-on","status":"publish","type":"product","link":"https:\/\/valitec.co\/sitioweb\/product\/trampas-grandes-en-linea-super-clean-click-on\/","title":{"rendered":"Trampas grandes en L\u00ednea Super-Clean Click-On"},"content":{"rendered":"<p>Material\u00a0 \u00a0 \u00a0 \u00a0 \u00a0 \u00a0 \u00a0 \u00a0 \u00a0 \u00a0Acero inoxidable<\/p>\n<p>Longitud\u00a0 \u00a0 \u00a0 \u00a0 \u00a0 \u00a0 \u00a0 \u00a0 \u00a0 22 inch<\/p>\n<p>Di\u00e1metro\u00a0 \u00a0 \u00a0 \u00a0 \u00a0 \u00a0 \u00a0 \u00a0 \u00a02,5 inch<\/p>\n<p>Max. Presi\u00f3n de entrada 1000 psi<\/p>\n<p>Max. Flujo (GC\/MS) 8L\/min<\/p>\n<p>Max. Flujo (LC\/MS) 25L\/min<\/p>\n<p>Ca\u00edda de presi\u00f3n\u00a0 \u00a0 0,30 psi<\/p>\n<h3><a href=\"https:\/\/www.teknokroma.es\/media\/3675\/gc_lq.pdf\" rel=\"nofollow noopener\" target=\"_blank\">Descarga cat\u00e1logo\u00a0<\/a><\/h3>\n<h3><a href=\"https:\/\/www.teknokroma.es\/media\/3718\/sgt_cat.pdf\" rel=\"nofollow noopener\" target=\"_blank\">Filtros SGT<\/a><\/h3>\n<h3><a href=\"https:\/\/www.teknokroma.es\/media\/4357\/big-trap-brochure-2015.pdf\" rel=\"nofollow noopener\" target=\"_blank\">Brig Trap brochure<\/a><\/h3>\n<p>Fabricante:<\/p>\n<p><img decoding=\"async\" class=\"alignnone wp-image-3246\" src=\"https:\/\/valitec.co\/sitioweb\/wp-content\/uploads\/2023\/04\/fabricante.jpg\" alt=\"\" width=\"270\" height=\"98\" srcset=\"https:\/\/valitec.co\/sitioweb\/wp-content\/uploads\/2023\/04\/fabricante.jpg 706w, https:\/\/valitec.co\/sitioweb\/wp-content\/uploads\/2023\/04\/fabricante-300x109.jpg 300w, https:\/\/valitec.co\/sitioweb\/wp-content\/uploads\/2023\/04\/fabricante-600x218.jpg 600w, https:\/\/valitec.co\/sitioweb\/wp-content\/uploads\/2023\/04\/fabricante-90x33.jpg 90w\" sizes=\"(max-width: 270px) 100vw, 270px\" \/><\/p>\n","protected":false},"excerpt":{"rendered":"<p>El Gas portador debe contener menos de 1 PPM de ox\u00edgeno, humedad u otros contaminantes, para prevenir la degradaci\u00f3n de la columna, aumentar la vida \u00fatil y la disminuci\u00f3n de sangrado de la fase estacionaria. Las trampas Super Big Trap Click-On Inline contribuir\u00e1n definitivamente a conseguir esta pureza y obtener unos resultados cromatogr\u00e1ficos libres de picos fantasma, permitiendo analizar trazas de compuestos. Mejorar\u00e1 el rendimiento del sistema, disminuir\u00e1 tiempo y coste en el mantenimiento de los equipos.<\/p>\n<p>Las ventajas de utilizar las trampas grandes \u201cSuper Big Trap\u201d en l\u00ednea de gas con conectores adaptadores Click-On, permiten cambiar los cartuchos en l\u00ednea sin introducir ox\u00edgeno. Las v\u00e1lvulas de retenci\u00f3n accionadas por resorte sellan cuando se quita un filtro y se abren solo cuando se ha bloqueado un nuevo filtro en su lugar. No hay necesidad de aflojar y apretar los accesorios cada vez que se cambia una trampa y su sistema no se contaminar\u00e1 durante el proceso.<\/p>\n<p>El gas Make-up, tambi\u00e9n deber\u00eda estar libre de contaminantes como el agua e hidrocarburos para evitar ruido en el detector.<\/p>\n","protected":false},"featured_media":3251,"template":"","meta":{"_eb_attr":""},"product_brand":[],"product_cat":[92],"product_tag":[],"class_list":{"0":"post-3250","1":"product","2":"type-product","3":"status-publish","4":"has-post-thumbnail","6":"product_cat-purificadores-de-gases","8":"first","9":"instock","10":"shipping-taxable","11":"product-type-simple"},"_links":{"self":[{"href":"https:\/\/valitec.co\/sitioweb\/wp-json\/wp\/v2\/product\/3250","targetHints":{"allow":["GET"]}}],"collection":[{"href":"https:\/\/valitec.co\/sitioweb\/wp-json\/wp\/v2\/product"}],"about":[{"href":"https:\/\/valitec.co\/sitioweb\/wp-json\/wp\/v2\/types\/product"}],"wp:featuredmedia":[{"embeddable":true,"href":"https:\/\/valitec.co\/sitioweb\/wp-json\/wp\/v2\/media\/3251"}],"wp:attachment":[{"href":"https:\/\/valitec.co\/sitioweb\/wp-json\/wp\/v2\/media?parent=3250"}],"wp:term":[{"taxonomy":"product_brand","embeddable":true,"href":"https:\/\/valitec.co\/sitioweb\/wp-json\/wp\/v2\/product_brand?post=3250"},{"taxonomy":"product_cat","embeddable":true,"href":"https:\/\/valitec.co\/sitioweb\/wp-json\/wp\/v2\/product_cat?post=3250"},{"taxonomy":"product_tag","embeddable":true,"href":"https:\/\/valitec.co\/sitioweb\/wp-json\/wp\/v2\/product_tag?post=3250"}],"curies":[{"name":"wp","href":"https:\/\/api.w.org\/{rel}","templated":true}]}}