{"id":3247,"date":"2023-04-03T11:05:11","date_gmt":"2023-04-03T11:05:11","guid":{"rendered":"https:\/\/valitec.co\/sitioweb\/?post_type=product&#038;p=3247"},"modified":"2023-04-03T11:05:11","modified_gmt":"2023-04-03T11:05:11","slug":"trampas-en-linea-click-on","status":"publish","type":"product","link":"https:\/\/valitec.co\/sitioweb\/product\/trampas-en-linea-click-on\/","title":{"rendered":"Trampas en l\u00ednea Click-On"},"content":{"rendered":"<h5>Selecci\u00f3n de filtros seg\u00fan aplicaciones<\/h5>\n<p><strong>ECD y MS<\/strong>\u00a0Triple filtro para eliminar O2\/Humedad\/Hidrocarburos del gas portador<\/p>\n<p>&nbsp;<\/p>\n<p><strong>GC\/MS<\/strong>\u00a0Triple filtros espec\u00edficos para el Helio del gas portador, elimina la<\/p>\n<p>O2\/ Humedad\/Hidrocarburos y est\u00e1 condicionado con Helio<\/p>\n<p>&nbsp;<\/p>\n<p><strong>FID<\/strong>\u00a0Filtros de alta capacidad para eliminar O2\/humedad\/hidrocarburos<\/p>\n<p>del gas portador y 2 combi filtros de alta capacidad para eliminar la<\/p>\n<p>humedad e hidrocarburos de los gases de combusti\u00f3n H2 y aire para FID<\/p>\n<p>&nbsp;<\/p>\n<p><strong>LC\/MS<\/strong>\u00a0Filtros para purificar el N2 de Hidrocarburos y un filtro de part\u00edculas para el aire<\/p>\n<p>&nbsp;<\/p>\n<p><strong>TOC<\/strong>\u00a0Filtro para eliminaci\u00f3n de di\u00f3xido de carbono y azufre de<\/p>\n<p>una corriente de gas se usa en combinaci\u00f3n de un filtro de humedad<\/p>\n<h3><a href=\"https:\/\/www.teknokroma.es\/media\/3675\/gc_lq.pdf\" rel=\"nofollow noopener\" target=\"_blank\">Descarga cat\u00e1logo general<\/a><\/h3>\n<h3><a href=\"https:\/\/www.teknokroma.es\/media\/3718\/sgt_cat.pdf\" rel=\"nofollow noopener\" target=\"_blank\">Filtros SGT<\/a><\/h3>\n<h3><a href=\"https:\/\/www.teknokroma.es\/media\/4356\/click-on-brochure-2015.pdf\" rel=\"nofollow noopener\" target=\"_blank\">Click-On Brochure<\/a><\/h3>\n<p>Fabricante:<\/p>\n<p><img decoding=\"async\" class=\"alignnone  wp-image-3246\" src=\"https:\/\/valitec.co\/sitioweb\/wp-content\/uploads\/2023\/04\/fabricante.jpg\" alt=\"\" width=\"323\" height=\"117\" srcset=\"https:\/\/valitec.co\/sitioweb\/wp-content\/uploads\/2023\/04\/fabricante.jpg 706w, https:\/\/valitec.co\/sitioweb\/wp-content\/uploads\/2023\/04\/fabricante-300x109.jpg 300w, https:\/\/valitec.co\/sitioweb\/wp-content\/uploads\/2023\/04\/fabricante-600x218.jpg 600w, https:\/\/valitec.co\/sitioweb\/wp-content\/uploads\/2023\/04\/fabricante-90x33.jpg 90w\" sizes=\"(max-width: 323px) 100vw, 323px\" \/><\/p>\n","protected":false},"excerpt":{"rendered":"<p>El Gas portador debe contener menos de 1 PPM de ox\u00edgeno, humedad u otros contaminantes, para prevenir la degradaci\u00f3n de la columna, aumentar la vida \u00fatil y la disminuci\u00f3n de sangrado de la fase estacionaria.<\/p>\n<p>Las trampas Click-On Inline contribuir\u00e1n definitivamente a conseguir esta pureza y obtener unos resultados cromatogr\u00e1ficos libres de picos fantasma, permitiendo analizar trazas de compuestos. Mejorar\u00e1 el rendimiento del sistema, disminuir\u00e1 tiempo y coste en el mantenimiento de los equipos.<\/p>\n<p>Las ventajas de utilizar los purificadores de l\u00ednea de gas con conectores Click-On, permiten el intercambio de cartuchos en l\u00ednea sin introducir ox\u00edgeno. Las v\u00e1lvulas de retenci\u00f3n accionadas por resorte sellan cuando se quita un filtro y se abren solo cuando se ha bloqueado un nuevo filtro en su lugar. No hay necesidad de aflojar y apretar los accesorios cada vez que se cambia una trampa y su sistema no se contaminar\u00e1 durante el proceso.<\/p>\n<p>El gas Make-up, tambi\u00e9n deber\u00eda estar libre de contaminantes como el agua e hidrocarburos para evitar ruido en el detector.<\/p>\n<p>&nbsp;<\/p>\n<p>Caracter\u00edsticas<\/p>\n<p>\u2022 Alta Capacidad de Retenci\u00f3n de Impurezas.<\/p>\n<p>\u2022 La Trampa Proporciona un Gas del Salida del 99.9999% de pureza<\/p>\n<p>\u2022 Conectores Click-On facilita el Cambio de Cartucho r\u00e1pido y seguro<\/p>\n<p>\u2022 Trampa polim\u00e9rica con Interior de vidrio previene la difusi\u00f3n de contaminantes.<\/p>\n<p>\u2022 Trampa de acero, con mayor capacidad de retenci\u00f3n.<\/p>\n<p>\u2022 Indicador de Trampa Agotada.<\/p>\n<p>\u00b7 Todos los materiales utilizados son reciclables o renovables.<\/p>\n<p>\u00b7 Trampas espec\u00edficas para helio e hidr\u00f3geno disponibles<\/p>\n<p>\u00b7 Cada filtro est\u00e1 gestionado por un n\u00famero de serie \u00fanico<\/p>\n","protected":false},"featured_media":3248,"template":"","meta":{"_eb_attr":""},"product_brand":[],"product_cat":[92],"product_tag":[],"class_list":{"0":"post-3247","1":"product","2":"type-product","3":"status-publish","4":"has-post-thumbnail","6":"product_cat-purificadores-de-gases","8":"first","9":"instock","10":"shipping-taxable","11":"product-type-simple"},"_links":{"self":[{"href":"https:\/\/valitec.co\/sitioweb\/wp-json\/wp\/v2\/product\/3247","targetHints":{"allow":["GET"]}}],"collection":[{"href":"https:\/\/valitec.co\/sitioweb\/wp-json\/wp\/v2\/product"}],"about":[{"href":"https:\/\/valitec.co\/sitioweb\/wp-json\/wp\/v2\/types\/product"}],"wp:featuredmedia":[{"embeddable":true,"href":"https:\/\/valitec.co\/sitioweb\/wp-json\/wp\/v2\/media\/3248"}],"wp:attachment":[{"href":"https:\/\/valitec.co\/sitioweb\/wp-json\/wp\/v2\/media?parent=3247"}],"wp:term":[{"taxonomy":"product_brand","embeddable":true,"href":"https:\/\/valitec.co\/sitioweb\/wp-json\/wp\/v2\/product_brand?post=3247"},{"taxonomy":"product_cat","embeddable":true,"href":"https:\/\/valitec.co\/sitioweb\/wp-json\/wp\/v2\/product_cat?post=3247"},{"taxonomy":"product_tag","embeddable":true,"href":"https:\/\/valitec.co\/sitioweb\/wp-json\/wp\/v2\/product_tag?post=3247"}],"curies":[{"name":"wp","href":"https:\/\/api.w.org\/{rel}","templated":true}]}}